{"id":4736,"date":"2024-08-09T14:13:50","date_gmt":"2024-08-09T14:13:50","guid":{"rendered":"https:\/\/www.fletxstore.com\/?post_type=product&#038;p=4736"},"modified":"2024-08-09T14:16:07","modified_gmt":"2024-08-09T14:16:07","slug":"maxter-transmisiones-80w90-api-gl-5-caja-4-galones","status":"publish","type":"product","link":"https:\/\/www.fletxstore.com\/index.php\/producto\/maxter-transmisiones-80w90-api-gl-5-caja-4-galones\/","title":{"rendered":"MAXTER TRANSMISIONES 80W90 API GL-5 (Caja 4 Galones)"},"content":{"rendered":"<p>Nivel de calidad: API GL-5. MAN 342 M2; ZF TE-ML12E<\/p>\n","protected":false},"excerpt":{"rendered":"<p>&gt; Tecnolog\u00eda que satisface los requerimientos de fabricantes de cajas de engranajes automotrices, transmisiones manuales (no sincronizadas) y de maquinaria off-highway, en diferenciales y cajas de transferencia donde usa 80W-90.<br \/>\n&gt; Protecci\u00f3n de extrema presi\u00f3n en la transmisi\u00f3n de potencia, cargas severas e impacto.<br \/>\n&gt; Lubricante neutro a la corrosi\u00f3n en aleaciones de cobre.<br \/>\nextendidosiedad antiespumante, resistencia a la oxidaci\u00f3n del aceite para cambios<br \/>\n&gt; Multigrado que mantiene la pel\u00edcula lubricante en diferentes temperaturas y RPM<br \/>\nde operaci\u00f3n.<\/p>\n","protected":false},"featured_media":4737,"comment_status":"open","ping_status":"closed","template":"","meta":[],"product_cat":[253,244,269,249],"product_tag":[],"class_list":["post-4736","product","type-product","status-publish","has-post-thumbnail","hentry","product_cat-80w-90","product_cat-caja","product_cat-maxter-transmision","product_cat-transmision"],"jetpack_sharing_enabled":true,"_links":{"self":[{"href":"https:\/\/www.fletxstore.com\/index.php\/wp-json\/wp\/v2\/product\/4736","targetHints":{"allow":["GET"]}}],"collection":[{"href":"https:\/\/www.fletxstore.com\/index.php\/wp-json\/wp\/v2\/product"}],"about":[{"href":"https:\/\/www.fletxstore.com\/index.php\/wp-json\/wp\/v2\/types\/product"}],"replies":[{"embeddable":true,"href":"https:\/\/www.fletxstore.com\/index.php\/wp-json\/wp\/v2\/comments?post=4736"}],"version-history":[{"count":1,"href":"https:\/\/www.fletxstore.com\/index.php\/wp-json\/wp\/v2\/product\/4736\/revisions"}],"predecessor-version":[{"id":4738,"href":"https:\/\/www.fletxstore.com\/index.php\/wp-json\/wp\/v2\/product\/4736\/revisions\/4738"}],"wp:featuredmedia":[{"embeddable":true,"href":"https:\/\/www.fletxstore.com\/index.php\/wp-json\/wp\/v2\/media\/4737"}],"wp:attachment":[{"href":"https:\/\/www.fletxstore.com\/index.php\/wp-json\/wp\/v2\/media?parent=4736"}],"wp:term":[{"taxonomy":"product_cat","embeddable":true,"href":"https:\/\/www.fletxstore.com\/index.php\/wp-json\/wp\/v2\/product_cat?post=4736"},{"taxonomy":"product_tag","embeddable":true,"href":"https:\/\/www.fletxstore.com\/index.php\/wp-json\/wp\/v2\/product_tag?post=4736"}],"curies":[{"name":"wp","href":"https:\/\/api.w.org\/{rel}","templated":true}]}}