{"id":4721,"date":"2024-08-09T12:44:38","date_gmt":"2024-08-09T12:44:38","guid":{"rendered":"https:\/\/www.fletxstore.com\/?post_type=product&#038;p=4721"},"modified":"2024-08-09T12:45:40","modified_gmt":"2024-08-09T12:45:40","slug":"maxter-diferenciales-85w140-api-gl-5-mini-tambor-15-gl","status":"publish","type":"product","link":"https:\/\/www.fletxstore.com\/index.php\/producto\/maxter-diferenciales-85w140-api-gl-5-mini-tambor-15-gl\/","title":{"rendered":"MAXTER DIFERENCIALES 85W140 API GL-5 (Mini Tambor 15 GL)"},"content":{"rendered":"<p>Nivel de calidad: API GL-5. MAN 342 M2; ZF TE-ML12E.<\/p>\n","protected":false},"excerpt":{"rendered":"<p>&gt; Tecnolog\u00eda que satisface requerimientos de fabricantes de hipoidales speed-corona, planetarios y sat\u00e9lites del conjunto de engranajes de las diferenciales.<br \/>\n&gt; Protecci\u00f3n de extrema presi\u00f3n en la transmisi\u00f3n de potencia, cargas severas e impacto.<br \/>\n&gt; Lubricante neutro a la corrosi\u00f3n en aleaciones de cobre.<br \/>\n&gt; Buena propiedad antiespumante, resistencia a la oxidaci\u00f3n del aceite para cambios extendidos.<br \/>\n&gt; Multigrado que mantiene la pel\u00edcula lubricante en diferentes temperaturas y<br \/>\nRPM de operaci\u00f3n.<\/p>\n","protected":false},"featured_media":4648,"comment_status":"open","ping_status":"closed","template":"","meta":[],"product_cat":[252,267,268,262],"product_tag":[],"class_list":["post-4721","product","type-product","status-publish","has-post-thumbnail","hentry","product_cat-85w-140","product_cat-diferenciales","product_cat-maxter-diferenciales","product_cat-mini-tambor"],"jetpack_sharing_enabled":true,"_links":{"self":[{"href":"https:\/\/www.fletxstore.com\/index.php\/wp-json\/wp\/v2\/product\/4721","targetHints":{"allow":["GET"]}}],"collection":[{"href":"https:\/\/www.fletxstore.com\/index.php\/wp-json\/wp\/v2\/product"}],"about":[{"href":"https:\/\/www.fletxstore.com\/index.php\/wp-json\/wp\/v2\/types\/product"}],"replies":[{"embeddable":true,"href":"https:\/\/www.fletxstore.com\/index.php\/wp-json\/wp\/v2\/comments?post=4721"}],"version-history":[{"count":1,"href":"https:\/\/www.fletxstore.com\/index.php\/wp-json\/wp\/v2\/product\/4721\/revisions"}],"predecessor-version":[{"id":4722,"href":"https:\/\/www.fletxstore.com\/index.php\/wp-json\/wp\/v2\/product\/4721\/revisions\/4722"}],"wp:featuredmedia":[{"embeddable":true,"href":"https:\/\/www.fletxstore.com\/index.php\/wp-json\/wp\/v2\/media\/4648"}],"wp:attachment":[{"href":"https:\/\/www.fletxstore.com\/index.php\/wp-json\/wp\/v2\/media?parent=4721"}],"wp:term":[{"taxonomy":"product_cat","embeddable":true,"href":"https:\/\/www.fletxstore.com\/index.php\/wp-json\/wp\/v2\/product_cat?post=4721"},{"taxonomy":"product_tag","embeddable":true,"href":"https:\/\/www.fletxstore.com\/index.php\/wp-json\/wp\/v2\/product_tag?post=4721"}],"curies":[{"name":"wp","href":"https:\/\/api.w.org\/{rel}","templated":true}]}}