{"id":4718,"date":"2024-08-09T12:39:41","date_gmt":"2024-08-09T12:39:41","guid":{"rendered":"https:\/\/www.fletxstore.com\/?post_type=product&#038;p=4718"},"modified":"2024-08-09T13:54:28","modified_gmt":"2024-08-09T13:54:28","slug":"maxter-diferenciales-85w140-api-gl-5-caja-4galones","status":"publish","type":"product","link":"https:\/\/www.fletxstore.com\/index.php\/producto\/maxter-diferenciales-85w140-api-gl-5-caja-4galones\/","title":{"rendered":"MAXTER DIFERENCIALES 85W140 API GL-5 (Caja 4Galones)"},"content":{"rendered":"<p>Nivel de calidad: API GL-5. MAN 342 M2; ZF TE-ML12E.<\/p>\n","protected":false},"excerpt":{"rendered":"<p>&gt; Tecnolog\u00eda que satisface requerimientos de fabricantes de hipoidales speed-corona, planetarios y sat\u00e9lites del conjunto de engranajes de las diferenciales.<br \/>\n&gt; Protecci\u00f3n de extrema presi\u00f3n en la transmisi\u00f3n de potencia, cargas severas e impacto.<br \/>\n&gt; Lubricante neutro a la corrosi\u00f3n en aleaciones de cobre.<br \/>\n&gt; Buena propiedad antiespumante, resistencia a la oxidaci\u00f3n del aceite para cambios extendidos.<br \/>\n&gt; Multigrado que mantiene la pel\u00edcula lubricante en diferentes temperaturas y<br \/>\nRPM de operaci\u00f3n.<\/p>\n","protected":false},"featured_media":4727,"comment_status":"open","ping_status":"closed","template":"","meta":[],"product_cat":[252,244,267,268],"product_tag":[],"class_list":["post-4718","product","type-product","status-publish","has-post-thumbnail","hentry","product_cat-85w-140","product_cat-caja","product_cat-diferenciales","product_cat-maxter-diferenciales"],"jetpack_sharing_enabled":true,"_links":{"self":[{"href":"https:\/\/www.fletxstore.com\/index.php\/wp-json\/wp\/v2\/product\/4718","targetHints":{"allow":["GET"]}}],"collection":[{"href":"https:\/\/www.fletxstore.com\/index.php\/wp-json\/wp\/v2\/product"}],"about":[{"href":"https:\/\/www.fletxstore.com\/index.php\/wp-json\/wp\/v2\/types\/product"}],"replies":[{"embeddable":true,"href":"https:\/\/www.fletxstore.com\/index.php\/wp-json\/wp\/v2\/comments?post=4718"}],"version-history":[{"count":1,"href":"https:\/\/www.fletxstore.com\/index.php\/wp-json\/wp\/v2\/product\/4718\/revisions"}],"predecessor-version":[{"id":4720,"href":"https:\/\/www.fletxstore.com\/index.php\/wp-json\/wp\/v2\/product\/4718\/revisions\/4720"}],"wp:featuredmedia":[{"embeddable":true,"href":"https:\/\/www.fletxstore.com\/index.php\/wp-json\/wp\/v2\/media\/4727"}],"wp:attachment":[{"href":"https:\/\/www.fletxstore.com\/index.php\/wp-json\/wp\/v2\/media?parent=4718"}],"wp:term":[{"taxonomy":"product_cat","embeddable":true,"href":"https:\/\/www.fletxstore.com\/index.php\/wp-json\/wp\/v2\/product_cat?post=4718"},{"taxonomy":"product_tag","embeddable":true,"href":"https:\/\/www.fletxstore.com\/index.php\/wp-json\/wp\/v2\/product_tag?post=4718"}],"curies":[{"name":"wp","href":"https:\/\/api.w.org\/{rel}","templated":true}]}}