{"id":4659,"date":"2024-08-08T17:05:25","date_gmt":"2024-08-08T17:05:25","guid":{"rendered":"https:\/\/www.fletxstore.com\/?post_type=product&#038;p=4659"},"modified":"2024-08-08T17:06:14","modified_gmt":"2024-08-08T17:06:14","slug":"maxter-10w40-avanzado-pro-ck-4-synthetic-blend-tambor-55-galones","status":"publish","type":"product","link":"https:\/\/www.fletxstore.com\/index.php\/producto\/maxter-10w40-avanzado-pro-ck-4-synthetic-blend-tambor-55-galones\/","title":{"rendered":"MAXTER 10W40 AVANZADO PRO CK-4 SYNTHETIC BLEND (Tambor 55 Galones)"},"content":{"rendered":"<p>Nivel de calidad: Satisface requisitos de: API CK-4\/SN, ACEA E9-16, Caterpillar<br \/>\nECF-3; Cummins CES 20086, 20081; Detroit Diesel DDC PGOS 93K222, 218 Mack EOS 4.5, E0-0 Premium Plus, Daimler MB 228.31 y 228.3 Deutz DOC III-10 LA and III-18 LA, MAN M3575, MTU Type 2.1, Renault RLD-4, and Volvo VDS-4.5. Ford WSS-M2C171-F1.<\/p>\n","protected":false},"excerpt":{"rendered":"<p>&gt; Aceite semisint\u00e9tico -Low Saps para todo tipo de motor diesel turboalimentado de severo desempe\u00f1o.<br \/>\n&gt; Tecnolog\u00eda que mantiene excelente pel\u00edcula lubricante en diferentes temperaturas y RPM del motor.<br \/>\n&gt; Protecci\u00f3n superior contra el desgaste.<br \/>\n&gt; Optima limpieza y dispersi\u00f3n de holl\u00edn facilitando el filtrado.<br \/>\n&gt; Neutralizaci\u00f3n de \u00e1cidos corrosivos de la combusti\u00f3n.<br \/>\n&gt; Proporciona mayor resistencia a la oxidaci\u00f3n del aceite para cambios extendidos.<br \/>\n&gt; Protecci\u00f3n en los sistemas de tratamientos de gases de escape (EATS).<br \/>\n&gt; Extensa vida \u00fatil al motor.<\/p>\n","protected":false},"featured_media":4648,"comment_status":"open","ping_status":"closed","template":"","meta":[],"product_cat":[261,244,241,246],"product_tag":[],"class_list":["post-4659","product","type-product","status-publish","has-post-thumbnail","hentry","product_cat-10w-40","product_cat-caja","product_cat-maxter","product_cat-semisintetico"],"jetpack_sharing_enabled":true,"_links":{"self":[{"href":"https:\/\/www.fletxstore.com\/index.php\/wp-json\/wp\/v2\/product\/4659","targetHints":{"allow":["GET"]}}],"collection":[{"href":"https:\/\/www.fletxstore.com\/index.php\/wp-json\/wp\/v2\/product"}],"about":[{"href":"https:\/\/www.fletxstore.com\/index.php\/wp-json\/wp\/v2\/types\/product"}],"replies":[{"embeddable":true,"href":"https:\/\/www.fletxstore.com\/index.php\/wp-json\/wp\/v2\/comments?post=4659"}],"version-history":[{"count":1,"href":"https:\/\/www.fletxstore.com\/index.php\/wp-json\/wp\/v2\/product\/4659\/revisions"}],"predecessor-version":[{"id":4660,"href":"https:\/\/www.fletxstore.com\/index.php\/wp-json\/wp\/v2\/product\/4659\/revisions\/4660"}],"wp:featuredmedia":[{"embeddable":true,"href":"https:\/\/www.fletxstore.com\/index.php\/wp-json\/wp\/v2\/media\/4648"}],"wp:attachment":[{"href":"https:\/\/www.fletxstore.com\/index.php\/wp-json\/wp\/v2\/media?parent=4659"}],"wp:term":[{"taxonomy":"product_cat","embeddable":true,"href":"https:\/\/www.fletxstore.com\/index.php\/wp-json\/wp\/v2\/product_cat?post=4659"},{"taxonomy":"product_tag","embeddable":true,"href":"https:\/\/www.fletxstore.com\/index.php\/wp-json\/wp\/v2\/product_tag?post=4659"}],"curies":[{"name":"wp","href":"https:\/\/api.w.org\/{rel}","templated":true}]}}