{"id":4647,"date":"2024-08-08T16:17:52","date_gmt":"2024-08-08T16:17:52","guid":{"rendered":"https:\/\/www.fletxstore.com\/?post_type=product&#038;p=4647"},"modified":"2024-08-08T16:19:58","modified_gmt":"2024-08-08T16:19:58","slug":"maxter-15w40-avanzado-api-ck-4-tambor-55-gl","status":"publish","type":"product","link":"https:\/\/www.fletxstore.com\/index.php\/producto\/maxter-15w40-avanzado-api-ck-4-tambor-55-gl\/","title":{"rendered":"MAXTER 15W40 AVANZADO API CK-4 (Tambor 55 Gl)"},"content":{"rendered":"<ul>\n<li>Aceite \u2013Low Saps para todo tipo de motor diesel turboalimentado de alto desempe\u00f1o.<\/li>\n<li>Satisface los requerimientos de los fabricantes de motores OEM\u2019s.<\/li>\n<li>Protecci\u00f3n contra el desgaste.<\/li>\n<li>Proporciona limpieza y dispersi\u00f3n de holl\u00edn.<\/li>\n<li>Neutralizaci\u00f3n de \u00e1cidos corrosivos de la combusti\u00f3n.<\/li>\n<li>Control de la oxidaci\u00f3n del aceite para cambios extendidos.<\/li>\n<li>Protecci\u00f3n en los sistemas de tratamientos de gases de escape (EATS).<\/li>\n<li>Extensa vida \u00fatil al motor.<\/li>\n<\/ul>\n","protected":false},"excerpt":{"rendered":"<p><strong>Nivel de calidad<\/strong>: Satisface requisitos de: API CK-4\/SN, ACEA E9-16, Caterpillar ECF-3; Cummins CES 20086, 20081; Detroit Diesel DDC PGOS 93K222, 218 Mack EOS 4.5, EO-O Premium Plus, Daimler MB 228.31 y 228.3 Deutz DQC III-10 LA and III-18 LA, MAN M3575, MTU Type 2.1, Renault RLD-4, and Volvo VDS-4.5. Ford WSS-M2C171-F1.<\/p>\n","protected":false},"featured_media":4648,"comment_status":"open","ping_status":"closed","template":"","meta":[],"product_cat":[190,185,241,246,242],"product_tag":[],"class_list":["post-4647","product","type-product","status-publish","has-post-thumbnail","hentry","product_cat-15w-40","product_cat-lubricantes","product_cat-maxter","product_cat-semisintetico","product_cat-tambor"],"jetpack_sharing_enabled":true,"_links":{"self":[{"href":"https:\/\/www.fletxstore.com\/index.php\/wp-json\/wp\/v2\/product\/4647","targetHints":{"allow":["GET"]}}],"collection":[{"href":"https:\/\/www.fletxstore.com\/index.php\/wp-json\/wp\/v2\/product"}],"about":[{"href":"https:\/\/www.fletxstore.com\/index.php\/wp-json\/wp\/v2\/types\/product"}],"replies":[{"embeddable":true,"href":"https:\/\/www.fletxstore.com\/index.php\/wp-json\/wp\/v2\/comments?post=4647"}],"version-history":[{"count":1,"href":"https:\/\/www.fletxstore.com\/index.php\/wp-json\/wp\/v2\/product\/4647\/revisions"}],"predecessor-version":[{"id":4649,"href":"https:\/\/www.fletxstore.com\/index.php\/wp-json\/wp\/v2\/product\/4647\/revisions\/4649"}],"wp:featuredmedia":[{"embeddable":true,"href":"https:\/\/www.fletxstore.com\/index.php\/wp-json\/wp\/v2\/media\/4648"}],"wp:attachment":[{"href":"https:\/\/www.fletxstore.com\/index.php\/wp-json\/wp\/v2\/media?parent=4647"}],"wp:term":[{"taxonomy":"product_cat","embeddable":true,"href":"https:\/\/www.fletxstore.com\/index.php\/wp-json\/wp\/v2\/product_cat?post=4647"},{"taxonomy":"product_tag","embeddable":true,"href":"https:\/\/www.fletxstore.com\/index.php\/wp-json\/wp\/v2\/product_tag?post=4647"}],"curies":[{"name":"wp","href":"https:\/\/api.w.org\/{rel}","templated":true}]}}