{"id":4636,"date":"2024-08-08T16:03:17","date_gmt":"2024-08-08T16:03:17","guid":{"rendered":"https:\/\/www.fletxstore.com\/?post_type=product&#038;p=4636"},"modified":"2026-02-02T14:50:15","modified_gmt":"2026-02-02T14:50:15","slug":"chevron-marfak-multipurpose-2","status":"publish","type":"product","link":"https:\/\/www.fletxstore.com\/index.php\/producto\/chevron-marfak-multipurpose-2\/","title":{"rendered":"CHEVRON MARFAK\u00ae MULTIPURPOSE 2"},"content":{"rendered":"<p><strong>APLICACIONES<\/strong><br \/>\nLa grasa Marfak Multipurpose 2, est\u00e1 recomendada para la lubricaci\u00f3n de veh\u00edculos automotrices y agr\u00edcolas, cuando se especifica una grasa multiprop\u00f3sito, con buena resistencia al lavado por<br \/>\nagua y con estabilidad al cizallamiento.<br \/>\nPuede tambi\u00e9n ser utilizada en rodamientos, acoples universales, cojinetes planos y equipos industriales cuando el fabricante no requiera una grasa de extrema presi\u00f3n.<br \/>\nLa grasa Marfak Multipurpose 2 cumple:<br \/>\n\u2022 <strong>Categor\u00edas automotrices (ASTM D4950)<\/strong><br \/>\n\u2014 GB (para la lubricaci\u00f3n de cubo de rueda en<br \/>\nservicio moderado)<br \/>\n\u2014 LA (para lubricaci\u00f3n de chasis y acoples<br \/>\nuniversales en servicio leve o moderado)<\/p>\n","protected":false},"excerpt":{"rendered":"<p><strong>DESCRIPCI\u00d3N DE PRODUCTO<\/strong><br \/>\nLa grasa Marfak\u00ae Multipurpose 2 es una grasa mineral de jab\u00f3n de litio, multiprop\u00f3sito, grado NLGI 2, con inhibidores de oxidaci\u00f3n y corrosi\u00f3n.<br \/>\n<strong>BENEFICIOS PARA EL CLIENTE<\/strong><br \/>\nLa grasa Marfak Multipurpose 2 proporciona:<br \/>\n\u2022 Excelente resistencia al lavado por agua \u2014 ofrece una alta resistencia al lavado por agua en cojinetes.<br \/>\n\u2022 Excelente protecci\u00f3n contra la corrosi\u00f3n y herrumbre \u2014 protegiendo los rodamientos y cojinetes contra la corrosi\u00f3n, as\u00ed como otras superficies met\u00e1licas, en condiciones de alta humedad.<br \/>\n\u2022 Excelente estabilidad frente al cizallamiento \u2014 manteni\u00e9ndose adherida a los rodamientos, a\u00fan en condiciones severas de uso.<\/p>\n","protected":false},"featured_media":4637,"comment_status":"open","ping_status":"closed","template":"","meta":[],"product_cat":[243,260,259],"product_tag":[],"class_list":["post-4636","product","type-product","status-publish","has-post-thumbnail","hentry","product_cat-balde","product_cat-chevron-grasa-lubricantes","product_cat-grasa-lubricantes"],"jetpack_sharing_enabled":true,"_links":{"self":[{"href":"https:\/\/www.fletxstore.com\/index.php\/wp-json\/wp\/v2\/product\/4636","targetHints":{"allow":["GET"]}}],"collection":[{"href":"https:\/\/www.fletxstore.com\/index.php\/wp-json\/wp\/v2\/product"}],"about":[{"href":"https:\/\/www.fletxstore.com\/index.php\/wp-json\/wp\/v2\/types\/product"}],"replies":[{"embeddable":true,"href":"https:\/\/www.fletxstore.com\/index.php\/wp-json\/wp\/v2\/comments?post=4636"}],"version-history":[{"count":1,"href":"https:\/\/www.fletxstore.com\/index.php\/wp-json\/wp\/v2\/product\/4636\/revisions"}],"predecessor-version":[{"id":4638,"href":"https:\/\/www.fletxstore.com\/index.php\/wp-json\/wp\/v2\/product\/4636\/revisions\/4638"}],"wp:featuredmedia":[{"embeddable":true,"href":"https:\/\/www.fletxstore.com\/index.php\/wp-json\/wp\/v2\/media\/4637"}],"wp:attachment":[{"href":"https:\/\/www.fletxstore.com\/index.php\/wp-json\/wp\/v2\/media?parent=4636"}],"wp:term":[{"taxonomy":"product_cat","embeddable":true,"href":"https:\/\/www.fletxstore.com\/index.php\/wp-json\/wp\/v2\/product_cat?post=4636"},{"taxonomy":"product_tag","embeddable":true,"href":"https:\/\/www.fletxstore.com\/index.php\/wp-json\/wp\/v2\/product_tag?post=4636"}],"curies":[{"name":"wp","href":"https:\/\/api.w.org\/{rel}","templated":true}]}}