{"id":4628,"date":"2024-08-08T15:07:19","date_gmt":"2024-08-08T15:07:19","guid":{"rendered":"https:\/\/www.fletxstore.com\/?post_type=product&#038;p=4628"},"modified":"2024-08-08T15:13:35","modified_gmt":"2024-08-08T15:13:35","slug":"ursa-hd-sae-50-2","status":"publish","type":"product","link":"https:\/\/www.fletxstore.com\/index.php\/producto\/ursa-hd-sae-50-2\/","title":{"rendered":"URSA\u00ae HD SAE 50"},"content":{"rendered":"<p><strong>APLICACIONES<\/strong><br \/>\nUrsa HD SAE 50 est\u00e1 recomendada para motores diesel de cuatro tiempos con aspiraci\u00f3n natural o turbo alimentados de veh\u00edculos de transporte que operan en todo tipo de servicio.<br \/>\nUrsa HD puede ser utilizada en camiones y autobuses, equipos de construcci\u00f3n, miner\u00eda, mar\u00edtimos, equipos agr\u00edcolas, motores estacionarios y otras aplicaciones de servicio severo.<br \/>\nUrsa HD puede ser usado en flotas mixtas, por sus especificaciones para motores a gasolina de cuatro tiempos.<br \/>\nUrsa HD SAE 50 cumple:<br \/>\n<strong>\u2022 Categor\u00edas de servicio API<\/strong><br \/>\n\u2014 CF1\/SF1<\/p>\n","protected":false},"excerpt":{"rendered":"<p><strong>DESCRIPCI\u00d3N DE PRODUCTO<\/strong><br \/>\nUrsa\u00ae HD SAE 50 es aceite monogrado para motores<br \/>\ndiesel que operan en todas las condiciones de servicio.<br \/>\n<strong>BENEFICIOS PARA EL CLIENTE<\/strong><br \/>\nUrsa HD proporciona:<br \/>\n\u2022 Reducci\u00f3n del desgaste \u2014 prolongando la vida \u00fatil de los componentes y reduciendo los costos de mantenimiento.<br \/>\n\u2022 M\u00e1xima limpieza en el motor \u2014 garantizando una operaci\u00f3n eficiente que reduce el consumo de combustible.<br \/>\n\u2022 Larga vida al motor \u2014 debido a los aditivos que protegen las partes con sobrecarga, lo cual minimiza el desgaste.<\/p>\n","protected":false},"featured_media":4629,"comment_status":"open","ping_status":"closed","template":"","meta":[],"product_cat":[243,247,257,240],"product_tag":[],"class_list":["post-4628","product","type-product","status-publish","has-post-thumbnail","hentry","product_cat-balde","product_cat-mineral","product_cat-sae-50","product_cat-ursa"],"jetpack_sharing_enabled":true,"_links":{"self":[{"href":"https:\/\/www.fletxstore.com\/index.php\/wp-json\/wp\/v2\/product\/4628","targetHints":{"allow":["GET"]}}],"collection":[{"href":"https:\/\/www.fletxstore.com\/index.php\/wp-json\/wp\/v2\/product"}],"about":[{"href":"https:\/\/www.fletxstore.com\/index.php\/wp-json\/wp\/v2\/types\/product"}],"replies":[{"embeddable":true,"href":"https:\/\/www.fletxstore.com\/index.php\/wp-json\/wp\/v2\/comments?post=4628"}],"version-history":[{"count":1,"href":"https:\/\/www.fletxstore.com\/index.php\/wp-json\/wp\/v2\/product\/4628\/revisions"}],"predecessor-version":[{"id":4630,"href":"https:\/\/www.fletxstore.com\/index.php\/wp-json\/wp\/v2\/product\/4628\/revisions\/4630"}],"wp:featuredmedia":[{"embeddable":true,"href":"https:\/\/www.fletxstore.com\/index.php\/wp-json\/wp\/v2\/media\/4629"}],"wp:attachment":[{"href":"https:\/\/www.fletxstore.com\/index.php\/wp-json\/wp\/v2\/media?parent=4628"}],"wp:term":[{"taxonomy":"product_cat","embeddable":true,"href":"https:\/\/www.fletxstore.com\/index.php\/wp-json\/wp\/v2\/product_cat?post=4628"},{"taxonomy":"product_tag","embeddable":true,"href":"https:\/\/www.fletxstore.com\/index.php\/wp-json\/wp\/v2\/product_tag?post=4628"}],"curies":[{"name":"wp","href":"https:\/\/api.w.org\/{rel}","templated":true}]}}