{"id":4614,"date":"2024-08-08T14:50:42","date_gmt":"2024-08-08T14:50:42","guid":{"rendered":"https:\/\/www.fletxstore.com\/?post_type=product&#038;p=4614"},"modified":"2024-08-08T15:15:24","modified_gmt":"2024-08-08T15:15:24","slug":"ursa-premium-tdx-plus-sae-15w-40-ci-4-caja-3-galones","status":"publish","type":"product","link":"https:\/\/www.fletxstore.com\/index.php\/producto\/ursa-premium-tdx-plus-sae-15w-40-ci-4-caja-3-galones\/","title":{"rendered":"URSA\u00ae PREMIUM TDX Plus SAE 15W-40 CI-4 (Caja 3 Galones )"},"content":{"rendered":"<p><strong>CARACTER\u00cdSTICAS<\/strong><br \/>\nEl Ursa Premium TDX Plus SAE 15W-40 est\u00e1 formulado con una avanzada tecnolog\u00eda de aditivos que brinda una protecci\u00f3n sobresaliente. Tiene una mezcla \u00f3ptima de las tecnolog\u00edas de aditivos de dispersantes, detergentes, inhibidores de oxidaci\u00f3n, anti desgaste, inhibidores de corrosi\u00f3n, mejoradores de viscosidad y agentes antiespuma.<\/p>\n<p><strong>FUNCIONES<\/strong><br \/>\nEl aceite Ursa Premium TDX Plus SAE 15W-40 ayuda a mantener los anillos de pist\u00f3n limpios y libres para una \u00f3ptima presi\u00f3n y un desgaste m\u00ednimo. El aceite Ursa Premium TDX Plus SAE 15W-40 minimiza los dep\u00f3sitos en las v\u00e1lvulas y coronas de pistones, reduciendo as\u00ed el consumo de aceite. Su alto nivel de detergentes y de dispersantes sin ceniza mantiene el holl\u00edn del<br \/>\ncombustible en suspensi\u00f3n y ayuda a evitar que se tapen los filtros, a disminuir el desgaste por los abrasivos y mantener una adecuada viscosidad. Estos problemas podr\u00edan causar un desgaste excesivo del motor y fallas en los rodamientos, sin aviso previo para el operador<\/p>\n<p>Los aditivos controlan la oxidaci\u00f3n entre los drenados de aceite. Las tecnolog\u00edas antidesgaste protegen contra el desgaste del tren de la v\u00e1lvula y rayadura de las partes que se encuentran sometidas a altas cargadas operando bajo condiciones de lubricaci\u00f3n limitada. Un aditivo antiespumante ayuda a evitar que el aire quede atrapado.<\/p>\n<p><strong>APLICACIONES<\/strong><br \/>\nEl Ursa\u00ae Premium TDX Plus SAE 15W-40 se recomienda para motores a Diesel de cuatro tiempos con aspiraci\u00f3n natural o turboalimentados de veh\u00edculos de transporte que operan en todo tipo de servicio. Es ideal para equipo pesado de construcci\u00f3n, miner\u00eda, mar\u00edtimos, equipos agr\u00edcolas, motores estacionarios y otras aplicaciones de servicio severo. Tambi\u00e9n puede ser usado en motores a gasolina de flotillas mixtas donde desempe\u00f1o API SL y SAE 15W-40 grado de viscosidad se especifican. El Ursa Premium TDX Plus SAE 15W-40 es aprobado:<br \/>\n\u2022 Detroit 93K214<br \/>\n\u2022 Deutz DQC III-10<br \/>\n\u2022 Mack EO-N<br \/>\n\u2022 MAN M 3275-1<br \/>\n\u2022 MB-Approval 228.3<br \/>\n\u2022 MTU Categor\u00eda 2<br \/>\n\u2022 Renault VI RLD-2<br \/>\n\u2022 Volvo VDS-3<br \/>\nEl Ursa Premium TDX Plus SAE 15W-40 satisface los requerimientos de:<br \/>\n\u2022 Categor\u00edas de Servicio API CI-4 Plus, CI-4,<br \/>\nCH-4, SL (con licencia en los Estados Unidos y El Salvador)<br \/>\n\u2022 Secuencias Europeas ACEA E7-16<br \/>\n\u2022 Requerimientos de fabricantes<br \/>\n\u2014 Caterpillar ECF-2<br \/>\n\u2014 Cummins CES 20078<\/p>\n","protected":false},"excerpt":{"rendered":"<p><strong>DESCRIPCI\u00d3N DE PRODUCTO<\/strong><br \/>\nEl producto Ursa\u00ae Premium TDX Plus SAE 15W-40 es un aceite multigrado para motores a Diesel de muy alto rendimiento (super high performance diesel &#8211; SHPD). Est\u00e1 formulado con la Tecnolog\u00eda ISOSYN\u00ae y especialmente dise\u00f1ado para uso en motores turbo alimentados. La Tecnolog\u00eda ISOSYN es una combinaci\u00f3n de aceites base superiores y aditivos de alto desempe\u00f1o con la experiencia en formulaci\u00f3n de Chevron que proporciona una magn\u00edfica protecci\u00f3n para las partes de los motores a Diesel, todo a un valor excepcional. La Tecnolog\u00eda ISOSYN beneficia a los clientes porque ayuda a:<br \/>\n\u2022 Proporcionar protecci\u00f3n prolongada entremantenimiento<br \/>\n\u2022 Maximizar la durabilidad del motor<br \/>\n\u2022 Minimizar los costos de operaci\u00f3n<\/p>\n<p>&nbsp;<\/p>\n","protected":false},"featured_media":4615,"comment_status":"open","ping_status":"closed","template":"","meta":[],"product_cat":[190,244,185,247,240],"product_tag":[],"class_list":["post-4614","product","type-product","status-publish","has-post-thumbnail","hentry","product_cat-15w-40","product_cat-caja","product_cat-lubricantes","product_cat-mineral","product_cat-ursa"],"jetpack_sharing_enabled":true,"_links":{"self":[{"href":"https:\/\/www.fletxstore.com\/index.php\/wp-json\/wp\/v2\/product\/4614","targetHints":{"allow":["GET"]}}],"collection":[{"href":"https:\/\/www.fletxstore.com\/index.php\/wp-json\/wp\/v2\/product"}],"about":[{"href":"https:\/\/www.fletxstore.com\/index.php\/wp-json\/wp\/v2\/types\/product"}],"replies":[{"embeddable":true,"href":"https:\/\/www.fletxstore.com\/index.php\/wp-json\/wp\/v2\/comments?post=4614"}],"version-history":[{"count":3,"href":"https:\/\/www.fletxstore.com\/index.php\/wp-json\/wp\/v2\/product\/4614\/revisions"}],"predecessor-version":[{"id":4631,"href":"https:\/\/www.fletxstore.com\/index.php\/wp-json\/wp\/v2\/product\/4614\/revisions\/4631"}],"wp:featuredmedia":[{"embeddable":true,"href":"https:\/\/www.fletxstore.com\/index.php\/wp-json\/wp\/v2\/media\/4615"}],"wp:attachment":[{"href":"https:\/\/www.fletxstore.com\/index.php\/wp-json\/wp\/v2\/media?parent=4614"}],"wp:term":[{"taxonomy":"product_cat","embeddable":true,"href":"https:\/\/www.fletxstore.com\/index.php\/wp-json\/wp\/v2\/product_cat?post=4614"},{"taxonomy":"product_tag","embeddable":true,"href":"https:\/\/www.fletxstore.com\/index.php\/wp-json\/wp\/v2\/product_tag?post=4614"}],"curies":[{"name":"wp","href":"https:\/\/api.w.org\/{rel}","templated":true}]}}