{"id":4602,"date":"2024-08-08T14:11:41","date_gmt":"2024-08-08T14:11:41","guid":{"rendered":"https:\/\/www.fletxstore.com\/?post_type=product&#038;p=4602"},"modified":"2024-08-08T14:18:01","modified_gmt":"2024-08-08T14:18:01","slug":"chevron-deloelec-prmx-50-50","status":"publish","type":"product","link":"https:\/\/www.fletxstore.com\/index.php\/producto\/chevron-deloelec-prmx-50-50\/","title":{"rendered":"Chevron Delo\u00aeElec Prmx 50\/50"},"content":{"rendered":"<p><strong>BENEFICIOS PARA EL CLIENTE<\/strong><\/p>\n<p>Los productos Delo ELC Antifreeze\/Coolant proporcionan valor a trav\u00e9s de:<br \/>\n\u2022 <strong>Administraci\u00f3n de costos<\/strong> \u2014 Ayuda a eliminar el costo de utilizar SCAS (supplemental coolant additives, aditivos de refrigerante suplementarios), pruebas regulares y la mano de obra requerida para llevar a cabo estas tareas de forma efectiva, eliminando estos costos, cuando se le compara con refrigerantes convencionales o totalmente formulados.\u2022<strong> Larga Vida de Servicio<\/strong> \u2014 1,000,000 millas \/ 1,600,000 km en carretera \/ 15,000 horas fuera de carretera, o 8 a\u00f1os, de protecci\u00f3n del sistema refrigerante de motor di\u00e9sel cuando hay un<br \/>\nmantenimiento adecuado.<br \/>\n\u2022<strong> Operaci\u00f3n del sistema de enfriamiento <\/strong><strong>\u00f3ptima<\/strong> \u2014 La f\u00f3rmula libre de silicato mejora la transferencia de calor cuando se le compara con formulaciones que contienen silicato. Los\u00a0 dep\u00f3sitos de silicatos pueden reducir la transferencia de calor e incrementar los tiempos perdidos debido al sobrecalentamiento.<br \/>\n\u2022 <strong>Vida m\u00e1xima del equipo<\/strong> \u2014 Vida m\u00e1xima de la bomba de agua debido a un desgaste m\u00ednimo del empaque de la bomba de agua resultante de una formulaci\u00f3n libre de silicato.<\/p>\n<p><strong>\u2022Excelente Protecci\u00f3n<\/strong> \u2014 Protecci\u00f3n contra corrosi\u00f3n efectiva y a largo plazo, a\u00fan en temperaturas elevadas, de los metales del sistema de enfriamiento com\u00fanmente encontrados. Efectivo<br \/>\nen la protecci\u00f3n de aluminio en aplicaciones de altas temperaturas.<br \/>\n<strong>\u2022 Aplicaciones variables<\/strong> \u2014 Recomendado para aplicaciones de motores de uso en la carretera, fuera de la carretera y estacionarios que requieren de una formulaci\u00f3n de vida extendida, libre de fosfato y silicatos que contenga nitrito y molibdato. Puede ser utilizado en motores que utilizan tipos variables de combustible y protocolos variables de control de emisiones. Verifique con su OEM para requerimientos espec\u00edficos de aplicaci\u00f3n de este producto.<br \/>\n<strong>\u2022 Compatibilidad<\/strong> \u2014 Compatible con otras formulaciones de refrigerante y aditivos de refrigerante suplementarios Chevron recomienda que este producto no debe ser diluido en m\u00e1s de un<br \/>\n25% con otras formulaciones de refrigerante. Su diluci\u00f3n en m\u00e1s de un 25% reducir\u00e1 el desempe\u00f1o de vida extendida.<br \/>\n<strong>\u2022 Biodegradabilidad<\/strong> \u2014 Biodegradable en su forma no utilizada.<br \/>\n<strong>\u2022 Estabilidad<\/strong> \u2014 Estable durante el almacenamiento por un m\u00ednimo de 8 a\u00f1os en el estado en que se compr\u00f3.<\/p>\n","protected":false},"excerpt":{"rendered":"<p><strong>DESCRIPCI\u00d3N DEL PRODUCTO<\/strong><br \/>\nLos productos Delo\u00ae ELC Antifreeze\/Coolant son productos con NOAT (tecnolog\u00eda org\u00e1nica de aditivos de nitrito) de fase simple con base etileno glicol, disponibles en varias diluciones que est\u00e1n basadas en la tecnolog\u00eda patentada de inhibici\u00f3n de corrosi\u00f3n de carboxilato alif\u00e1tico, espec\u00edficamente formulada para aplicaciones de sistemas de enfriamiento de servicio pesado que requieren nitrito.<\/p>\n<p><strong>CARACTER\u00cdSTICAS<\/strong><br \/>\nLos productos Delo ELC Antifreeze\/Coolant son refrigerantes para motores de servicio pesado que utilizan una tecnolog\u00eda patentada inhibidora de corrosi\u00f3n llamada carboxilatos alif\u00e1ticos. El Delo ELC est\u00e1 libre de nitratos, boratos, silicatos, fosfatos y aminas. Estos productos contienen nitritos y molibdatos para una protecci\u00f3n adicional del recubrimiento del cilindro.<\/p>\n<p><strong>APLICACIONES<\/strong><br \/>\nAplicaciones recomendadas para los productos Delo ELC Antifreeze\/Coolant:<br \/>\n\u2022 Los motores de servicio pesado, no importa el tipo de combustible o controles ambientales que utilizan en donde el OEM recomienda un refrigerante de vida extendida, libre de silicato que contenga nitritos1<br \/>\n\u2022 Flotillas mixtas en donde se encuentran presentes camiones de uso ligero y camiones de uso pesado<br \/>\n\u2022 Aplicaciones de motores estacionario no importando el tipo de combustible que se utilice<br \/>\n\u2022 Sistemas mar\u00edtimos de enfriamiento en donde se requiere de la protecci\u00f3n contra congelamiento y en donde se recomienda un refrigerante que contenga nitrito<\/p>\n","protected":false},"featured_media":4605,"comment_status":"open","ping_status":"closed","template":"","meta":[],"product_cat":[244,256,255],"product_tag":[],"class_list":["post-4602","product","type-product","status-publish","has-post-thumbnail","hentry","product_cat-caja","product_cat-chevron-refrigerante","product_cat-refrigerante"],"jetpack_sharing_enabled":true,"_links":{"self":[{"href":"https:\/\/www.fletxstore.com\/index.php\/wp-json\/wp\/v2\/product\/4602","targetHints":{"allow":["GET"]}}],"collection":[{"href":"https:\/\/www.fletxstore.com\/index.php\/wp-json\/wp\/v2\/product"}],"about":[{"href":"https:\/\/www.fletxstore.com\/index.php\/wp-json\/wp\/v2\/types\/product"}],"replies":[{"embeddable":true,"href":"https:\/\/www.fletxstore.com\/index.php\/wp-json\/wp\/v2\/comments?post=4602"}],"version-history":[{"count":1,"href":"https:\/\/www.fletxstore.com\/index.php\/wp-json\/wp\/v2\/product\/4602\/revisions"}],"predecessor-version":[{"id":4604,"href":"https:\/\/www.fletxstore.com\/index.php\/wp-json\/wp\/v2\/product\/4602\/revisions\/4604"}],"wp:featuredmedia":[{"embeddable":true,"href":"https:\/\/www.fletxstore.com\/index.php\/wp-json\/wp\/v2\/media\/4605"}],"wp:attachment":[{"href":"https:\/\/www.fletxstore.com\/index.php\/wp-json\/wp\/v2\/media?parent=4602"}],"wp:term":[{"taxonomy":"product_cat","embeddable":true,"href":"https:\/\/www.fletxstore.com\/index.php\/wp-json\/wp\/v2\/product_cat?post=4602"},{"taxonomy":"product_tag","embeddable":true,"href":"https:\/\/www.fletxstore.com\/index.php\/wp-json\/wp\/v2\/product_tag?post=4602"}],"curies":[{"name":"wp","href":"https:\/\/api.w.org\/{rel}","templated":true}]}}