{"id":4596,"date":"2024-08-08T13:10:15","date_gmt":"2024-08-08T13:10:15","guid":{"rendered":"https:\/\/www.fletxstore.com\/?post_type=product&#038;p=4596"},"modified":"2024-08-08T13:53:13","modified_gmt":"2024-08-08T13:53:13","slug":"chevron-delo-gear-esi-sae-85w-140","status":"publish","type":"product","link":"https:\/\/www.fletxstore.com\/index.php\/producto\/chevron-delo-gear-esi-sae-85w-140\/","title":{"rendered":"Chevron Delo\u00ae Gear ESI SAE 85W-140"},"content":{"rendered":"<p><strong>CARACTER\u00cdSTICAS<\/strong><br \/>\nLos Delo Gear ESI son lubricantes de grado premium para engranajes automotrices.<\/p>\n<p>Est\u00e1n formulados con la Tecnolog\u00eda ISOSYN\u00ae Technology y compuestos con un aditivo de presi\u00f3n extrema \u00fanico que utiliza un compuesto inorg\u00e1nico de borato. Contienen tambi\u00e9n una\u00a0 combinaci\u00f3n sin\u00e9rgica de aditivos patentada que protegen contra el desgaste, detenci\u00f3n, oxidaci\u00f3n, corrosi\u00f3n, herrumbre y espuma.<\/p>\n<p>Los Delo Gear ESI son ideales para conjuntos de engranajes expuestos a temperaturas y cargas extremadamente altas.<\/p>\n<p>Las pruebas han demostrado que los Delo Gear ESI proporcionan una pel\u00edcula protectora contra desgaste de 3 a 5 veces m\u00e1s gruesa que la pel\u00edcula antidesgaste convencional de azufre-f\u00f3sforo.\u00a0 la pel\u00edcula inorg\u00e1nica de borato est\u00e1 formada por compuestos que no reaccionan con el metal. La pel\u00edcula se forma r\u00e1pidamente para proporcionar una protecci\u00f3n de engranajes excepcional y una m\u00e1xima estabilidad t\u00e9rmica. Al minimizar la fricci\u00f3n, se han observado temperaturas de operaci\u00f3n fr\u00edas.<\/p>\n<p><strong>APLICACIONES<\/strong><br \/>\nEstos lubricantes son excelentes lubricantes para engranajes, particularmente aquellos que operan bajo condiciones de temperaturas y cargas severas. Proporcionan excelente control contra desgaste, a\u00fan en la presencia de peque\u00f1as cantidades de agua. Su excepcional estabilidad t\u00e9rmica y a la oxidaci\u00f3n y desempe\u00f1o anti-desgaste promueven larga vida de los engranajes e intervalos de drenado \u00f3ptimos.<\/p>\n<p>&nbsp;<\/p>\n<p>&nbsp;<\/p>\n","protected":false},"excerpt":{"rendered":"<p>Los Chevron Gear Oils GL-1 son aceites para engranajes con herrumbre y oxidaci\u00f3n inhibidos que se recomiendan para diversos equipos automotrices e industriales en donde los proveedores\u00a0 del equipo recomiendan el uso de un aceite mineral puro en grados de viscosidad SAE 90 (ISO 220) o 140 (ISO460).<\/p>\n<p>&nbsp;<\/p>\n<p><strong>BENEFICIOS PARA EL CLIENTE<\/strong><br \/>\nLos Chevron Gear Oils GL-1 proporcionan valor a trav\u00e9s de:<br \/>\n\u2022 Buena pel\u00edcula lubricante \u2014 Proporcionada a trav\u00e9s del uso de stocks base selectos con un alto \u00edndice de viscosidad.<br \/>\n\u2022 Excelente protecci\u00f3n contra herrumbre \u2014 Ofrece larga vida del equipo mediante la protecci\u00f3n de los engranajes contra la herrumbre.<br \/>\n\u2022 Buena protecci\u00f3n anti-espuma \u2014 Proporciona vida m\u00e1xima de los engranajes y chumaceras manteniendo una pel\u00edcula completa de lubricante con un m\u00ednimo de aire atrapado o espuma de superficie.<br \/>\n\u2022 Alto \u00edndice de viscosidad \u2014 Evita el adelgazamiento excesivo a altas temperaturas.<br \/>\n\u2022 Buena estabilidad a la oxidaci\u00f3n \u2014 Proporciona larga vida de servicio a\u00fan en la presencia de cobre o bronce.<\/p>\n","protected":false},"featured_media":4597,"comment_status":"open","ping_status":"closed","template":"","meta":[],"product_cat":[252,243,251,246,249],"product_tag":[],"class_list":["post-4596","product","type-product","status-publish","has-post-thumbnail","hentry","product_cat-85w-140","product_cat-balde","product_cat-chevron-transmision","product_cat-semisintetico","product_cat-transmision"],"jetpack_sharing_enabled":true,"_links":{"self":[{"href":"https:\/\/www.fletxstore.com\/index.php\/wp-json\/wp\/v2\/product\/4596","targetHints":{"allow":["GET"]}}],"collection":[{"href":"https:\/\/www.fletxstore.com\/index.php\/wp-json\/wp\/v2\/product"}],"about":[{"href":"https:\/\/www.fletxstore.com\/index.php\/wp-json\/wp\/v2\/types\/product"}],"replies":[{"embeddable":true,"href":"https:\/\/www.fletxstore.com\/index.php\/wp-json\/wp\/v2\/comments?post=4596"}],"version-history":[{"count":1,"href":"https:\/\/www.fletxstore.com\/index.php\/wp-json\/wp\/v2\/product\/4596\/revisions"}],"predecessor-version":[{"id":4598,"href":"https:\/\/www.fletxstore.com\/index.php\/wp-json\/wp\/v2\/product\/4596\/revisions\/4598"}],"wp:featuredmedia":[{"embeddable":true,"href":"https:\/\/www.fletxstore.com\/index.php\/wp-json\/wp\/v2\/media\/4597"}],"wp:attachment":[{"href":"https:\/\/www.fletxstore.com\/index.php\/wp-json\/wp\/v2\/media?parent=4596"}],"wp:term":[{"taxonomy":"product_cat","embeddable":true,"href":"https:\/\/www.fletxstore.com\/index.php\/wp-json\/wp\/v2\/product_cat?post=4596"},{"taxonomy":"product_tag","embeddable":true,"href":"https:\/\/www.fletxstore.com\/index.php\/wp-json\/wp\/v2\/product_tag?post=4596"}],"curies":[{"name":"wp","href":"https:\/\/api.w.org\/{rel}","templated":true}]}}