{"id":4530,"date":"2024-07-21T18:07:53","date_gmt":"2024-07-21T18:07:53","guid":{"rendered":"https:\/\/www.fletxstore.com\/?post_type=product&#038;p=4530"},"modified":"2024-07-21T18:07:53","modified_gmt":"2024-07-21T18:07:53","slug":"sakura-filter-a-53380","status":"publish","type":"product","link":"https:\/\/www.fletxstore.com\/index.php\/producto\/sakura-filter-a-53380\/","title":{"rendered":"SAKURA FILTER A-53380"},"content":{"rendered":"<h2>Filtros Sakura es la mejor opci\u00f3n<\/h2>\n<p>50 a\u00f1os proporcionando a nuestros clientes con calidad de productos en t\u00e9rminos de valor, servicio y gama en mas de 125 pa\u00edses. Satisfacemos las necesidades y requerimientos de los clientes alrededor del mundo.<\/p>\n","protected":false},"excerpt":{"rendered":"<p>AIRE KENWORTH T800 W900 ISX T800 CAT C15 CON O SIN DISFUSOR<\/p>\n<table width=\"436\">\n<tbody>\n<tr>\n<td width=\"47\">\n<table>\n<tbody>\n<tr>\n<td width=\"47\">BALDWIN<\/td>\n<\/tr>\n<\/tbody>\n<\/table>\n<\/td>\n<td width=\"38\">Fleetguard<\/td>\n<td width=\"36\">Donaldson<\/td>\n<td width=\"39\">MANN<\/td>\n<td width=\"34\">MAHLE<\/td>\n<td width=\"34\">WIX<\/td>\n<td width=\"38\">PARTMO<\/td>\n<td width=\"32\">Donsson<\/td>\n<td width=\"42\">FRANIG<\/td>\n<td width=\"47\">premium<\/td>\n<td width=\"49\">MEDIDA<\/td>\n<\/tr>\n<tr>\n<td width=\"47\">RS3539<\/td>\n<td>AF25247<\/td>\n<td width=\"36\">P534816<\/td>\n<td width=\"39\"><\/td>\n<td width=\"34\"><\/td>\n<td width=\"34\"><\/td>\n<td width=\"38\">AP3539<\/td>\n<td width=\"32\">DA2768<\/td>\n<td width=\"42\">HCA8180<\/td>\n<td width=\"47\"><\/td>\n<td width=\"49\">601x276x172<\/td>\n<\/tr>\n<\/tbody>\n<\/table>\n","protected":false},"featured_media":4532,"comment_status":"open","ping_status":"closed","template":"","meta":[],"product_cat":[236,239],"product_tag":[],"class_list":["post-4530","product","type-product","status-publish","has-post-thumbnail","hentry","product_cat-filtro-de-aire","product_cat-sakura-filter"],"jetpack_sharing_enabled":true,"_links":{"self":[{"href":"https:\/\/www.fletxstore.com\/index.php\/wp-json\/wp\/v2\/product\/4530","targetHints":{"allow":["GET"]}}],"collection":[{"href":"https:\/\/www.fletxstore.com\/index.php\/wp-json\/wp\/v2\/product"}],"about":[{"href":"https:\/\/www.fletxstore.com\/index.php\/wp-json\/wp\/v2\/types\/product"}],"replies":[{"embeddable":true,"href":"https:\/\/www.fletxstore.com\/index.php\/wp-json\/wp\/v2\/comments?post=4530"}],"version-history":[{"count":1,"href":"https:\/\/www.fletxstore.com\/index.php\/wp-json\/wp\/v2\/product\/4530\/revisions"}],"predecessor-version":[{"id":4533,"href":"https:\/\/www.fletxstore.com\/index.php\/wp-json\/wp\/v2\/product\/4530\/revisions\/4533"}],"wp:featuredmedia":[{"embeddable":true,"href":"https:\/\/www.fletxstore.com\/index.php\/wp-json\/wp\/v2\/media\/4532"}],"wp:attachment":[{"href":"https:\/\/www.fletxstore.com\/index.php\/wp-json\/wp\/v2\/media?parent=4530"}],"wp:term":[{"taxonomy":"product_cat","embeddable":true,"href":"https:\/\/www.fletxstore.com\/index.php\/wp-json\/wp\/v2\/product_cat?post=4530"},{"taxonomy":"product_tag","embeddable":true,"href":"https:\/\/www.fletxstore.com\/index.php\/wp-json\/wp\/v2\/product_tag?post=4530"}],"curies":[{"name":"wp","href":"https:\/\/api.w.org\/{rel}","templated":true}]}}