{"id":4519,"date":"2024-07-21T17:32:44","date_gmt":"2024-07-21T17:32:44","guid":{"rendered":"https:\/\/www.fletxstore.com\/?post_type=product&#038;p=4519"},"modified":"2024-07-21T17:34:30","modified_gmt":"2024-07-21T17:34:30","slug":"filtro-para-aceite-dual-sellado-xd-aplica-para-mo-wix-51971xd","status":"publish","type":"product","link":"https:\/\/www.fletxstore.com\/index.php\/producto\/filtro-para-aceite-dual-sellado-xd-aplica-para-mo-wix-51971xd\/","title":{"rendered":"FILTRO PARA ACEITE DUAL SELLADO XD. APLICA PARA MO WIX 51971XD"},"content":{"rendered":"<p>Desde hace 80 a\u00f1os, la marca WIX Filters suministra filtros para autom\u00f3viles de turismos, para todo tipo de maquinaria y equipos pesados. Detr\u00e1s de todo esto se encuentran la calidad, que es el resultado de muchos a\u00f1os de experiencia, los especialistas competentes en sus campos, las modernas l\u00edneas de producci\u00f3n y los laboratorios, as\u00ed como un control de calidad constante. Adem\u00e1s, el cuidado de cada elemento en cada etapa del desarrollo y producci\u00f3n del filtro nos ha permitido convertirnos en una de las marcas m\u00e1s famosas del mundo.<\/p>\n","protected":false},"excerpt":{"rendered":"<p>ROSCA 1 5\/8&#215;12\/FREIGTHLINER COLUMBIA, CORONADO, INTERNATIONAL 9400, 9200, KENWORTH T600 MX, W900 MX,<\/p>\n","protected":false},"featured_media":4522,"comment_status":"open","ping_status":"closed","template":"","meta":[],"product_cat":[231,238],"product_tag":[],"class_list":["post-4519","product","type-product","status-publish","has-post-thumbnail","hentry","product_cat-filtro-de-aceite","product_cat-wix-filters"],"jetpack_sharing_enabled":true,"_links":{"self":[{"href":"https:\/\/www.fletxstore.com\/index.php\/wp-json\/wp\/v2\/product\/4519","targetHints":{"allow":["GET"]}}],"collection":[{"href":"https:\/\/www.fletxstore.com\/index.php\/wp-json\/wp\/v2\/product"}],"about":[{"href":"https:\/\/www.fletxstore.com\/index.php\/wp-json\/wp\/v2\/types\/product"}],"replies":[{"embeddable":true,"href":"https:\/\/www.fletxstore.com\/index.php\/wp-json\/wp\/v2\/comments?post=4519"}],"version-history":[{"count":1,"href":"https:\/\/www.fletxstore.com\/index.php\/wp-json\/wp\/v2\/product\/4519\/revisions"}],"predecessor-version":[{"id":4521,"href":"https:\/\/www.fletxstore.com\/index.php\/wp-json\/wp\/v2\/product\/4519\/revisions\/4521"}],"wp:featuredmedia":[{"embeddable":true,"href":"https:\/\/www.fletxstore.com\/index.php\/wp-json\/wp\/v2\/media\/4522"}],"wp:attachment":[{"href":"https:\/\/www.fletxstore.com\/index.php\/wp-json\/wp\/v2\/media?parent=4519"}],"wp:term":[{"taxonomy":"product_cat","embeddable":true,"href":"https:\/\/www.fletxstore.com\/index.php\/wp-json\/wp\/v2\/product_cat?post=4519"},{"taxonomy":"product_tag","embeddable":true,"href":"https:\/\/www.fletxstore.com\/index.php\/wp-json\/wp\/v2\/product_tag?post=4519"}],"curies":[{"name":"wp","href":"https:\/\/api.w.org\/{rel}","templated":true}]}}