{"id":4481,"date":"2024-07-21T16:38:07","date_gmt":"2024-07-21T16:38:07","guid":{"rendered":"https:\/\/www.fletxstore.com\/?post_type=product&#038;p=4481"},"modified":"2024-07-21T16:38:08","modified_gmt":"2024-07-21T16:38:08","slug":"filtro-para-aire-primario-radial-mann-c311345-1","status":"publish","type":"product","link":"https:\/\/www.fletxstore.com\/index.php\/producto\/filtro-para-aire-primario-radial-mann-c311345-1\/","title":{"rendered":"FILTRO PARA AIRE PRIMARIO RADIAL MANN C311345\/1"},"content":{"rendered":"<p>\u00abMANN-FILTER ofrece equipos originales desde hace m\u00e1s de 70 a\u00f1os. Todos nuestros productos se fabrican de acuerdo con las \u00faltimas normas internacionales de fabricaci\u00f3n y especificaciones de la industria de la automoci\u00f3n Para este fin se aplica un est\u00e1ndar de calidad global: la calidad de equipo original. Por ello, conductores de todo el mundo conf\u00edan en MANN-FILTER, la marca de filtros premium del mercado independiente de recambios.\u00bb<\/p>\n","protected":false},"excerpt":{"rendered":"<table width=\"1066\">\n<tbody>\n<tr>\n<td width=\"1066\">FILTRO AIRE PARA VOLVO SERIES 5000, 7000, 8000, 9000 VOLVO SERIE FM (2009 &gt;)<\/td>\n<\/tr>\n<\/tbody>\n<\/table>\n","protected":false},"featured_media":4482,"comment_status":"open","ping_status":"closed","template":"","meta":[],"product_cat":[236,235],"product_tag":[],"class_list":["post-4481","product","type-product","status-publish","has-post-thumbnail","hentry","product_cat-filtro-de-aire","product_cat-mann-filter"],"jetpack_sharing_enabled":true,"_links":{"self":[{"href":"https:\/\/www.fletxstore.com\/index.php\/wp-json\/wp\/v2\/product\/4481","targetHints":{"allow":["GET"]}}],"collection":[{"href":"https:\/\/www.fletxstore.com\/index.php\/wp-json\/wp\/v2\/product"}],"about":[{"href":"https:\/\/www.fletxstore.com\/index.php\/wp-json\/wp\/v2\/types\/product"}],"replies":[{"embeddable":true,"href":"https:\/\/www.fletxstore.com\/index.php\/wp-json\/wp\/v2\/comments?post=4481"}],"version-history":[{"count":1,"href":"https:\/\/www.fletxstore.com\/index.php\/wp-json\/wp\/v2\/product\/4481\/revisions"}],"predecessor-version":[{"id":4483,"href":"https:\/\/www.fletxstore.com\/index.php\/wp-json\/wp\/v2\/product\/4481\/revisions\/4483"}],"wp:featuredmedia":[{"embeddable":true,"href":"https:\/\/www.fletxstore.com\/index.php\/wp-json\/wp\/v2\/media\/4482"}],"wp:attachment":[{"href":"https:\/\/www.fletxstore.com\/index.php\/wp-json\/wp\/v2\/media?parent=4481"}],"wp:term":[{"taxonomy":"product_cat","embeddable":true,"href":"https:\/\/www.fletxstore.com\/index.php\/wp-json\/wp\/v2\/product_cat?post=4481"},{"taxonomy":"product_tag","embeddable":true,"href":"https:\/\/www.fletxstore.com\/index.php\/wp-json\/wp\/v2\/product_tag?post=4481"}],"curies":[{"name":"wp","href":"https:\/\/api.w.org\/{rel}","templated":true}]}}