{"id":4452,"date":"2024-07-21T15:51:13","date_gmt":"2024-07-21T15:51:13","guid":{"rendered":"https:\/\/www.fletxstore.com\/?post_type=product&#038;p=4452"},"modified":"2024-07-21T15:51:14","modified_gmt":"2024-07-21T15:51:14","slug":"filtro-de-aire-uk-11150p","status":"publish","type":"product","link":"https:\/\/www.fletxstore.com\/index.php\/producto\/filtro-de-aire-uk-11150p\/","title":{"rendered":"FILTRO DE AIRE UK-11150P"},"content":{"rendered":"<p>UNIVERSE FILTER HK COMPANY es una empresa con m\u00e1s de 30 a\u00f1os de experiencia y trabajo en el mercado y manufactura en filtraci\u00f3n con una producci\u00f3n desarrollada bajo altos est\u00e1ndares de calidad, avalados por la certificaci\u00f3n ISO\/IATF16949.En el a\u00f1o 1998 estableci\u00f3 la primera l\u00ednea de producci\u00f3n autom\u00e1tica para filtro de aceite giratorio. Hoy en d\u00eda ya cuenta con 9 l\u00edneas m\u00e1s totalmente automatizadas, lo que le permite mantener una elaboraci\u00f3n y una capacidad anual de m\u00e1s de 50 Millones de unidades.<\/p>\n","protected":false},"excerpt":{"rendered":"<table width=\"1066\">\n<tbody>\n<tr>\n<td width=\"1066\">AIRE FOTON AUMARK 5.9 TON &#8211; OLIN 5.8 TON &#8211; CUMMINS ENGINE<\/td>\n<\/tr>\n<\/tbody>\n<\/table>\n","protected":false},"featured_media":4453,"comment_status":"open","ping_status":"closed","template":"","meta":[],"product_cat":[236,232],"product_tag":[],"class_list":["post-4452","product","type-product","status-publish","has-post-thumbnail","hentry","product_cat-filtro-de-aire","product_cat-hk"],"jetpack_sharing_enabled":true,"_links":{"self":[{"href":"https:\/\/www.fletxstore.com\/index.php\/wp-json\/wp\/v2\/product\/4452","targetHints":{"allow":["GET"]}}],"collection":[{"href":"https:\/\/www.fletxstore.com\/index.php\/wp-json\/wp\/v2\/product"}],"about":[{"href":"https:\/\/www.fletxstore.com\/index.php\/wp-json\/wp\/v2\/types\/product"}],"replies":[{"embeddable":true,"href":"https:\/\/www.fletxstore.com\/index.php\/wp-json\/wp\/v2\/comments?post=4452"}],"version-history":[{"count":1,"href":"https:\/\/www.fletxstore.com\/index.php\/wp-json\/wp\/v2\/product\/4452\/revisions"}],"predecessor-version":[{"id":4454,"href":"https:\/\/www.fletxstore.com\/index.php\/wp-json\/wp\/v2\/product\/4452\/revisions\/4454"}],"wp:featuredmedia":[{"embeddable":true,"href":"https:\/\/www.fletxstore.com\/index.php\/wp-json\/wp\/v2\/media\/4453"}],"wp:attachment":[{"href":"https:\/\/www.fletxstore.com\/index.php\/wp-json\/wp\/v2\/media?parent=4452"}],"wp:term":[{"taxonomy":"product_cat","embeddable":true,"href":"https:\/\/www.fletxstore.com\/index.php\/wp-json\/wp\/v2\/product_cat?post=4452"},{"taxonomy":"product_tag","embeddable":true,"href":"https:\/\/www.fletxstore.com\/index.php\/wp-json\/wp\/v2\/product_tag?post=4452"}],"curies":[{"name":"wp","href":"https:\/\/api.w.org\/{rel}","templated":true}]}}