{"id":4411,"date":"2024-07-19T00:59:42","date_gmt":"2024-07-19T00:59:42","guid":{"rendered":"https:\/\/www.fletxstore.com\/?post_type=product&#038;p=4411"},"modified":"2024-07-19T01:01:52","modified_gmt":"2024-07-19T01:01:52","slug":"filtro-parker-2020tm-or","status":"publish","type":"product","link":"https:\/\/www.fletxstore.com\/index.php\/producto\/filtro-parker-2020tm-or\/","title":{"rendered":"FILTRO PARKER 2020TM-OR"},"content":{"rendered":"<div class=\"ph-content-section__header\">\n<h3 class=\"ph-content-section__title\">Informaci\u00f3n del art\u00edculo<\/h3>\n<\/div>\n<div class=\"ph-overflow\">\n<div class=\"ph-overflow__read-more expand-text\">\n<div class=\"content\">\n<p class=\"product-description-article-text\">Elementos de filtro del cartucho de repuesto para alojamientos de filtros de la serie Turbine de Racor<\/p>\n<p>Nota: Los elementos 2020 y 2040 SM, TM y PM solicitados en Norteam\u00e9rica y Sudam\u00e9rica podr\u00edan sustituirse por los elementos con tap\u00f3n terminal negro de estilo 2020N y 2040N fabricados en EE. UU. Ambos estilos del elemento utilizan el mismo medio Aquabloc\u00ae id\u00e9ntico y sus prestaciones de filtraci\u00f3n son exactamente iguales.<\/p>\n<p>Descripci\u00f3n:<\/p>\n<p>Las tolerancias del inyector del motor di\u00e9sel se miden en micras y los motores m\u00e1s modernos inyectan combustible con presiones superiores a 30 000 psi (207 kPa). En estas condiciones, incluso la part\u00edcula m\u00e1s peque\u00f1a de suciedad o agua puede rayar o erosionar los componentes de precisi\u00f3n, lo que podr\u00eda causar da\u00f1os en los motores, el funcionamiento y la rentabilidad.<\/p>\n<p>Las series Turbine FF\/WS de Racor presentan una eficiencia de eliminaci\u00f3n del agua excepcional, tanto de agua emulsionada como a granel, una baja restricci\u00f3n del flujo de combustible y una alta capacidad de retenci\u00f3n de suciedad. El coraz\u00f3n del sistema lo forman las tres fases de filtraci\u00f3n y coalescencia respaldadas por el elemento de filtro Aquabloc\u00ae patentado.<\/p>\n<p>Fase 1 Separaci\u00f3n: A medida que el combustible entra en el conjunto del filtro, se mueve a trav\u00e9s de la turbina centr\u00edfuga (estacionaria) y expulsa gotas de agua y s\u00f3lidos grandes, que caen al fondo de la cazoleta de recogida.<\/p>\n<p>Fase 2 Coalescencia: Peque\u00f1as gotas de agua se acumulan en la superficie del deflector c\u00f3nico y del elemento de cartucho. Cuando su peso es lo suficientemente grande, caen al fondo de la cazoleta de recogida.<\/p>\n<p>Fase 3 Filtraci\u00f3n: Los elementos de cartucho Aquabloc\u00ae patentados repelen el agua y eliminan los contaminantes s\u00f3lidos del combustible con una eficiencia del 98 % de su valor de filtraci\u00f3n (micras). El agua recopilada en la superficie del elemento se agrupa por coalescencia en gotas m\u00e1s grandes que caen en la cazoleta de recogida.<\/p>\n<p>Solo los elementos de filtro del cartucho de Racor originales presentan medios con dise\u00f1o Aquabloc\u00ae para la protecci\u00f3n definitiva del motor.<\/p>\n<p>Opciones de pedido:<\/p>\n<p>1. Seleccione el tipo de alojamiento: Alojamientos de las series 500, 900 o 1000. (Elija primero la altura si no conoce el tipo de alojamiento)<\/p>\n<p>2. Seleccione la clasificaci\u00f3n por micras:<br \/>\n\u2022 Elemento Aquabloc\u00ae de &#8220;2&#8221; micras con una eficacia del 98\u00a0% a 4 micras<br \/>\n\u2022 Elemento Aquabloc\u00ae de &#8220;10&#8221; micras con una eficacia del 98\u00a0% a 10 micras<br \/>\n\u2022 Elemento Aquabloc\u00ae de &#8220;30&#8221; micras con una eficacia del 98\u00a0% a 30 micras<br \/>\n3. Seleccione la altura si no conoce el tipo de alojamiento.<br \/>\n4. Seleccione el estilo del tap\u00f3n terminal. El estilo del tap\u00f3n terminal moldeado en color negro est\u00e1 disponible para el mercado de EE. UU. El estilo encapsulado en color bronce est\u00e1 disponible en el resto del mundo. Ambos estilos ofrecen prestaciones de filtraci\u00f3n id\u00e9nticas.<\/p>\n<p>Notas importantes:<\/p>\n<p>\u2022 Se necesita un filtro final o secundario aguas abajo para los elementos de 10 micras y 30 micras.<br \/>\n\u2022 Juntas de sustituci\u00f3n incluidas.<br \/>\n\u2022 Cuanto menor sea el valor de filtraci\u00f3n (micras), m\u00e1s precisa ser\u00e1 la filtraci\u00f3n. Deben utilizarse los valores de filtraci\u00f3n (micras) m\u00e1s bajos si no hay filtraci\u00f3n adicional aguas abajo. Finalmente, el valor de filtraci\u00f3n (micras) preferido se dar\u00e1 en funci\u00f3n de la calidad del combustible, los climas en los que se trabaja y los programas de mantenimiento.<br \/>\n\u2022 Los tapones terminales est\u00e1n codificados por colores para facilitar la identificaci\u00f3n y la aplicaci\u00f3n: letras rojas para filtraci\u00f3n primaria de 30 micras, letras azules para filtraci\u00f3n primaria o secundaria de 10 micras y letras marrones para filtraci\u00f3n secundaria\/final de 2 micras.<\/p>\n<p>Caracter\u00edsticas y beneficios:<\/p>\n<p>\u2022 Un asa integral facilita las sustituciones.<br \/>\n\u2022 El n\u00famero gratuito de Racor se muestra en el tap\u00f3n terminal. Este n\u00famero le pondr\u00e1 en contacto con el personal del servicio t\u00e9cnico de Racor, que puede responder a cualquier pregunta sobre disponibilidad, aplicaci\u00f3n o mantenimiento.<br \/>\n\u2022 El medio Aquabloc\u00ae es una mezcla de celulosa de alta calidad que forma un compuesto con resinas y recibe un tratamiento qu\u00edmico especial.<br \/>\n\u2022 Las series Turbine de Racor originales son compatibles con los alojamientos Turbine con certificaci\u00f3n UL.<\/p>\n<p>Aquabloc\u00ae &#8211; La historia desde dentro:<\/p>\n<p>El medio Aquabloc\u00ae de eficiencia ultra alta de Racor es una mezcla t\u00e9cnica de distintas f\u00f3rmulas de medios: un compuesto de celulosa de alta calidad con fibras t\u00e9cnicas y tratamientos qu\u00edmicos de eficiencia testada para el bloqueo del agua.<\/p>\n<p>\u2022 La alta capacidad de retenci\u00f3n de contaminantes permite disminuir la frecuencia de las sustituciones de filtros, lo que mejora el rendimiento econ\u00f3mico.<br \/>\n\u2022 El medio Aquabloc\u00ae est\u00e1 plisado y corrugado para mantener los pliegues abiertos y ofrece una amplia superficie con un \u00e1rea de filtraci\u00f3n efectiva al flujo de combustible di\u00e9sel.<br \/>\n\u2022 El medio Aquabloc\u00ae con una alta capacidad de retenci\u00f3n de suciedad aumenta dr\u00e1sticamente la vida \u00fatil de los filtros del motor en la etapa final y reduce el costo general de mantenimiento del filtraje.<br \/>\n\u2022 Los elementos de filtro del cartucho Aquabloc\u00ae est\u00e1n disponibles con valores de filtraci\u00f3n de 2, 10 y 30 micras, de manera que la protecci\u00f3n puede ajustarse a medida seg\u00fan la aplicaci\u00f3n, la calidad del combustible, los entornos operativos y los programas de mantenimiento.<br \/>\n\u2022 El medio Aquabloc\u00ae ayuda a los motores di\u00e9sel de OEM a cumplir las estrictas normas de emisi\u00f3n gubernamentales.<br \/>\n\u2022 Un separador de agua\/filtro de combustible con un elemento de cartucho reemplazable es la soluci\u00f3n de filtraci\u00f3n menos costosa.<\/p>\n<p>Aplicaciones:<\/p>\n<p>\u2022 Todos los motores di\u00e9sel con un sistema de filtraci\u00f3n de la serie Turbine.<br \/>\n\u2022 Mar\u00edtimo, generadores, construcci\u00f3n, carreteras, todoterrenos.<\/p>\n<\/div>\n<\/div>\n<\/div>\n","protected":false},"excerpt":{"rendered":"<table width=\"1066\">\n<tbody>\n<tr>\n<td width=\"1066\">Elemento filtrante (10 micras) para Turbina Serie 1000-FH<\/td>\n<\/tr>\n<\/tbody>\n<\/table>\n","protected":false},"featured_media":4412,"comment_status":"open","ping_status":"closed","template":"","meta":[],"product_cat":[234],"product_tag":[],"class_list":["post-4411","product","type-product","status-publish","has-post-thumbnail","hentry","product_cat-parker"],"jetpack_sharing_enabled":true,"_links":{"self":[{"href":"https:\/\/www.fletxstore.com\/index.php\/wp-json\/wp\/v2\/product\/4411","targetHints":{"allow":["GET"]}}],"collection":[{"href":"https:\/\/www.fletxstore.com\/index.php\/wp-json\/wp\/v2\/product"}],"about":[{"href":"https:\/\/www.fletxstore.com\/index.php\/wp-json\/wp\/v2\/types\/product"}],"replies":[{"embeddable":true,"href":"https:\/\/www.fletxstore.com\/index.php\/wp-json\/wp\/v2\/comments?post=4411"}],"version-history":[{"count":2,"href":"https:\/\/www.fletxstore.com\/index.php\/wp-json\/wp\/v2\/product\/4411\/revisions"}],"predecessor-version":[{"id":4414,"href":"https:\/\/www.fletxstore.com\/index.php\/wp-json\/wp\/v2\/product\/4411\/revisions\/4414"}],"wp:featuredmedia":[{"embeddable":true,"href":"https:\/\/www.fletxstore.com\/index.php\/wp-json\/wp\/v2\/media\/4412"}],"wp:attachment":[{"href":"https:\/\/www.fletxstore.com\/index.php\/wp-json\/wp\/v2\/media?parent=4411"}],"wp:term":[{"taxonomy":"product_cat","embeddable":true,"href":"https:\/\/www.fletxstore.com\/index.php\/wp-json\/wp\/v2\/product_cat?post=4411"},{"taxonomy":"product_tag","embeddable":true,"href":"https:\/\/www.fletxstore.com\/index.php\/wp-json\/wp\/v2\/product_tag?post=4411"}],"curies":[{"name":"wp","href":"https:\/\/api.w.org\/{rel}","templated":true}]}}