{"id":4359,"date":"2024-07-18T22:12:56","date_gmt":"2024-07-18T22:12:56","guid":{"rendered":"https:\/\/www.fletxstore.com\/?post_type=product&#038;p=4359"},"modified":"2024-07-18T22:13:42","modified_gmt":"2024-07-18T22:13:42","slug":"fullrun-tb629-295-80r22-5","status":"publish","type":"product","link":"https:\/\/www.fletxstore.com\/index.php\/producto\/fullrun-tb629-295-80r22-5\/","title":{"rendered":"FULLRUN TB629 295\/80R22.5"},"content":{"rendered":"","protected":false},"excerpt":{"rendered":"<p>Llanta radial para ser usada en los ejes de tracci\u00f3n en una ruta fuera de carretera en volquetas y mixers.<br \/>\nDise\u00f1o de bloques m\u00e1s anchos que ayudan a evitar cortes de roca filuda y evacuaci\u00f3n del pantano en terrenos fuera de carretera.<br \/>\nBanda de rodamiento de buena resistencia a la abrasi\u00f3n y a los cortes.<br \/>\nCarcasa reforzada con 18 lonas que brinda mayor capacidad de carga<\/p>\n","protected":false},"featured_media":4360,"comment_status":"open","ping_status":"closed","template":"","meta":[],"product_cat":[202,229,228],"product_tag":[],"class_list":["post-4359","product","type-product","status-publish","has-post-thumbnail","hentry","product_cat-295-80r22-5","product_cat-fullrun","product_cat-traccion-otr"],"jetpack_sharing_enabled":true,"_links":{"self":[{"href":"https:\/\/www.fletxstore.com\/index.php\/wp-json\/wp\/v2\/product\/4359","targetHints":{"allow":["GET"]}}],"collection":[{"href":"https:\/\/www.fletxstore.com\/index.php\/wp-json\/wp\/v2\/product"}],"about":[{"href":"https:\/\/www.fletxstore.com\/index.php\/wp-json\/wp\/v2\/types\/product"}],"replies":[{"embeddable":true,"href":"https:\/\/www.fletxstore.com\/index.php\/wp-json\/wp\/v2\/comments?post=4359"}],"version-history":[{"count":1,"href":"https:\/\/www.fletxstore.com\/index.php\/wp-json\/wp\/v2\/product\/4359\/revisions"}],"predecessor-version":[{"id":4361,"href":"https:\/\/www.fletxstore.com\/index.php\/wp-json\/wp\/v2\/product\/4359\/revisions\/4361"}],"wp:featuredmedia":[{"embeddable":true,"href":"https:\/\/www.fletxstore.com\/index.php\/wp-json\/wp\/v2\/media\/4360"}],"wp:attachment":[{"href":"https:\/\/www.fletxstore.com\/index.php\/wp-json\/wp\/v2\/media?parent=4359"}],"wp:term":[{"taxonomy":"product_cat","embeddable":true,"href":"https:\/\/www.fletxstore.com\/index.php\/wp-json\/wp\/v2\/product_cat?post=4359"},{"taxonomy":"product_tag","embeddable":true,"href":"https:\/\/www.fletxstore.com\/index.php\/wp-json\/wp\/v2\/product_tag?post=4359"}],"curies":[{"name":"wp","href":"https:\/\/api.w.org\/{rel}","templated":true}]}}