{"id":4280,"date":"2024-07-18T15:13:36","date_gmt":"2024-07-18T15:13:36","guid":{"rendered":"https:\/\/www.fletxstore.com\/?post_type=product&#038;p=4280"},"modified":"2024-07-18T15:13:37","modified_gmt":"2024-07-18T15:13:37","slug":"pirelli-mc01-295-80r22-5","status":"publish","type":"product","link":"https:\/\/www.fletxstore.com\/index.php\/producto\/pirelli-mc01-295-80r22-5\/","title":{"rendered":"PIRELLI MC01 295\/80R22.5"},"content":{"rendered":"<table class=\"table table-bordered\">\n<thead class=\"table-title\">\n<tr>\n<td colspan=\"2\">Dise\u00f1o<\/td>\n<\/tr>\n<\/thead>\n<tbody>\n<tr>\n<td>Dise\u00f1o<\/td>\n<td>MC01<\/td>\n<\/tr>\n<tr>\n<td>Marca<\/td>\n<td>PIRELLI<\/td>\n<\/tr>\n<\/tbody>\n<thead class=\"table-title\">\n<tr>\n<td colspan=\"2\">Medidas<\/td>\n<\/tr>\n<\/thead>\n<tbody>\n<tr>\n<td>Ancho<\/td>\n<td>295<\/td>\n<\/tr>\n<tr>\n<td>Perfil<\/td>\n<td>80<\/td>\n<\/tr>\n<tr>\n<td>Rin<\/td>\n<td>22.5<\/td>\n<\/tr>\n<tr>\n<td>Profundidad de banda<\/td>\n<td>19mm<\/td>\n<\/tr>\n<\/tbody>\n<thead class=\"table-title\">\n<tr>\n<td colspan=\"2\">Indice<\/td>\n<\/tr>\n<\/thead>\n<tbody>\n<tr>\n<td>Aplicaci\u00f3n<\/td>\n<td>Urbana<\/td>\n<\/tr>\n<tr>\n<td>Ejes<\/td>\n<td>Direccionales y libres<\/td>\n<\/tr>\n<tr>\n<td>Carga<\/td>\n<td>152\/148 (3550-3150 kgs)<\/td>\n<\/tr>\n<tr>\n<td>Velocidad<\/td>\n<td>J (100 km\/h)<\/td>\n<\/tr>\n<tr>\n<td>Lonas<\/td>\n<td>18 PR<\/td>\n<\/tr>\n<tr>\n<td>UTQG<\/td>\n<td>N\/A<\/td>\n<\/tr>\n<\/tbody>\n<thead class=\"table-title\">\n<tr>\n<td colspan=\"2\">Tecnolog\u00eda<\/td>\n<\/tr>\n<\/thead>\n<tbody>\n<tr>\n<td>Tecnolog\u00eda<\/td>\n<td>Radial<\/td>\n<\/tr>\n<\/tbody>\n<thead class=\"table-title\">\n<tr>\n<td colspan=\"2\">Fabricaci\u00f3n<\/td>\n<\/tr>\n<\/thead>\n<tbody>\n<tr>\n<td>Fabricaci\u00f3n<\/td>\n<td>Brasil<\/td>\n<\/tr>\n<\/tbody>\n<\/table>\n","protected":false},"excerpt":{"rendered":"<p style=\"font-weight: 400;\"><b>MC01 Direccional\u00a0<\/b><\/p>\n<p style=\"font-weight: 400;\">Productos dise\u00f1ados para veh\u00edculos de pasajeros con recorridos urbanos y metropolitanos en condiciones de tr\u00e1fico con arranques y frenazos frecuentes, promedio de velocidad baja, frecuentes cambios en la superficie de la calzada (asfalto, cemento, adoquines) y un alto grado de abrasi\u00f3n.<\/p>\n<p style=\"font-weight: 400;\">MC:01 es la respuesta de Pirelli a las ciudades que est\u00e1n cambiando y que invierten en el transporte urbano como sistema de transporte prioritario y sostenible. Un mayor kilometraje y una menor resistencia a la rodadura son una garant\u00eda de un alto rendimiento, lo que equivale a un menor coste\/Km y menor consumo de combustible. Aumentar de la capacidad de carga, una mejor resistencia a los impactos &#8211; incluso en los flancos &#8211; y un aumento de la vida \u00fatil del neum\u00e1tico, se ha logrado gracias a la investigaci\u00f3n y desarrollo en la estructura del neum\u00e1tico. MC:01 est\u00e1 dise\u00f1ado con las m\u00e1s avanzadas innovaciones tecnolog\u00edas patentadas por Pirelli en la serie 01 y aplicada a las necesidades espec\u00edficas de uso urbano y especialmente dise\u00f1adas para permitir el recauchutado y as\u00ed garantizar una mayor vida \u00fatil. Confort y seguridad alcanzan nuevas cotas: baja generaci\u00f3n de ruido, una mejor adherencia a la carretera y el control, incluso en condiciones de mojado y fr\u00edo y en diferentes superficies de carretera.<\/p>\n","protected":false},"featured_media":4281,"comment_status":"open","ping_status":"closed","template":"","meta":[],"product_cat":[202,211,33],"product_tag":[],"class_list":["post-4280","product","type-product","status-publish","has-post-thumbnail","hentry","product_cat-295-80r22-5","product_cat-direccional-regional","product_cat-pirelli"],"jetpack_sharing_enabled":true,"_links":{"self":[{"href":"https:\/\/www.fletxstore.com\/index.php\/wp-json\/wp\/v2\/product\/4280","targetHints":{"allow":["GET"]}}],"collection":[{"href":"https:\/\/www.fletxstore.com\/index.php\/wp-json\/wp\/v2\/product"}],"about":[{"href":"https:\/\/www.fletxstore.com\/index.php\/wp-json\/wp\/v2\/types\/product"}],"replies":[{"embeddable":true,"href":"https:\/\/www.fletxstore.com\/index.php\/wp-json\/wp\/v2\/comments?post=4280"}],"version-history":[{"count":1,"href":"https:\/\/www.fletxstore.com\/index.php\/wp-json\/wp\/v2\/product\/4280\/revisions"}],"predecessor-version":[{"id":4282,"href":"https:\/\/www.fletxstore.com\/index.php\/wp-json\/wp\/v2\/product\/4280\/revisions\/4282"}],"wp:featuredmedia":[{"embeddable":true,"href":"https:\/\/www.fletxstore.com\/index.php\/wp-json\/wp\/v2\/media\/4281"}],"wp:attachment":[{"href":"https:\/\/www.fletxstore.com\/index.php\/wp-json\/wp\/v2\/media?parent=4280"}],"wp:term":[{"taxonomy":"product_cat","embeddable":true,"href":"https:\/\/www.fletxstore.com\/index.php\/wp-json\/wp\/v2\/product_cat?post=4280"},{"taxonomy":"product_tag","embeddable":true,"href":"https:\/\/www.fletxstore.com\/index.php\/wp-json\/wp\/v2\/product_tag?post=4280"}],"curies":[{"name":"wp","href":"https:\/\/api.w.org\/{rel}","templated":true}]}}