{"id":4220,"date":"2024-07-17T17:15:57","date_gmt":"2024-07-17T17:15:57","guid":{"rendered":"https:\/\/www.fletxstore.com\/?post_type=product&#038;p=4220"},"modified":"2024-07-17T17:46:17","modified_gmt":"2024-07-17T17:46:17","slug":"maxell-super-ha1-295-80r22-5","status":"publish","type":"product","link":"https:\/\/www.fletxstore.com\/index.php\/producto\/maxell-super-ha1-295-80r22-5\/","title":{"rendered":"MAXELL SUPER HA1 295\/80R22.5"},"content":{"rendered":"","protected":false},"excerpt":{"rendered":"<p>\u2022 La nueva imagen de producto de dise\u00f1o bi\u00f3nico proporciona un buen impacto visual.<br \/>\n\u2022 Mayor ancho de la banda de rodadura para una correcta distribuci\u00f3n de la presi\u00f3n de contacto de la huella, capaz de mejorar el desgaste uniforme y garantizar un alto kilometraje.<br \/>\n\u2022 La distribuci\u00f3n optimizada del tono del patr\u00f3n, especialmente con el dise\u00f1o escalonado, proporciona un agarre en mojado m\u00e1s fuerte y un rendimiento silencioso.<br \/>\n\u2022 El contorno especial de los hombros garantiza un desgaste uniforme \u00f3ptimo y un mayor kilometraje.<\/p>\n","protected":false},"featured_media":4254,"comment_status":"open","ping_status":"closed","template":"","meta":[],"product_cat":[202,211,218],"product_tag":[],"class_list":["post-4220","product","type-product","status-publish","has-post-thumbnail","hentry","product_cat-295-80r22-5","product_cat-direccional-regional","product_cat-maxell"],"jetpack_sharing_enabled":true,"_links":{"self":[{"href":"https:\/\/www.fletxstore.com\/index.php\/wp-json\/wp\/v2\/product\/4220","targetHints":{"allow":["GET"]}}],"collection":[{"href":"https:\/\/www.fletxstore.com\/index.php\/wp-json\/wp\/v2\/product"}],"about":[{"href":"https:\/\/www.fletxstore.com\/index.php\/wp-json\/wp\/v2\/types\/product"}],"replies":[{"embeddable":true,"href":"https:\/\/www.fletxstore.com\/index.php\/wp-json\/wp\/v2\/comments?post=4220"}],"version-history":[{"count":2,"href":"https:\/\/www.fletxstore.com\/index.php\/wp-json\/wp\/v2\/product\/4220\/revisions"}],"predecessor-version":[{"id":4260,"href":"https:\/\/www.fletxstore.com\/index.php\/wp-json\/wp\/v2\/product\/4220\/revisions\/4260"}],"wp:featuredmedia":[{"embeddable":true,"href":"https:\/\/www.fletxstore.com\/index.php\/wp-json\/wp\/v2\/media\/4254"}],"wp:attachment":[{"href":"https:\/\/www.fletxstore.com\/index.php\/wp-json\/wp\/v2\/media?parent=4220"}],"wp:term":[{"taxonomy":"product_cat","embeddable":true,"href":"https:\/\/www.fletxstore.com\/index.php\/wp-json\/wp\/v2\/product_cat?post=4220"},{"taxonomy":"product_tag","embeddable":true,"href":"https:\/\/www.fletxstore.com\/index.php\/wp-json\/wp\/v2\/product_tag?post=4220"}],"curies":[{"name":"wp","href":"https:\/\/api.w.org\/{rel}","templated":true}]}}