{"id":4215,"date":"2024-07-16T17:16:27","date_gmt":"2024-07-16T17:16:27","guid":{"rendered":"https:\/\/www.fletxstore.com\/?post_type=product&#038;p=4215"},"modified":"2024-07-16T19:36:20","modified_gmt":"2024-07-16T19:36:20","slug":"maxell-super-ld2-295-80r22-5","status":"publish","type":"product","link":"https:\/\/www.fletxstore.com\/index.php\/producto\/maxell-super-ld2-295-80r22-5\/","title":{"rendered":"MAXELL SUPER LD2 295\/80R22.5"},"content":{"rendered":"<p><strong>Caracter\u00edsticas Adicionales: <\/strong><\/p>\n<ul>\n<li><strong>Baja resistencia al rodamiento:<\/strong> Mejora la eficiencia de combustible<\/li>\n<li><strong>Dise\u00f1o de banda de rodadura optimizado:<\/strong> Proporciona una mejor tracci\u00f3n y menor desgaste irregular<\/li>\n<li><strong>Alta durabilidad:<\/strong> Fabricada para soportar cargas pesadas y largas distancias sin comprometer el rendimiento<\/li>\n<\/ul>\n<h3>Beneficios:<\/h3>\n<ul>\n<li><strong>Mayor eficiencia de combustible<\/strong> gracias a su dise\u00f1o de baja resistencia al rodamiento.<\/li>\n<li><strong>Larga vida \u00fatil<\/strong> debido a su compuesto de alta durabilidad.<\/li>\n<li><strong>Conducci\u00f3n c\u00f3moda y segura<\/strong> en largas distancias.<\/li>\n<\/ul>\n","protected":false},"excerpt":{"rendered":"<p>\u2022 El patr\u00f3n amplio y direccional con un dise\u00f1o de ranura m\u00e1s profundo mejora eficazmente el alto kilometraje, el desgaste uniforme y una mejor tracci\u00f3n.<\/p>\n<p>\u2022 Distribuci\u00f3n optimizada de la presi\u00f3n de contacto de la huella, capaz de mejorar el desgaste y garantizar un alto kilometraje.<\/p>\n<p>\u2022 Los sipes 3D especiales en el bloque de la banda de rodadura proporcionan un mayor agarre y un rendimiento de tracci\u00f3n en condiciones secas y h\u00famedas.<\/p>\n<p>\u2022 El dise\u00f1o de lados de doble onda y gotas de lluvia garantiza una fuerte tracci\u00f3n en la superficie de la carretera h\u00fameda.<\/p>\n<p>\u2022 Los siles de la bomba en el bloque proporcionan una mayor resistencia a los accidentes<\/p>\n","protected":false},"featured_media":4218,"comment_status":"open","ping_status":"closed","template":"","meta":[],"product_cat":[202,218,210],"product_tag":[],"class_list":["post-4215","product","type-product","status-publish","has-post-thumbnail","hentry","product_cat-295-80r22-5","product_cat-maxell","product_cat-traccion-regional"],"jetpack_sharing_enabled":true,"_links":{"self":[{"href":"https:\/\/www.fletxstore.com\/index.php\/wp-json\/wp\/v2\/product\/4215","targetHints":{"allow":["GET"]}}],"collection":[{"href":"https:\/\/www.fletxstore.com\/index.php\/wp-json\/wp\/v2\/product"}],"about":[{"href":"https:\/\/www.fletxstore.com\/index.php\/wp-json\/wp\/v2\/types\/product"}],"replies":[{"embeddable":true,"href":"https:\/\/www.fletxstore.com\/index.php\/wp-json\/wp\/v2\/comments?post=4215"}],"version-history":[{"count":1,"href":"https:\/\/www.fletxstore.com\/index.php\/wp-json\/wp\/v2\/product\/4215\/revisions"}],"predecessor-version":[{"id":4217,"href":"https:\/\/www.fletxstore.com\/index.php\/wp-json\/wp\/v2\/product\/4215\/revisions\/4217"}],"wp:featuredmedia":[{"embeddable":true,"href":"https:\/\/www.fletxstore.com\/index.php\/wp-json\/wp\/v2\/media\/4218"}],"wp:attachment":[{"href":"https:\/\/www.fletxstore.com\/index.php\/wp-json\/wp\/v2\/media?parent=4215"}],"wp:term":[{"taxonomy":"product_cat","embeddable":true,"href":"https:\/\/www.fletxstore.com\/index.php\/wp-json\/wp\/v2\/product_cat?post=4215"},{"taxonomy":"product_tag","embeddable":true,"href":"https:\/\/www.fletxstore.com\/index.php\/wp-json\/wp\/v2\/product_tag?post=4215"}],"curies":[{"name":"wp","href":"https:\/\/api.w.org\/{rel}","templated":true}]}}