{"id":4210,"date":"2024-07-16T14:09:47","date_gmt":"2024-07-16T14:09:47","guid":{"rendered":"https:\/\/www.fletxstore.com\/?post_type=product&#038;p=4210"},"modified":"2024-07-16T14:09:48","modified_gmt":"2024-07-16T14:09:48","slug":"black-lion-bd175-295-80r22-5","status":"publish","type":"product","link":"https:\/\/www.fletxstore.com\/index.php\/producto\/black-lion-bd175-295-80r22-5\/","title":{"rendered":"BLACK LION BD175 295\/80R22.5"},"content":{"rendered":"<p>Con\u00a0<strong>Blacklion\u00ae<\/strong>\u00a0ser\u00e1s el due\u00f1o de tu destino, ya que encontrar\u00e1s la llanta apropiada para cada tipo de terreno, desde los trayectos largos para viajar por las carreteras del pa\u00eds o el continente, hasta las v\u00edas dentro de la ciudad y en campo abierto. No importa cu\u00e1l sea tu estilo de manejo, puedes confiar en\u00a0<strong>Blacklion\u00ae<\/strong>\u00a0para llegar a tu destino de forma segura y confiable, as\u00ed lo confirman la alt\u00edsima calidad de sus componentes, su durabilidad y la resistencia de su dise\u00f1o. Encuentra aqu\u00ed la\u00a0<strong>Blacklion\u00ae<\/strong>\u00a0que mejor se adapte a tu necesidad.<\/p>\n","protected":false},"excerpt":{"rendered":"<p>Las llantas Blacklion BD175 es un neum\u00e1tico para cami\u00f3n con eje motriz adecuado para camiones de kilometraje medio y largo que circulan por carreteras pavimentadas y de carretera. Los resistentes bloques proporcionan una excelente tracci\u00f3n, alta resistencia al desgaste y resistencia al desgarro de la banda de rodadura. El Blacklion BD175 ofrece una excelente relaci\u00f3n calidad-precio para mantener bajos los costes de funcionamiento.<\/p>\n","protected":false},"featured_media":4211,"comment_status":"open","ping_status":"closed","template":"","meta":[],"product_cat":[202,216,210],"product_tag":[],"class_list":["post-4210","product","type-product","status-publish","has-post-thumbnail","hentry","product_cat-295-80r22-5","product_cat-blacklion","product_cat-traccion-regional"],"jetpack_sharing_enabled":true,"_links":{"self":[{"href":"https:\/\/www.fletxstore.com\/index.php\/wp-json\/wp\/v2\/product\/4210","targetHints":{"allow":["GET"]}}],"collection":[{"href":"https:\/\/www.fletxstore.com\/index.php\/wp-json\/wp\/v2\/product"}],"about":[{"href":"https:\/\/www.fletxstore.com\/index.php\/wp-json\/wp\/v2\/types\/product"}],"replies":[{"embeddable":true,"href":"https:\/\/www.fletxstore.com\/index.php\/wp-json\/wp\/v2\/comments?post=4210"}],"version-history":[{"count":2,"href":"https:\/\/www.fletxstore.com\/index.php\/wp-json\/wp\/v2\/product\/4210\/revisions"}],"predecessor-version":[{"id":4214,"href":"https:\/\/www.fletxstore.com\/index.php\/wp-json\/wp\/v2\/product\/4210\/revisions\/4214"}],"wp:featuredmedia":[{"embeddable":true,"href":"https:\/\/www.fletxstore.com\/index.php\/wp-json\/wp\/v2\/media\/4211"}],"wp:attachment":[{"href":"https:\/\/www.fletxstore.com\/index.php\/wp-json\/wp\/v2\/media?parent=4210"}],"wp:term":[{"taxonomy":"product_cat","embeddable":true,"href":"https:\/\/www.fletxstore.com\/index.php\/wp-json\/wp\/v2\/product_cat?post=4210"},{"taxonomy":"product_tag","embeddable":true,"href":"https:\/\/www.fletxstore.com\/index.php\/wp-json\/wp\/v2\/product_tag?post=4210"}],"curies":[{"name":"wp","href":"https:\/\/api.w.org\/{rel}","templated":true}]}}