{"id":4140,"date":"2024-07-07T15:13:51","date_gmt":"2024-07-07T15:13:51","guid":{"rendered":"https:\/\/www.fletxstore.com\/?post_type=product&#038;p=4140"},"modified":"2024-08-10T00:34:56","modified_gmt":"2024-08-10T00:34:56","slug":"bolsa-de-aire-de-carga","status":"publish","type":"product","link":"https:\/\/www.fletxstore.com\/index.php\/producto\/bolsa-de-aire-de-carga\/","title":{"rendered":"BOLSA DE AIRE DE CARGA"},"content":{"rendered":"<p>Componentes de una bolsa de aire<\/p>\n<ol>\n<li><strong>PERNO<\/strong> :Pieza permanente del ensamble de la placa de cierre utilizada para conectar la bolsa a la suspensi\u00f3n.<\/li>\n<li><strong>PERNO DE COMBINACION :<\/strong>Combinaci\u00f3n perno de montaje y entrada de aire.<\/li>\n<li><strong>PLACA DE CIERRE \/TAPA SUPERIOR:<\/strong> Plegada sobre la membrana de hule desde la f\u00e1brica permitiendo la prueba completa de fugas de piezas antes del env\u00edo.<\/li>\n<li>F<strong>UELLE \/ MEMBRANA DE HULE: <\/strong>El coraz\u00f3n de la bolsa de a\u00edre. Incluye por lo menos cuatro capas de material &#8211; una capa interna de hule, dos capas de tela reforzada con cord\u00f3n y la capa externa de hule.<\/li>\n<li><strong>TOPE:<\/strong>Un dispositivo de hule s\u00f3lido moldeado a prueba de error, utilizando en muchas aplicaciones de suspensiones.<\/li>\n<li><strong>PLACA DE CIERRE \/TAPA SUPERIOR: <\/strong>Plegada sobre la membrana de hule desde de fugas de piezas antes del env\u00edo.<\/li>\n<li><strong>PLACA DE CIERRE \/ TAPA INFERIOR: <\/strong>Plegada sobre la membrana de hule desde de fugas de piezas antes del env\u00edo.<br \/>\nla f\u00e1brica permitiendo la prueba completa<\/li>\n<\/ol>\n","protected":false},"excerpt":{"rendered":"<ul class=\"list-normal\">\n<li>Mayor capacidad de carga<\/li>\n<li>Facilidad del mantenimiento<\/li>\n<li>Dise\u00f1adas para cabezote delantero, Tandem, veh\u00edculos de pasajeros y trailer<\/li>\n<\/ul>\n","protected":false},"featured_media":4141,"comment_status":"open","ping_status":"closed","template":"","meta":[],"product_cat":[16,272],"product_tag":[],"class_list":["post-4140","product","type-product","status-publish","has-post-thumbnail","hentry","product_cat-autopartes","product_cat-bombonas"],"jetpack_sharing_enabled":true,"_links":{"self":[{"href":"https:\/\/www.fletxstore.com\/index.php\/wp-json\/wp\/v2\/product\/4140","targetHints":{"allow":["GET"]}}],"collection":[{"href":"https:\/\/www.fletxstore.com\/index.php\/wp-json\/wp\/v2\/product"}],"about":[{"href":"https:\/\/www.fletxstore.com\/index.php\/wp-json\/wp\/v2\/types\/product"}],"replies":[{"embeddable":true,"href":"https:\/\/www.fletxstore.com\/index.php\/wp-json\/wp\/v2\/comments?post=4140"}],"version-history":[{"count":1,"href":"https:\/\/www.fletxstore.com\/index.php\/wp-json\/wp\/v2\/product\/4140\/revisions"}],"predecessor-version":[{"id":4143,"href":"https:\/\/www.fletxstore.com\/index.php\/wp-json\/wp\/v2\/product\/4140\/revisions\/4143"}],"wp:featuredmedia":[{"embeddable":true,"href":"https:\/\/www.fletxstore.com\/index.php\/wp-json\/wp\/v2\/media\/4141"}],"wp:attachment":[{"href":"https:\/\/www.fletxstore.com\/index.php\/wp-json\/wp\/v2\/media?parent=4140"}],"wp:term":[{"taxonomy":"product_cat","embeddable":true,"href":"https:\/\/www.fletxstore.com\/index.php\/wp-json\/wp\/v2\/product_cat?post=4140"},{"taxonomy":"product_tag","embeddable":true,"href":"https:\/\/www.fletxstore.com\/index.php\/wp-json\/wp\/v2\/product_tag?post=4140"}],"curies":[{"name":"wp","href":"https:\/\/api.w.org\/{rel}","templated":true}]}}