{"id":4133,"date":"2024-07-04T20:24:19","date_gmt":"2024-07-04T20:24:19","guid":{"rendered":"https:\/\/www.fletxstore.com\/?post_type=product&#038;p=4133"},"modified":"2024-08-07T14:01:42","modified_gmt":"2024-08-07T14:01:42","slug":"shell-rimula-r4x-15w40-ci4-tambor-55-galones","status":"publish","type":"product","link":"https:\/\/www.fletxstore.com\/index.php\/producto\/shell-rimula-r4x-15w40-ci4-tambor-55-galones\/","title":{"rendered":"SHELL RIMULA R4X 15W40 CI4 (TAMBOR 55 GALONES)"},"content":{"rendered":"<ul id=\"tabs\" class=\"tabs\"><\/ul>\n<div class=\"tab-box tabs-container\">\n<div id=\"tab1\" class=\" vc_clearfix tab_content\">\n<div class=\"wpb_text_column wpb_content_element ct_kncarmy0o2ucpco9qmg8\">\n<div class=\"wpb_wrapper\">\n<p><strong>Especificaciones, Aprobaciones y Recomendaciones\u00a0<\/strong><\/p>\n<ul>\n<li>API CI-4, CH-4, CG-4, CF.SL<\/li>\n<li>ACEA E7, E5, E3<\/li>\n<li>Global DHD-1<\/li>\n<li>Caterpillar ECF-2, ECF-1-A<\/li>\n<li>Cummins CES 20078, 77, 76, 75, 72, 71<\/li>\n<li>DDC 93K215<\/li>\n<li>Deutz DQC III-10<\/li>\n<li>IVECO T1 (cumple los requerimientos)<\/li>\n<li>JASO DH-1<\/li>\n<li>Mack EO-M+, EO-M<\/li>\n<li>MAN M3275-1<\/li>\n<li>MB-Approval 228.3<\/li>\n<li>MTU Category 2<\/li>\n<li>Renault Trucks RLD-2<\/li>\n<li>Volvo VDS-3<\/li>\n<li>CNH MAT 3520 (cumple especificaci\u00f3n)<\/li>\n<\/ul>\n<p><strong>Aplicaciones<\/strong><\/p>\n<ul>\n<li><strong>Motores di\u00e9sel de veh\u00edculos pesados operando en condiciones severas<\/strong>: Shell Rimula R4 X proporciona la mejor protecci\u00f3n y rendimiento en los \u00faltimos motores di\u00e9sel de alta potencia de fabricantes europeos, americanos y japoneses, tanto en aplicaciones en carretera como fuera de ella.<\/li>\n<li><strong>Motores de alta tecnolog\u00eda y bajas emisiones<\/strong>: Shell Rimula R4 X es apropiado para la mayor\u00eda de motores modernos de bajas emisiones, cumpliendo con los requerimientos de emisiones Euro 5, 4, 3, 2 y US 2002. Para motores equipados con los \u00faltimos sistemas de control de emisiones, especialmente para aquellos con filtro de part\u00edculas (DPF), se recomienda el uso de nuestros productos de bajo contenido en cenizas Shell Rimula R4 L o Shell Rimula R5 LE.<\/li>\n<\/ul>\n<p><strong>Beneficios del producto<\/strong><\/p>\n<ul>\n<li><strong>Control de la acidez y corrosi\u00f3n<\/strong>: Shell Simula R4 X presenta un excelente control de acidez, reduciendo la acumulaci\u00f3n de \u00e1cidos y evitanto la corrosi\u00f3n qu\u00edmica en los rodamientos del motor. Su formulaci\u00f3n con aditivos detergentes controla y neutraliza los \u00e1cidos procedentes de la combusti\u00f3n y ayuda a proteger la corrosi\u00f3n en las superf\u00edcies met\u00e1licas.<\/li>\n<li><strong>Protecci\u00f3n frente al desgaste<\/strong>: proporciona elevados niveles de protecci\u00f3n frente al desgaste en \u00e1reas cr\u00edticas como el tren de v\u00e1lvulas, los anillos de los pistones, y las camisas de los cilindros, gracias a sus aditivos antidesgaste dise\u00f1ados para formar una capa protectora en el contacto metal-metal en todas las condiciones de funcionamiento. Los aditivos dispensantes mantienen dispersa la carbonilla y contribuyen a evitar el desgaste.<\/li>\n<li><strong>Control de dep\u00f3sitos<\/strong>: Shell Rimula R4 X ayuda a evitar el espesamiento del aceite y la formaci\u00f3n de dep\u00f3sitos en todas las \u00e1reas del motor, incluyendo los pistones. Los aditivos detergentes y dispersantes exclusivos de Shell Rimula R4 X mantienen el motor m\u00e1s limpio que los lubricantes de tecnolog\u00eda anterior, como los productos Shell Rimula R3.<\/li>\n<\/ul>\n<p>&nbsp;<\/p>\n<\/div>\n<div class=\"wpb_wrapper\">\n<p>&nbsp;<\/p>\n<\/div>\n<\/div>\n<\/div>\n<\/div>\n","protected":false},"excerpt":{"rendered":"<p><strong>Shell Rimula R4 X<\/strong>\u00a0es un aceite de motor para veh\u00edculos pesados, contiene aditivos seleccionados y dise\u00f1ados para proporcionar triple protecci\u00f3n y mejorar la durabilidad del motor y del aceite en tres \u00e1reas cr\u00edticas como es en el control de acidez y corrosi\u00f3n, reducci\u00f3n del desgaste del motor y control de dep\u00f3sitos. Ayuda a disminuir los costes de mantenimiento e incrementar la fiabilidad de los veh\u00edculos. Adecuado para la mayor\u00eda de motores di\u00e9sel de veh\u00edculos pesados, de aspiraci\u00f3n natural o turboalimentados, para aplicaciones tanto en carretera como fuera de ella.<\/p>\n","protected":false},"featured_media":4092,"comment_status":"open","ping_status":"closed","template":"","meta":[],"product_cat":[190,185,246,248,242],"product_tag":[],"class_list":["post-4133","product","type-product","status-publish","has-post-thumbnail","hentry","product_cat-15w-40","product_cat-lubricantes","product_cat-semisintetico","product_cat-shell","product_cat-tambor"],"jetpack_sharing_enabled":true,"_links":{"self":[{"href":"https:\/\/www.fletxstore.com\/index.php\/wp-json\/wp\/v2\/product\/4133","targetHints":{"allow":["GET"]}}],"collection":[{"href":"https:\/\/www.fletxstore.com\/index.php\/wp-json\/wp\/v2\/product"}],"about":[{"href":"https:\/\/www.fletxstore.com\/index.php\/wp-json\/wp\/v2\/types\/product"}],"replies":[{"embeddable":true,"href":"https:\/\/www.fletxstore.com\/index.php\/wp-json\/wp\/v2\/comments?post=4133"}],"version-history":[{"count":2,"href":"https:\/\/www.fletxstore.com\/index.php\/wp-json\/wp\/v2\/product\/4133\/revisions"}],"predecessor-version":[{"id":4135,"href":"https:\/\/www.fletxstore.com\/index.php\/wp-json\/wp\/v2\/product\/4133\/revisions\/4135"}],"wp:featuredmedia":[{"embeddable":true,"href":"https:\/\/www.fletxstore.com\/index.php\/wp-json\/wp\/v2\/media\/4092"}],"wp:attachment":[{"href":"https:\/\/www.fletxstore.com\/index.php\/wp-json\/wp\/v2\/media?parent=4133"}],"wp:term":[{"taxonomy":"product_cat","embeddable":true,"href":"https:\/\/www.fletxstore.com\/index.php\/wp-json\/wp\/v2\/product_cat?post=4133"},{"taxonomy":"product_tag","embeddable":true,"href":"https:\/\/www.fletxstore.com\/index.php\/wp-json\/wp\/v2\/product_tag?post=4133"}],"curies":[{"name":"wp","href":"https:\/\/api.w.org\/{rel}","templated":true}]}}