{"id":4125,"date":"2024-07-04T19:58:08","date_gmt":"2024-07-04T19:58:08","guid":{"rendered":"https:\/\/www.fletxstore.com\/?post_type=product&#038;p=4125"},"modified":"2024-08-07T14:07:23","modified_gmt":"2024-08-07T14:07:23","slug":"total-rubia-tir-7400-15w40-ci4","status":"publish","type":"product","link":"https:\/\/www.fletxstore.com\/index.php\/producto\/total-rubia-tir-7400-15w40-ci4\/","title":{"rendered":"TOTAL RUBIA TIR 7400 15W40 CI4"},"content":{"rendered":"<p><strong>APLICACIONES TOTAL RUBIA TIR 7400 15W-40<\/strong> es un lubricante mineral utilizado en motores di\u00e9sel Euro III y IV y anteriores, de la mayor\u00eda de los fabricantes europeos y americanos. Tambi\u00e9n est\u00e1 adecuado para motores Euro V y anteriores de algunos fabricantes con intervalos de cambio de aceite apropiados. TOTAL RUBIA TIR 7400 15W-40 permite cubrir algunas flotas de marcas mixtas (fabricantes estadounidenses y europeos) con un n\u00famero m\u00ednimo de productos. PRESTACIONES Y BENEFICIOS PARA EL USUARIO TOTAL RUBIA TIR 7400 15W-40 posee excelente estabilidad de viscosidad en servicio, lo que garantiza una lubricaci\u00f3n efectiva del motor en condiciones severas. Las excelentes propiedades detergentes, dispersantes y antidesgaste mantienen el motor limpio y permiten un control eficiente de el holl\u00edn, los lodos y los dep\u00f3sitos en el pist\u00f3n. El rendimiento de limpieza del pist\u00f3n ofrece una protecci\u00f3n efectiva contra el pulido del cilindro.<\/p>\n<p><strong>CARACTERISTICAS FISICO-QUIMICAS* <\/strong><\/p>\n<p>Ensayos Unidades M\u00e9todos Valor Densidad a 15\u00b0C kg\/m3 ASTM D1298 888 Viscosidad cinem\u00e1tica a 40\u00b0C mm2 \/s ASTM D445 98,7 Viscosidad cinem\u00e1tica a 100\u00b0C mm2 \/s ASTM D445 13,4 \u00cdndice de viscosidad &#8211; ASTM D2270 136 Punto de inflamaci\u00f3n \u00b0C ASTM D92 236 Punto de congelaci\u00f3n \u00b0C ASTM D97 -30 T.B.N mg KOH\/g ASTM D2896 11 Cenizas sulfatadas % m\/m ASTM D874 1,45 * Los valores de las caracter\u00edsticas que figuran en este cuadre son valores t\u00edpicos, y no constituyen una especificaci\u00f3n.<\/p>\n<p><strong>RECOMENDACIONES DE USO <\/strong><\/p>\n<p>Antes de utilizar el producto, es muy importante revisar la gu\u00eda de mantenimiento del veh\u00edculo: el cambio de aceite debe realizarse siguiendo las recomendaciones del fabricante. El producto no debe ser almacenado a temperaturas superiores a los 60\u00baC evitando exposici\u00f3n directa sol, frio intenso o variaciones fuertes de temperatura. Se recomienda almacenarlo bajo techo. En caso contrario, los bidones deben ser almacenados horizontalmente para evitar una contaminaci\u00f3n eventual por agua, as\u00ed como el deterioro de la etiqueta.<\/p>\n<p><strong>SALUD, SEGURIDAD Y MEDIOAMBIENTE <\/strong><\/p>\n<p>De acuerdo con la informaci\u00f3n toxicol\u00f3gicas disponible, este producto no causa efectos adversos para la salud al ser utilizado en las funciones para las que ha sido dise\u00f1ado, y siguiendo las indicaciones que se proporcionan en las Hoja de Seguridad. Esta puede ser obtenida en la p\u00e1gina web www.quickfds.com. Este producto no debe ser usado en otro tipo de aplicaciones diferentes a aquellas para las cuales ha sido desarrollado. Una vez se ha usado el producto debe ser eliminado siguiendo las normativas y regulaciones establecidas por la ley.<\/p>\n","protected":false},"excerpt":{"rendered":"<p><strong>Lubricante mineral para motores di\u00e9sel de veh\u00edculos pesados. <\/strong><\/p>\n<p><strong>ESPECIFICACIONES Y HOMOLOGACIONES <\/strong><\/p>\n<p><strong>Especificaciones internacionales<\/strong> ACEA E7 API CI-4 \/ CH-4 \/ SL<\/p>\n<p><strong>Homologaciones de constructores<\/strong><\/p>\n<p>\u2713 MB-Approval 228.3<\/p>\n<p>\u2713 MAN M 3275<\/p>\n<p>\u2713 Volvo VDS-3<\/p>\n<p>\u2713 Renault Trucks RLD-2<\/p>\n<p>\u2713 Mack EO-N<\/p>\n<p>\u2713 Cummins CES 20076 \/ 77 \/ 78<\/p>\n<p><strong>Satisface las exigencias <\/strong><\/p>\n<p>\u2713 CATERPILLAR ECF-1a<\/p>\n<p>\u2713 DAF<\/p>\n<p>\u2713 IVECO T2E7<\/p>\n<p>\u2713 SCANIA<\/p>\n<p>\u2713 ISUZU<\/p>\n","protected":false},"featured_media":4126,"comment_status":"open","ping_status":"closed","template":"","meta":[],"product_cat":[190,243,185,246,189],"product_tag":[],"class_list":["post-4125","product","type-product","status-publish","has-post-thumbnail","hentry","product_cat-15w-40","product_cat-balde","product_cat-lubricantes","product_cat-semisintetico","product_cat-total"],"jetpack_sharing_enabled":true,"_links":{"self":[{"href":"https:\/\/www.fletxstore.com\/index.php\/wp-json\/wp\/v2\/product\/4125","targetHints":{"allow":["GET"]}}],"collection":[{"href":"https:\/\/www.fletxstore.com\/index.php\/wp-json\/wp\/v2\/product"}],"about":[{"href":"https:\/\/www.fletxstore.com\/index.php\/wp-json\/wp\/v2\/types\/product"}],"replies":[{"embeddable":true,"href":"https:\/\/www.fletxstore.com\/index.php\/wp-json\/wp\/v2\/comments?post=4125"}],"version-history":[{"count":1,"href":"https:\/\/www.fletxstore.com\/index.php\/wp-json\/wp\/v2\/product\/4125\/revisions"}],"predecessor-version":[{"id":4127,"href":"https:\/\/www.fletxstore.com\/index.php\/wp-json\/wp\/v2\/product\/4125\/revisions\/4127"}],"wp:featuredmedia":[{"embeddable":true,"href":"https:\/\/www.fletxstore.com\/index.php\/wp-json\/wp\/v2\/media\/4126"}],"wp:attachment":[{"href":"https:\/\/www.fletxstore.com\/index.php\/wp-json\/wp\/v2\/media?parent=4125"}],"wp:term":[{"taxonomy":"product_cat","embeddable":true,"href":"https:\/\/www.fletxstore.com\/index.php\/wp-json\/wp\/v2\/product_cat?post=4125"},{"taxonomy":"product_tag","embeddable":true,"href":"https:\/\/www.fletxstore.com\/index.php\/wp-json\/wp\/v2\/product_tag?post=4125"}],"curies":[{"name":"wp","href":"https:\/\/api.w.org\/{rel}","templated":true}]}}