{"id":4087,"date":"2024-07-03T22:34:36","date_gmt":"2024-07-03T22:34:36","guid":{"rendered":"https:\/\/www.fletxstore.com\/?post_type=product&#038;p=4087"},"modified":"2024-08-08T01:43:47","modified_gmt":"2024-08-08T01:43:47","slug":"shell-rimula-r4-l-15w40-ck4","status":"publish","type":"product","link":"https:\/\/www.fletxstore.com\/index.php\/producto\/shell-rimula-r4-l-15w40-ck4\/","title":{"rendered":"SHELL RIMULA R4 L 15W40 CK4"},"content":{"rendered":"<h1>Rendimiento, Caracter\u00edsticas Y Ventajas<\/h1>\n<h2>\u00b7 Simplifica las necesidades del inventario<\/h2>\n<p>Shell Rimula R4 L est\u00e1 aprobado por una amplia gama de<\/p>\n<p>fabricantes de equipos originales, simplificando las necesidades de inventario para flotas con diferentes marcas de motores.<\/p>\n<h2>\u00b7 Capacidad del sistema de emisiones<\/h2>\n<p>La formulaci\u00f3n avanzada de bajo contenido en cenizas<\/p>\n<p>ayuda a controlar el bloqueo de escape o el envenenamiento de dispositivos de tratamiento, ayudando a mantener la conformidad de emisiones en veh\u00edculos y la eficiencia de combustible del motor.<\/p>\n<h2>\u00b7 Menores costos de operaci\u00f3n<\/h2>\n<p>Shell Rimula R4 L est\u00e1 formulado con un sistema mejorado<\/p>\n<p>de control de \u00e1cido para ayudar a los operadores de flotas a lograr la m\u00e1xima flexibilidad de drenaje.<\/p>\n<h2>\u00b7 Excelente protecci\u00f3n contra el desgaste<\/h2>\n<p>Demostrado a trav\u00e9s de millones de kil\u00f3metros de servicio<\/p>\n<p>al cliente, Shell Rimula R4 L proporciona niveles significativamente m\u00e1s altos de protecci\u00f3n contra desgaste que los aceites de generaci\u00f3n anterior para prolongar la eficacia y la vida del motor.<\/p>\n<h2>\u00b7 Aplicaciones fuera de carretera<\/h2>\n<p>Adecuado para uso en aplicaciones agr\u00edcolas y de<\/p>\n<p>construcci\u00f3n, incluso con altos niveles de azufre en el combustible.<\/p>\n<ul>\n<li><strong>Motores diesel de servicio pesado para condiciones severas <\/strong>Shell Rimula R4 L cumple con los requisitos de los<\/li>\n<\/ul>\n<p>principales fabricantes de motores europeos y norteamericanos para aplicaciones de baja emisi\u00f3n.<\/p>\n<h1>Especificaciones, Aprobaciones &amp; Recomendaciones<\/h1>\n<ul>\n<li>API CK-4, CJ-4, CI-4 Plus, CI-4, CH-4, SN<\/li>\n<li>ACEA E9, E7<\/li>\n<li>Allison TES 439<\/li>\n<li>Caterpillar ECF-3, ECF-2<\/li>\n<li>Cummins CES 20086, 20081<\/li>\n<li>Detroit Fluids Specification (DFS) 93K222, 93K218<\/li>\n<li>Deutz DQC III-10 LA<\/li>\n<li>MAN M3575<\/li>\n<li>MB-Approval 31<\/li>\n<li>MTU Category 1<\/li>\n<li>JASO DH-2<\/li>\n<li>IVECO T2 E7 (Cumple especificaci\u00f3n)<\/li>\n<li>Volvo VDS-4.5, VDS-4<\/li>\n<li>Mack EO-S 5, EO-O Premium Plus<\/li>\n<li>Renault Truck RLD-4, RLD-3<\/li>\n<\/ul>\n<p>Para obtener una lista completa de aprobaciones y recomendaciones de equipo, consulte a su servicio de asistencia t\u00e9cnica local de Shell.<\/p>\n<p>&nbsp;<\/p>\n<h1>Caracter\u00edsticas f\u00edsicas t\u00edpicas<\/h1>\n<p><strong>\u00a0<\/strong><\/p>\n<table>\n<tbody>\n<tr>\n<td colspan=\"3\" width=\"433\"><strong>Properties<\/strong><\/td>\n<td width=\"98\"><strong>Method<\/strong><\/td>\n<td width=\"143\"><strong>Shell<\/strong> <strong>Rimula<\/strong> <strong>R4<\/strong> <strong>L 15W-<\/strong><strong>40<\/strong><\/td>\n<\/tr>\n<tr>\n<td width=\"181\"><strong>Viscosidad<\/strong><strong> Cinem\u00e1tica<\/strong><\/td>\n<td width=\"126\">@400C<\/td>\n<td width=\"126\">mm2\/s<\/td>\n<td width=\"98\">ASTM D445<\/td>\n<td width=\"143\">115<\/td>\n<\/tr>\n<tr>\n<td width=\"181\"><strong>Viscosidad<\/strong><strong> Cinem\u00e1tica<\/strong><\/td>\n<td width=\"126\">@1000C<\/td>\n<td width=\"126\">mm2\/s<\/td>\n<td width=\"98\">ASTM D445<\/td>\n<td width=\"143\">15.3<\/td>\n<\/tr>\n<tr>\n<td colspan=\"3\" width=\"433\"><strong>\u00cdndice<\/strong> <strong>de<\/strong> <strong>Viscosidad<\/strong><\/td>\n<td width=\"98\">ASTM D2270<\/td>\n<td width=\"143\">139<\/td>\n<\/tr>\n<tr>\n<td width=\"181\"><strong>Densidad<\/strong><\/td>\n<td width=\"126\">@150C<\/td>\n<td width=\"126\">kg\/l<\/td>\n<td width=\"98\">ASTM D4052<\/td>\n<td width=\"143\">0.876<\/td>\n<\/tr>\n<tr>\n<td width=\"181\"><strong>Cenizas <\/strong><strong>Sulfatadas<\/strong><\/td>\n<td width=\"126\"><\/td>\n<td width=\"126\">% m\u00e1ximo<\/td>\n<td width=\"98\">ASTM D874<\/td>\n<td width=\"143\">1.0<\/td>\n<\/tr>\n<tr>\n<td width=\"181\"><strong>N\u00famero<\/strong> <strong>Total<\/strong> <strong>de<\/strong> <strong>Base<\/strong><\/td>\n<td width=\"126\"><\/td>\n<td width=\"126\">mg KOH\/g<\/td>\n<td width=\"98\">ASTM D2896<\/td>\n<td width=\"143\">10<\/td>\n<\/tr>\n<tr>\n<td width=\"181\"><strong>Punto<\/strong> <strong>de<\/strong> <strong>Chispa<\/strong> <strong>(COC)<\/strong><\/td>\n<td width=\"126\"><\/td>\n<td width=\"126\">0C<\/td>\n<td width=\"98\">ASTM D92<\/td>\n<td width=\"143\">236<\/td>\n<\/tr>\n<tr>\n<td width=\"181\"><strong>Punto<\/strong> <strong>de<\/strong> <strong>Fluidez<\/strong><\/td>\n<td width=\"126\"><\/td>\n<td width=\"126\">0C<\/td>\n<td width=\"98\">ASTM D97<\/td>\n<td width=\"143\">-35<\/td>\n<\/tr>\n<\/tbody>\n<\/table>\n<p>Estas caracter\u00edsticas son t\u00edpicas de la producci\u00f3n actual. Mientras que la producci\u00f3n se realiza conforme a las especificaciones de Shell, se pueden producir variaciones en estas caracter\u00edsticas.<\/p>\n<h1>Salud, Seguridad y Medio Ambiente<\/h1>\n<h2>\u00b7 Salud y Seguridad<\/h2>\n<p>Es improbable que Shell Rimula R4 L 15W-40 presente alg\u00fan peligro significativo para la salud o la seguridad cuando se use apropiadamente en la aplicaci\u00f3n recomendada y se mantenga buenos est\u00e1ndares de higiene personal.<\/p>\n<p>Evite el contacto con la piel. Use guantes impermeables con aceite usado. Tras contacto con la piel, lave inmediatamente con agua y jab\u00f3n.<\/p>\n<p>Orientaci\u00f3n sobre Seguridad y Salud est\u00e1 disponible en la Hoja de Datos de Seguridad del Material apropiada, que se<\/p>\n<p>puede obtener de <a href=\"http:\/\/www.epc.shell.com\/\">www.epc.shell.com<\/a><\/p>\n<h2>\u00b7 Proteja el Medio Ambiente<\/h2>\n<p>Lleve aceite usado a un punto de recogida autorizado. No vierta en desag\u00fces, suelo o agua.<\/p>\n<h1>Informaci\u00f3n adicional<\/h1>\n<h2>\u00b7 Consejo<\/h2>\n<p>Informaci\u00f3n sobre aplicaciones no cubiertas aqu\u00ed se puede obtener de su representante de Shell<\/p>\n","protected":false},"excerpt":{"rendered":"<p><strong><em>Aceites<\/em><\/strong> <strong><em>De<\/em><\/strong> <strong><em>Motor<\/em><\/strong> <strong><em>Diesel<\/em><\/strong> <strong><em>De<\/em><\/strong> <strong><em>Servicio<\/em><\/strong> <strong><em>Pesado<\/em><\/strong><\/p>\n<p><strong>Los<\/strong> <strong>aceites<\/strong> <strong>de<\/strong> <strong>Shell<\/strong> <strong>Rimula<\/strong> <strong>R4<\/strong> <strong>L<\/strong> <strong>utilizan<\/strong> <strong>tecnolog\u00eda<\/strong> <strong>de<\/strong> <strong>aditivos<\/strong> <strong>&#8220;Low-SAPS&#8221;<\/strong> <strong>para<\/strong> <strong>proteger<\/strong> <strong>los<\/strong> <strong>motores<\/strong> <strong>de<\/strong> <strong>baja emisi\u00f3n<\/strong> <strong>en<\/strong> <strong>condiciones<\/strong> <strong>severas.<\/strong> <strong>Ofrece<\/strong> <strong>mejoras<\/strong> <strong>en<\/strong> <strong>control<\/strong> <strong>de<\/strong> <strong>desgaste<\/strong> <strong>y<\/strong> <strong>dep\u00f3sito,<\/strong> <strong>resistente<\/strong> <strong>a<\/strong> <strong>la<\/strong> <strong>ruptura<\/strong> <strong>bajo <\/strong><strong>altas temperaturas en comparaci\u00f3n con el aceite anterior.<\/strong><\/p>\n","protected":false},"featured_media":4088,"comment_status":"open","ping_status":"closed","template":"","meta":[],"product_cat":[190,243,185,246,248],"product_tag":[],"class_list":["post-4087","product","type-product","status-publish","has-post-thumbnail","hentry","product_cat-15w-40","product_cat-balde","product_cat-lubricantes","product_cat-semisintetico","product_cat-shell"],"jetpack_sharing_enabled":true,"_links":{"self":[{"href":"https:\/\/www.fletxstore.com\/index.php\/wp-json\/wp\/v2\/product\/4087","targetHints":{"allow":["GET"]}}],"collection":[{"href":"https:\/\/www.fletxstore.com\/index.php\/wp-json\/wp\/v2\/product"}],"about":[{"href":"https:\/\/www.fletxstore.com\/index.php\/wp-json\/wp\/v2\/types\/product"}],"replies":[{"embeddable":true,"href":"https:\/\/www.fletxstore.com\/index.php\/wp-json\/wp\/v2\/comments?post=4087"}],"version-history":[{"count":3,"href":"https:\/\/www.fletxstore.com\/index.php\/wp-json\/wp\/v2\/product\/4087\/revisions"}],"predecessor-version":[{"id":4097,"href":"https:\/\/www.fletxstore.com\/index.php\/wp-json\/wp\/v2\/product\/4087\/revisions\/4097"}],"wp:featuredmedia":[{"embeddable":true,"href":"https:\/\/www.fletxstore.com\/index.php\/wp-json\/wp\/v2\/media\/4088"}],"wp:attachment":[{"href":"https:\/\/www.fletxstore.com\/index.php\/wp-json\/wp\/v2\/media?parent=4087"}],"wp:term":[{"taxonomy":"product_cat","embeddable":true,"href":"https:\/\/www.fletxstore.com\/index.php\/wp-json\/wp\/v2\/product_cat?post=4087"},{"taxonomy":"product_tag","embeddable":true,"href":"https:\/\/www.fletxstore.com\/index.php\/wp-json\/wp\/v2\/product_tag?post=4087"}],"curies":[{"name":"wp","href":"https:\/\/api.w.org\/{rel}","templated":true}]}}