{"id":4062,"date":"2024-07-03T18:41:08","date_gmt":"2024-07-03T18:41:08","guid":{"rendered":"https:\/\/www.fletxstore.com\/?post_type=product&#038;p=4062"},"modified":"2024-08-08T17:18:31","modified_gmt":"2024-08-08T17:18:31","slug":"chevron-delo-400-xle-sb-15w-40-mini-balde-2-5-galones","status":"publish","type":"product","link":"https:\/\/www.fletxstore.com\/index.php\/producto\/chevron-delo-400-xle-sb-15w-40-mini-balde-2-5-galones\/","title":{"rendered":"CHEVRON DELO 400 XLE SB 15W 40 MINI BALDE 2.5 GALONES"},"content":{"rendered":"<p><strong>APROBACIONES\/ESPECIFICACIONES (entre otras)<\/strong><\/p>\n<ul>\n<li>Categor\u00edas de Servicio API CK-4, CJ-4, CI-4 PLUS, CI-4, CH-4, SN<\/li>\n<li>Especificaci\u00f3n de Fluidos Detroit (DFS) 93K222<\/li>\n<li>ACEA E9<\/li>\n<li>Cummins CES 20086<\/li>\n<li>Caterpillar ECF-3<\/li>\n<\/ul>\n","protected":false},"excerpt":{"rendered":"<h2>Delo\u00ae\u00a0400 SDE<\/h2>\n<h6>SAE 15W-40 \/ API CK-4\/SN<\/h6>\n<p>Aceite para motores de flota mixta recomendado para motores di\u00e9sel de cuatro tiempos, atmosf\u00e9ricos y turboalimentados y motores de gasolina de cuatro tiempos, en los cuales se recomiendan categor\u00edas de servicio API CK-4 o SN y un grado de viscosidad SAE 15W-40. BENEFICIOS PARA EL CLIENTE:<\/p>\n<ul>\n<li>Gran rendimiento del sistema de control de emisiones<\/li>\n<li>Mejor gesti\u00f3n de los inventarios del aceite<\/li>\n<li>Costos de operaci\u00f3n minimizados<\/li>\n<\/ul>\n","protected":false},"featured_media":4067,"comment_status":"open","ping_status":"closed","template":"","meta":[],"product_cat":[190,186,185,263,246],"product_tag":[],"class_list":["post-4062","product","type-product","status-publish","has-post-thumbnail","hentry","product_cat-15w-40","product_cat-chevron","product_cat-lubricantes","product_cat-mini-balde","product_cat-semisintetico"],"jetpack_sharing_enabled":true,"_links":{"self":[{"href":"https:\/\/www.fletxstore.com\/index.php\/wp-json\/wp\/v2\/product\/4062","targetHints":{"allow":["GET"]}}],"collection":[{"href":"https:\/\/www.fletxstore.com\/index.php\/wp-json\/wp\/v2\/product"}],"about":[{"href":"https:\/\/www.fletxstore.com\/index.php\/wp-json\/wp\/v2\/types\/product"}],"replies":[{"embeddable":true,"href":"https:\/\/www.fletxstore.com\/index.php\/wp-json\/wp\/v2\/comments?post=4062"}],"version-history":[{"count":1,"href":"https:\/\/www.fletxstore.com\/index.php\/wp-json\/wp\/v2\/product\/4062\/revisions"}],"predecessor-version":[{"id":4063,"href":"https:\/\/www.fletxstore.com\/index.php\/wp-json\/wp\/v2\/product\/4062\/revisions\/4063"}],"wp:featuredmedia":[{"embeddable":true,"href":"https:\/\/www.fletxstore.com\/index.php\/wp-json\/wp\/v2\/media\/4067"}],"wp:attachment":[{"href":"https:\/\/www.fletxstore.com\/index.php\/wp-json\/wp\/v2\/media?parent=4062"}],"wp:term":[{"taxonomy":"product_cat","embeddable":true,"href":"https:\/\/www.fletxstore.com\/index.php\/wp-json\/wp\/v2\/product_cat?post=4062"},{"taxonomy":"product_tag","embeddable":true,"href":"https:\/\/www.fletxstore.com\/index.php\/wp-json\/wp\/v2\/product_tag?post=4062"}],"curies":[{"name":"wp","href":"https:\/\/api.w.org\/{rel}","templated":true}]}}