{"id":4037,"date":"2024-06-27T20:48:26","date_gmt":"2024-06-27T20:48:26","guid":{"rendered":"https:\/\/www.fletxstore.com\/?post_type=product&#038;p=4037"},"modified":"2024-08-08T01:51:02","modified_gmt":"2024-08-08T01:51:02","slug":"total-rubia-opt-1100-15w40-ck4","status":"publish","type":"product","link":"https:\/\/www.fletxstore.com\/index.php\/producto\/total-rubia-opt-1100-15w40-ck4\/","title":{"rendered":"TOTAL RUBIA OPT.1100 15W40 CK4"},"content":{"rendered":"<p><strong>T EC N O L O G \u00cd A <\/strong><\/p>\n<p>I n n o &#8211; B o o s t t e c h n o l o g y<\/p>\n<p>Listo para la nueva generaci\u00f3n de motores.<\/p>\n<p>Los productos TOTAL RUBIA OPTIMA, formulados con tecnolog\u00eda Inno-Boost, contienen la mezcla correcta de mol\u00e9culas antioxidantes ultrarresistentes. Estas mol\u00e9culas activas previenen la formaci\u00f3n de radicales y preservan la integridad de las cadenas de hidrocarburos. Por lo tanto, el aceite de motor mantiene una viscosidad estable y conserva sus propiedades por m\u00e1s tiempo.<\/p>\n<p><strong>A P L I C A C I O N E S <\/strong><\/p>\n<p>Rubia Optima 1100 15W-40 est\u00e1 desarrollado para los motores di\u00e9sel de carretera modernos y es adecuado para los motores di\u00e9sel existentes debido a su compatibilidad con versiones anteriores. Con su tecnolog\u00eda &#8220;Low-SAPS&#8221; (cenizas bajas en sulfato, f\u00f3sforo y azufre), Rubia Optima 1100 15W-40 protege los motores di\u00e9sel equipados con sistemas de postratamiento como los filtros de part\u00edculas di\u00e9sel (DPF). Rubia Optima 1100 15W-40 permite la cobertura de una flota de marcas mixtas, con un solo producto.<\/p>\n<p><strong>P E R F O R M A N C E S &amp; C U S T O M E R B E N E F I T S <\/strong><\/p>\n<p>Rubia Optima 1100 15W-40 est\u00e1 formulado con una excelente estabilidad al cizallamiento, manteniendo as\u00ed su viscosidad en lugares altamente cargados y una fuerte protecci\u00f3n en condiciones severas. TotalEnergies Rubia Optima 1100 15W-40 ha mejorado la estabilidad a la oxidaci\u00f3n que evita la formaci\u00f3n de dep\u00f3sitos, evita la formaci\u00f3n de lodos nocivos y protege los motores m\u00e1s calientes. Rubia Optima 1100 15W-40 est\u00e1 dise\u00f1ado para controlar la aireaci\u00f3n, limitando la formaci\u00f3n de burbujas de aire en los lubricantes para una mejor eficiencia del motor. Los excepcionales aditivos detergentes, dispersantes y antidesgaste mantienen limpias las piezas m\u00e1s sensibles del motor y permiten un control eficaz de los dep\u00f3sitos de holl\u00edn, lodos, barnices en pist\u00f3n.<\/p>\n<p><strong>R E C O M E N D A C I O N E S D E U S O <\/strong><\/p>\n<p>Antes de utilizar el producto, se debe consultar la gu\u00eda de mantenimiento del veh\u00edculo. Los intervalos de cambios de aceite deben realizarse de acuerdo con las recomendaciones del fabricante. El producto no debe almacenarse a temperaturas superiores a 60 \u00b0C. Debe mantenerse alejado de la luz solar, el fr\u00edo intenso y las fluctuaciones extremas de temperatura. Si es posible, el embalaje no debe exponerse a los elementos. De lo contrario, los tambores deben colocarse horizontalmente para evitar cualquier contaminaci\u00f3n del agua y para evitar que la etiqueta del producto se desprenda.<\/p>\n<p><strong>S A L U D , S E G U R I D A D Y M E D I O A M B I E N T E <\/strong><\/p>\n<p>Sobre la base de la informaci\u00f3n toxicol\u00f3gica disponible, este producto no debe causar ning\u00fan efecto adverso para la salud, siempre que se utilice para su finalidad prevista y de conformidad con las recomendaciones establecidas en la ficha de datos de seguridad (FDS). Esta informaci\u00f3n se puede obtener a petici\u00f3n de su distribuidor local o representante comercial y est\u00e1 disponible para consulta en https:\/\/ms-sds.totalenergies.com. Este producto no debe utilizarse para ning\u00fan otro prop\u00f3sito que no sea aquel para el que est\u00e1 destinado.<\/p>\n<p>&nbsp;<\/p>\n<p>&nbsp;<\/p>\n<p>&nbsp;<\/p>\n","protected":false},"excerpt":{"rendered":"<p><strong>Rubia Optima 1100 15W-40<\/strong><\/p>\n<p>Aceite de motor di\u00e9sel<\/p>\n<p>D A T O S C L A V E S Lubricante mineral para motores di\u00e9sel, adecuado para su uso en aplicaciones en carretera, basado en \u00faltima especificaci\u00f3n CK-4,<\/p>\n<p>NORMAS INTERNACIONALES<\/p>\n<p>ACEA E7, E9, E11 API CK-4\/CJ-4\/CI-4 plus\/CI-4\/CH-4\/SN<\/p>\n<p>CUMPLE CON LOS REQUISITOS DE<\/p>\n<p>DAF IVECO APROBACIONES DEL FABRICANTE<\/p>\n<p>Cummins CES 20086<\/p>\n<p>Mack EO-S 4,5<\/p>\n<p>DTFR 15C100 (228.31)<\/p>\n<p>Volvo VDS-4,5<\/p>\n<p>Renault Trucks RLD-3<\/p>\n<p>DDC DFS 93K222<\/p>\n<p>Ford WSS-M2C171-F1<\/p>\n","protected":false},"featured_media":4039,"comment_status":"open","ping_status":"closed","template":"","meta":[],"product_cat":[190,243,185,246,189],"product_tag":[],"class_list":["post-4037","product","type-product","status-publish","has-post-thumbnail","hentry","product_cat-15w-40","product_cat-balde","product_cat-lubricantes","product_cat-semisintetico","product_cat-total"],"jetpack_sharing_enabled":true,"_links":{"self":[{"href":"https:\/\/www.fletxstore.com\/index.php\/wp-json\/wp\/v2\/product\/4037","targetHints":{"allow":["GET"]}}],"collection":[{"href":"https:\/\/www.fletxstore.com\/index.php\/wp-json\/wp\/v2\/product"}],"about":[{"href":"https:\/\/www.fletxstore.com\/index.php\/wp-json\/wp\/v2\/types\/product"}],"replies":[{"embeddable":true,"href":"https:\/\/www.fletxstore.com\/index.php\/wp-json\/wp\/v2\/comments?post=4037"}],"version-history":[{"count":2,"href":"https:\/\/www.fletxstore.com\/index.php\/wp-json\/wp\/v2\/product\/4037\/revisions"}],"predecessor-version":[{"id":4041,"href":"https:\/\/www.fletxstore.com\/index.php\/wp-json\/wp\/v2\/product\/4037\/revisions\/4041"}],"wp:featuredmedia":[{"embeddable":true,"href":"https:\/\/www.fletxstore.com\/index.php\/wp-json\/wp\/v2\/media\/4039"}],"wp:attachment":[{"href":"https:\/\/www.fletxstore.com\/index.php\/wp-json\/wp\/v2\/media?parent=4037"}],"wp:term":[{"taxonomy":"product_cat","embeddable":true,"href":"https:\/\/www.fletxstore.com\/index.php\/wp-json\/wp\/v2\/product_cat?post=4037"},{"taxonomy":"product_tag","embeddable":true,"href":"https:\/\/www.fletxstore.com\/index.php\/wp-json\/wp\/v2\/product_tag?post=4037"}],"curies":[{"name":"wp","href":"https:\/\/api.w.org\/{rel}","templated":true}]}}