{"id":4025,"date":"2024-06-27T18:56:51","date_gmt":"2024-06-27T18:56:51","guid":{"rendered":"https:\/\/www.fletxstore.com\/?post_type=product&#038;p=4025"},"modified":"2024-08-08T14:22:08","modified_gmt":"2024-08-08T14:22:08","slug":"delo-400-sde-15w40-ck-4-caja-3-galones","status":"publish","type":"product","link":"https:\/\/www.fletxstore.com\/index.php\/producto\/delo-400-sde-15w40-ck-4-caja-3-galones\/","title":{"rendered":"DELO 400 SDE 15W40 CK-4 (Caja 3 Galones)"},"content":{"rendered":"<p><strong>APROBACIONES\/ESPECIFICACIONES (entre otras)<\/strong><\/p>\n<ul>\n<li>Categor\u00edas de Servicio API CK-4, CJ-4, CI-4 PLUS, CI-4, CH-4, SN<\/li>\n<li>Especificaci\u00f3n de Fluidos Detroit (DFS) 93K222<\/li>\n<li>ACEA E9<\/li>\n<li>Cummins CES 20086<\/li>\n<li>Caterpillar ECF-3<\/li>\n<\/ul>\n","protected":false},"excerpt":{"rendered":"<h2>Delo\u00ae\u00a0400 SDE<\/h2>\n<h6>SAE 15W-40 \/ API CK-4\/SN<\/h6>\n<p>Aceite para motores de flota mixta recomendado para motores di\u00e9sel de cuatro tiempos, atmosf\u00e9ricos y turboalimentados y motores de gasolina de cuatro tiempos, en los cuales se recomiendan categor\u00edas de servicio API CK-4 o SN y un grado de viscosidad SAE 15W-40.<\/p>\n<p>BENEFICIOS PARA EL CLIENTE:<\/p>\n<ul>\n<li>Gran rendimiento del sistema de control de emisiones<\/li>\n<li>Mejor gesti\u00f3n de los inventarios del aceite<\/li>\n<li>Costos de operaci\u00f3n minimizados<\/li>\n<\/ul>\n","protected":false},"featured_media":4027,"comment_status":"open","ping_status":"closed","template":"","meta":[],"product_cat":[190,244,186,185,246],"product_tag":[],"class_list":["post-4025","product","type-product","status-publish","has-post-thumbnail","hentry","product_cat-15w-40","product_cat-caja","product_cat-chevron","product_cat-lubricantes","product_cat-semisintetico"],"jetpack_sharing_enabled":true,"_links":{"self":[{"href":"https:\/\/www.fletxstore.com\/index.php\/wp-json\/wp\/v2\/product\/4025","targetHints":{"allow":["GET"]}}],"collection":[{"href":"https:\/\/www.fletxstore.com\/index.php\/wp-json\/wp\/v2\/product"}],"about":[{"href":"https:\/\/www.fletxstore.com\/index.php\/wp-json\/wp\/v2\/types\/product"}],"replies":[{"embeddable":true,"href":"https:\/\/www.fletxstore.com\/index.php\/wp-json\/wp\/v2\/comments?post=4025"}],"version-history":[{"count":2,"href":"https:\/\/www.fletxstore.com\/index.php\/wp-json\/wp\/v2\/product\/4025\/revisions"}],"predecessor-version":[{"id":4029,"href":"https:\/\/www.fletxstore.com\/index.php\/wp-json\/wp\/v2\/product\/4025\/revisions\/4029"}],"wp:featuredmedia":[{"embeddable":true,"href":"https:\/\/www.fletxstore.com\/index.php\/wp-json\/wp\/v2\/media\/4027"}],"wp:attachment":[{"href":"https:\/\/www.fletxstore.com\/index.php\/wp-json\/wp\/v2\/media?parent=4025"}],"wp:term":[{"taxonomy":"product_cat","embeddable":true,"href":"https:\/\/www.fletxstore.com\/index.php\/wp-json\/wp\/v2\/product_cat?post=4025"},{"taxonomy":"product_tag","embeddable":true,"href":"https:\/\/www.fletxstore.com\/index.php\/wp-json\/wp\/v2\/product_tag?post=4025"}],"curies":[{"name":"wp","href":"https:\/\/api.w.org\/{rel}","templated":true}]}}