{"id":3991,"date":"2024-06-25T21:23:57","date_gmt":"2024-06-25T21:23:57","guid":{"rendered":"https:\/\/www.fletxstore.com\/?post_type=product&#038;p=3991"},"modified":"2024-07-16T13:33:32","modified_gmt":"2024-07-16T13:33:32","slug":"armstrong-asm11-315-80r22-5","status":"publish","type":"product","link":"https:\/\/www.fletxstore.com\/index.php\/producto\/armstrong-asm11-315-80r22-5\/","title":{"rendered":"ARMSTRONG ASM11 315\/80R22.5"},"content":{"rendered":"<p><span data-sheets-root=\"1\" data-sheets-value=\"{&quot;1&quot;:2,&quot;2&quot;:&quot;NACIONALIDAD: TAILANDIA\\nLONAS: 20\\nPROFUNDIDAD 17mm\\nANCHO: 260mm\\nCONSTRUCCION: 5-1\\nRENDIMIENTO: 70 MIL KM \\nGARANTIA: 5 A\u00d1OS POR DEFECTOS DE FABRICACION\\nREECAUCHE : 2 VIDAS &quot;}\" data-sheets-userformat=\"{&quot;2&quot;:4584,&quot;6&quot;:{&quot;1&quot;:[{&quot;1&quot;:2,&quot;2&quot;:0,&quot;5&quot;:{&quot;1&quot;:2,&quot;2&quot;:0}},{&quot;1&quot;:0,&quot;2&quot;:0,&quot;3&quot;:3},{&quot;1&quot;:1,&quot;2&quot;:0,&quot;4&quot;:1}]},&quot;8&quot;:{&quot;1&quot;:[{&quot;1&quot;:2,&quot;2&quot;:0,&quot;5&quot;:{&quot;1&quot;:2,&quot;2&quot;:0}},{&quot;1&quot;:0,&quot;2&quot;:0,&quot;3&quot;:3},{&quot;1&quot;:1,&quot;2&quot;:0,&quot;4&quot;:1}]},&quot;9&quot;:1,&quot;10&quot;:1,&quot;11&quot;:4,&quot;15&quot;:&quot;Calibri&quot;}\">NACIONALIDAD: TAILANDIA<br \/>\nLONAS: 20<br \/>\nPROFUNDIDAD 18mm<br \/>\nANCHO: 265mm<br \/>\nCONSTRUCCION: 5-1<\/span><\/p>\n<p>GARANTIA: 5 A\u00d1OS POR DEFECTOS DE FABRICACION<br \/>\nREECAUCHE : 2 VIDAS<\/p>\n","protected":false},"excerpt":{"rendered":"<p><strong>Patr\u00f3n direccional de pr\u00f3xima generaci\u00f3n para aplicaciones mixtas<\/strong> con una fusi\u00f3n de dise\u00f1os de banda de rodadura con nervaduras y tacos para una mejor tracci\u00f3n, hombros anchos y s\u00f3lidos para una protecci\u00f3n mejorada de la cubierta, eyectores de piedras en tres ranuras que aumentan la rigidez de la llanta y tacos especiales de la banda de rodadura dise\u00f1ados especialmente para aplicaciones mixtas con surcos anchos y profundos<\/p>\n","protected":false},"featured_media":3992,"comment_status":"open","ping_status":"closed","template":"","meta":[],"product_cat":[204,183,213,107],"product_tag":[],"class_list":["post-3991","product","type-product","status-publish","has-post-thumbnail","hentry","product_cat-315-80r22-5","product_cat-armstrong","product_cat-direccional-mixta","product_cat-llantas"],"jetpack_sharing_enabled":true,"_links":{"self":[{"href":"https:\/\/www.fletxstore.com\/index.php\/wp-json\/wp\/v2\/product\/3991","targetHints":{"allow":["GET"]}}],"collection":[{"href":"https:\/\/www.fletxstore.com\/index.php\/wp-json\/wp\/v2\/product"}],"about":[{"href":"https:\/\/www.fletxstore.com\/index.php\/wp-json\/wp\/v2\/types\/product"}],"replies":[{"embeddable":true,"href":"https:\/\/www.fletxstore.com\/index.php\/wp-json\/wp\/v2\/comments?post=3991"}],"version-history":[{"count":2,"href":"https:\/\/www.fletxstore.com\/index.php\/wp-json\/wp\/v2\/product\/3991\/revisions"}],"predecessor-version":[{"id":4207,"href":"https:\/\/www.fletxstore.com\/index.php\/wp-json\/wp\/v2\/product\/3991\/revisions\/4207"}],"wp:featuredmedia":[{"embeddable":true,"href":"https:\/\/www.fletxstore.com\/index.php\/wp-json\/wp\/v2\/media\/3992"}],"wp:attachment":[{"href":"https:\/\/www.fletxstore.com\/index.php\/wp-json\/wp\/v2\/media?parent=3991"}],"wp:term":[{"taxonomy":"product_cat","embeddable":true,"href":"https:\/\/www.fletxstore.com\/index.php\/wp-json\/wp\/v2\/product_cat?post=3991"},{"taxonomy":"product_tag","embeddable":true,"href":"https:\/\/www.fletxstore.com\/index.php\/wp-json\/wp\/v2\/product_tag?post=3991"}],"curies":[{"name":"wp","href":"https:\/\/api.w.org\/{rel}","templated":true}]}}