{"id":3984,"date":"2024-06-25T21:08:55","date_gmt":"2024-06-25T21:08:55","guid":{"rendered":"https:\/\/www.fletxstore.com\/?post_type=product&#038;p=3984"},"modified":"2024-07-16T13:34:38","modified_gmt":"2024-07-16T13:34:38","slug":"armstrong-atr12-265-70r22-5","status":"publish","type":"product","link":"https:\/\/www.fletxstore.com\/index.php\/producto\/armstrong-atr12-265-70r22-5\/","title":{"rendered":"ARMSTRONG ATR12 265\/70R22.5"},"content":{"rendered":"<p><span data-sheets-root=\"1\" data-sheets-value=\"{&quot;1&quot;:2,&quot;2&quot;:&quot;NACIONALIDAD: TAILANDIA\\nLONAS: 18\\nPROFUNDIDAD 16mm\\nANCHO: 246mm\\nCONSTRUCCION: 5-1\\nRENDIMIENTO: 80 MIL KM EN TERRENOS REGIONALES\\n\\nGARANTIA: 5 A\u00d1OS POR DEFECTOS DE FABRICACION\\nREECAUCHE : 2 VIDAS &quot;}\" data-sheets-userformat=\"{&quot;2&quot;:4584,&quot;6&quot;:{&quot;1&quot;:[{&quot;1&quot;:2,&quot;2&quot;:0,&quot;5&quot;:{&quot;1&quot;:2,&quot;2&quot;:0}},{&quot;1&quot;:0,&quot;2&quot;:0,&quot;3&quot;:3},{&quot;1&quot;:1,&quot;2&quot;:0,&quot;4&quot;:1}]},&quot;8&quot;:{&quot;1&quot;:[{&quot;1&quot;:2,&quot;2&quot;:0,&quot;5&quot;:{&quot;1&quot;:2,&quot;2&quot;:0}},{&quot;1&quot;:0,&quot;2&quot;:0,&quot;3&quot;:3},{&quot;1&quot;:1,&quot;2&quot;:0,&quot;4&quot;:1}]},&quot;9&quot;:1,&quot;10&quot;:1,&quot;11&quot;:4,&quot;15&quot;:&quot;Calibri&quot;}\">NACIONALIDAD: TAILANDIA<br \/>\nLONAS: 18<br \/>\nPROFUNDIDAD 16mm<br \/>\nANCHO: 246mm<br \/>\nCONSTRUCCION: 5-1<\/span><\/p>\n<p>GARANTIA: 5 A\u00d1OS POR DEFECTOS DE FABRICACION<br \/>\nREECAUCHE : 2 VIDAS<\/p>\n","protected":false},"excerpt":{"rendered":"<p><strong>Neum\u00e1tico de remolque de nueva generaci\u00f3n para aplicaciones regionales<\/strong> dise\u00f1ado con una banda de rodadura ancha para reducir el desgaste irregular, un compuesto de la banda de rodadura para ofrecer una mejor eficiencia de combustible, nervaduras de relieve s\u00f3lido que mejoran el frenado en mojado e innovadoras ranuras circunferenciales para una evacuaci\u00f3n de agua m\u00e1s r\u00e1pida.<\/p>\n","protected":false},"featured_media":3985,"comment_status":"open","ping_status":"closed","template":"","meta":[],"product_cat":[207,183,211,107,215],"product_tag":[],"class_list":["post-3984","product","type-product","status-publish","has-post-thumbnail","hentry","product_cat-265-70r19-5","product_cat-armstrong","product_cat-direccional-regional","product_cat-llantas","product_cat-toda-posicion"],"jetpack_sharing_enabled":true,"_links":{"self":[{"href":"https:\/\/www.fletxstore.com\/index.php\/wp-json\/wp\/v2\/product\/3984","targetHints":{"allow":["GET"]}}],"collection":[{"href":"https:\/\/www.fletxstore.com\/index.php\/wp-json\/wp\/v2\/product"}],"about":[{"href":"https:\/\/www.fletxstore.com\/index.php\/wp-json\/wp\/v2\/types\/product"}],"replies":[{"embeddable":true,"href":"https:\/\/www.fletxstore.com\/index.php\/wp-json\/wp\/v2\/comments?post=3984"}],"version-history":[{"count":2,"href":"https:\/\/www.fletxstore.com\/index.php\/wp-json\/wp\/v2\/product\/3984\/revisions"}],"predecessor-version":[{"id":4208,"href":"https:\/\/www.fletxstore.com\/index.php\/wp-json\/wp\/v2\/product\/3984\/revisions\/4208"}],"wp:featuredmedia":[{"embeddable":true,"href":"https:\/\/www.fletxstore.com\/index.php\/wp-json\/wp\/v2\/media\/3985"}],"wp:attachment":[{"href":"https:\/\/www.fletxstore.com\/index.php\/wp-json\/wp\/v2\/media?parent=3984"}],"wp:term":[{"taxonomy":"product_cat","embeddable":true,"href":"https:\/\/www.fletxstore.com\/index.php\/wp-json\/wp\/v2\/product_cat?post=3984"},{"taxonomy":"product_tag","embeddable":true,"href":"https:\/\/www.fletxstore.com\/index.php\/wp-json\/wp\/v2\/product_tag?post=3984"}],"curies":[{"name":"wp","href":"https:\/\/api.w.org\/{rel}","templated":true}]}}