{"id":3974,"date":"2024-06-25T20:56:17","date_gmt":"2024-06-25T20:56:17","guid":{"rendered":"https:\/\/www.fletxstore.com\/?post_type=product&#038;p=3974"},"modified":"2024-07-16T13:45:55","modified_gmt":"2024-07-16T13:45:55","slug":"armstrong-aou11-275-70r22-5","status":"publish","type":"product","link":"https:\/\/www.fletxstore.com\/index.php\/producto\/armstrong-aou11-275-70r22-5\/","title":{"rendered":"ARMSTRONG AOU11 275\/70R22.5"},"content":{"rendered":"<p><span data-sheets-root=\"1\" data-sheets-value=\"{&quot;1&quot;:2,&quot;2&quot;:&quot;NACIONALIDAD: TAILANDIA\\nLONAS: 16\\nPROFUNDIDAD 17mm\\nANCHO: 246mm\\nCONSTRUCCION: 5-1\\nRENDIMIENTO: 80 MIL KM EN TERRENOS REGIONALES\\n\\nGARANTIA: 5 A\u00d1OS POR DEFECTOS DE FABRICACION\\nREECAUCHE : 2 VIDAS &quot;}\" data-sheets-userformat=\"{&quot;2&quot;:4584,&quot;6&quot;:{&quot;1&quot;:[{&quot;1&quot;:2,&quot;2&quot;:0,&quot;5&quot;:{&quot;1&quot;:2,&quot;2&quot;:0}},{&quot;1&quot;:0,&quot;2&quot;:0,&quot;3&quot;:3},{&quot;1&quot;:1,&quot;2&quot;:0,&quot;4&quot;:1}]},&quot;8&quot;:{&quot;1&quot;:[{&quot;1&quot;:2,&quot;2&quot;:0,&quot;5&quot;:{&quot;1&quot;:2,&quot;2&quot;:0}},{&quot;1&quot;:0,&quot;2&quot;:0,&quot;3&quot;:3},{&quot;1&quot;:1,&quot;2&quot;:0,&quot;4&quot;:1}]},&quot;9&quot;:1,&quot;10&quot;:1,&quot;11&quot;:4,&quot;15&quot;:&quot;Calibri&quot;}\">NACIONALIDAD: TAILANDIA<br \/>\nLONAS: 16<br \/>\nPROFUNDIDAD 17mm<br \/>\nANCHO: 246mm<br \/>\nCONSTRUCCION: 5-1<\/span><\/p>\n<p>GARANTIA: 5 A\u00d1OS POR DEFECTOS DE FABRICACION<br \/>\nREECAUCHE : 2 VIDAS<\/p>\n","protected":false},"excerpt":{"rendered":"<p><strong>Neum\u00e1tico de \u00faltima generaci\u00f3n para todas las posiciones dise\u00f1ado exclusivamente para aplicaciones urbanas<\/strong> con una pared lateral extra gruesa para proteger contra los golpes, un patr\u00f3n de cinco ribs con excelente conducci\u00f3n, indicadores de desgaste de la pared lateral para se\u00f1alar la rotaci\u00f3n y ranuras especiales para evitar da\u00f1os en la cubierta.<\/p>\n","protected":false},"featured_media":3975,"comment_status":"open","ping_status":"closed","template":"","meta":[],"product_cat":[208,183,211,107,215],"product_tag":[],"class_list":["post-3974","product","type-product","status-publish","has-post-thumbnail","hentry","product_cat-275-70r22-5","product_cat-armstrong","product_cat-direccional-regional","product_cat-llantas","product_cat-toda-posicion"],"jetpack_sharing_enabled":true,"_links":{"self":[{"href":"https:\/\/www.fletxstore.com\/index.php\/wp-json\/wp\/v2\/product\/3974","targetHints":{"allow":["GET"]}}],"collection":[{"href":"https:\/\/www.fletxstore.com\/index.php\/wp-json\/wp\/v2\/product"}],"about":[{"href":"https:\/\/www.fletxstore.com\/index.php\/wp-json\/wp\/v2\/types\/product"}],"replies":[{"embeddable":true,"href":"https:\/\/www.fletxstore.com\/index.php\/wp-json\/wp\/v2\/comments?post=3974"}],"version-history":[{"count":2,"href":"https:\/\/www.fletxstore.com\/index.php\/wp-json\/wp\/v2\/product\/3974\/revisions"}],"predecessor-version":[{"id":3990,"href":"https:\/\/www.fletxstore.com\/index.php\/wp-json\/wp\/v2\/product\/3974\/revisions\/3990"}],"wp:featuredmedia":[{"embeddable":true,"href":"https:\/\/www.fletxstore.com\/index.php\/wp-json\/wp\/v2\/media\/3975"}],"wp:attachment":[{"href":"https:\/\/www.fletxstore.com\/index.php\/wp-json\/wp\/v2\/media?parent=3974"}],"wp:term":[{"taxonomy":"product_cat","embeddable":true,"href":"https:\/\/www.fletxstore.com\/index.php\/wp-json\/wp\/v2\/product_cat?post=3974"},{"taxonomy":"product_tag","embeddable":true,"href":"https:\/\/www.fletxstore.com\/index.php\/wp-json\/wp\/v2\/product_tag?post=3974"}],"curies":[{"name":"wp","href":"https:\/\/api.w.org\/{rel}","templated":true}]}}