{"id":3960,"date":"2024-06-25T18:18:34","date_gmt":"2024-06-25T18:18:34","guid":{"rendered":"https:\/\/www.fletxstore.com\/?post_type=product&#038;p=3960"},"modified":"2024-08-21T15:16:37","modified_gmt":"2024-08-21T15:16:37","slug":"armstrong-adr1-295-80r22-5","status":"publish","type":"product","link":"https:\/\/www.fletxstore.com\/index.php\/producto\/armstrong-adr1-295-80r22-5\/","title":{"rendered":"ARMSTRONG ADR1 295\/80R22.5"},"content":{"rendered":"<p><span data-sheets-root=\"1\" data-sheets-value=\"{&quot;1&quot;:2,&quot;2&quot;:&quot;NACIONALIDAD: TAILANDIA\\nLONAS: 16\\nPROFUNDIDAD 22mm\\nANCHO: 255mm\\nCONSTRUCCION: 5-1\\nRENDIMIENTO: 90 MIL KM EN TERRENOS REGIONALES\\n\\nGARANTIA: 5 A\u00d1OS POR DEFECTOS DE FABRICACION\\nREECAUCHE : 2 VIDAS &quot;}\" data-sheets-userformat=\"{&quot;2&quot;:4584,&quot;6&quot;:{&quot;1&quot;:[{&quot;1&quot;:2,&quot;2&quot;:0,&quot;5&quot;:{&quot;1&quot;:2,&quot;2&quot;:0}},{&quot;1&quot;:0,&quot;2&quot;:0,&quot;3&quot;:3},{&quot;1&quot;:1,&quot;2&quot;:0,&quot;4&quot;:1}]},&quot;8&quot;:{&quot;1&quot;:[{&quot;1&quot;:2,&quot;2&quot;:0,&quot;5&quot;:{&quot;1&quot;:2,&quot;2&quot;:0}},{&quot;1&quot;:0,&quot;2&quot;:0,&quot;3&quot;:3},{&quot;1&quot;:1,&quot;2&quot;:0,&quot;4&quot;:1}]},&quot;9&quot;:1,&quot;10&quot;:1,&quot;11&quot;:4,&quot;15&quot;:&quot;Calibri&quot;}\">NACIONALIDAD: TAILANDIA<br \/>\nLONAS: 16<br \/>\nPROFUNDIDAD 22mm<br \/>\nANCHO: 255mm<br \/>\nCONSTRUCCION: 5-1<\/span><\/p>\n<p>GARANTIA: 5 A\u00d1OS POR DEFECTOS DE FABRICACION<br \/>\nREECAUCHE : 2 VIDAS<\/p>\n","protected":false},"excerpt":{"rendered":"<p><strong>Un neum\u00e1tico de eje de tracci\u00f3n para aplicaciones regionales<\/strong> con un dise\u00f1o de hombro abierto que proporciona una evacuaci\u00f3n m\u00e1s r\u00e1pida del agua y un agarre superior en el camino, surcos m\u00e1s profundos para una mejor tracci\u00f3n y una vida \u00fatil prolongada del neum\u00e1tico, y una forma optimizada de bloques y dise\u00f1o \u00fanico de la banda de rodadura para evitar el desgaste irregular y la retenci\u00f3n de piedras.<\/p>\n","protected":false},"featured_media":3965,"comment_status":"open","ping_status":"closed","template":"","meta":[],"product_cat":[202,183,107,210],"product_tag":[],"class_list":["post-3960","product","type-product","status-publish","has-post-thumbnail","hentry","product_cat-295-80r22-5","product_cat-armstrong","product_cat-llantas","product_cat-traccion-regional"],"jetpack_sharing_enabled":true,"_links":{"self":[{"href":"https:\/\/www.fletxstore.com\/index.php\/wp-json\/wp\/v2\/product\/3960","targetHints":{"allow":["GET"]}}],"collection":[{"href":"https:\/\/www.fletxstore.com\/index.php\/wp-json\/wp\/v2\/product"}],"about":[{"href":"https:\/\/www.fletxstore.com\/index.php\/wp-json\/wp\/v2\/types\/product"}],"replies":[{"embeddable":true,"href":"https:\/\/www.fletxstore.com\/index.php\/wp-json\/wp\/v2\/comments?post=3960"}],"version-history":[{"count":2,"href":"https:\/\/www.fletxstore.com\/index.php\/wp-json\/wp\/v2\/product\/3960\/revisions"}],"predecessor-version":[{"id":3968,"href":"https:\/\/www.fletxstore.com\/index.php\/wp-json\/wp\/v2\/product\/3960\/revisions\/3968"}],"wp:featuredmedia":[{"embeddable":true,"href":"https:\/\/www.fletxstore.com\/index.php\/wp-json\/wp\/v2\/media\/3965"}],"wp:attachment":[{"href":"https:\/\/www.fletxstore.com\/index.php\/wp-json\/wp\/v2\/media?parent=3960"}],"wp:term":[{"taxonomy":"product_cat","embeddable":true,"href":"https:\/\/www.fletxstore.com\/index.php\/wp-json\/wp\/v2\/product_cat?post=3960"},{"taxonomy":"product_tag","embeddable":true,"href":"https:\/\/www.fletxstore.com\/index.php\/wp-json\/wp\/v2\/product_tag?post=3960"}],"curies":[{"name":"wp","href":"https:\/\/api.w.org\/{rel}","templated":true}]}}