{"id":3953,"date":"2024-06-25T17:17:51","date_gmt":"2024-06-25T17:17:51","guid":{"rendered":"https:\/\/www.fletxstore.com\/?post_type=product&#038;p=3953"},"modified":"2024-07-16T13:49:50","modified_gmt":"2024-07-16T13:49:50","slug":"armstron-adm11-315-80r22-5","status":"publish","type":"product","link":"https:\/\/www.fletxstore.com\/index.php\/producto\/armstron-adm11-315-80r22-5\/","title":{"rendered":"ARMSTRON ADM11 315\/80R22.5"},"content":{"rendered":"<p><span data-sheets-root=\"1\" data-sheets-value=\"{&quot;1&quot;:2,&quot;2&quot;:&quot;NACIONALIDAD: TAILANDIA\\nLONAS: 20\\nPROFUNDIDAD 22mm\\nANCHO: 265mm\\nCONSTRUCCION: 5-1\\nRENDIMIENTO: 80 MIL KM EN TERRENOS REGIONALES\\n\\nGARANTIA: 5 A\u00d1OS POR DEFECTOS DE FABRICACION\\nREECAUCHE : 2 VIDAS &quot;}\" data-sheets-userformat=\"{&quot;2&quot;:4584,&quot;6&quot;:{&quot;1&quot;:[{&quot;1&quot;:2,&quot;2&quot;:0,&quot;5&quot;:{&quot;1&quot;:2,&quot;2&quot;:0}},{&quot;1&quot;:0,&quot;2&quot;:0,&quot;3&quot;:3},{&quot;1&quot;:1,&quot;2&quot;:0,&quot;4&quot;:1}]},&quot;8&quot;:{&quot;1&quot;:[{&quot;1&quot;:2,&quot;2&quot;:0,&quot;5&quot;:{&quot;1&quot;:2,&quot;2&quot;:0}},{&quot;1&quot;:0,&quot;2&quot;:0,&quot;3&quot;:3},{&quot;1&quot;:1,&quot;2&quot;:0,&quot;4&quot;:1}]},&quot;9&quot;:1,&quot;10&quot;:1,&quot;11&quot;:4,&quot;15&quot;:&quot;Calibri&quot;}\">NACIONALIDAD: TAILANDIA<br \/>\nLONAS: 20<br \/>\nPROFUNDIDAD 22mm<br \/>\nANCHO: 265mm<br \/>\nCONSTRUCCION: 5-1<\/span><\/p>\n<p>GARANTIA: 5 A\u00d1OS POR DEFECTOS DE FABRICACION<br \/>\nREECAUCHE : 2 VIDAS<\/p>\n","protected":false},"excerpt":{"rendered":"<p><strong>Neum\u00e1tico de tracci\u00f3n de pr\u00f3xima generaci\u00f3n dise\u00f1ado para aplicaciones mixtas<\/strong>\u00a0con una banda de rodadura ancha y profunda para aumentar el kilometraje, un dise\u00f1o de hombro abierto para permitir la evacuaci\u00f3n de agua y barro, ranuras de ancho variable para una mejor recauchutaci\u00f3n y un perfil de bloque. Mejorado para reducir el desgaste.<\/p>\n","protected":false},"featured_media":3963,"comment_status":"open","ping_status":"closed","template":"","meta":[],"product_cat":[204,183,107,214],"product_tag":[],"class_list":["post-3953","product","type-product","status-publish","has-post-thumbnail","hentry","product_cat-315-80r22-5","product_cat-armstrong","product_cat-llantas","product_cat-traccion-mixta"],"jetpack_sharing_enabled":true,"_links":{"self":[{"href":"https:\/\/www.fletxstore.com\/index.php\/wp-json\/wp\/v2\/product\/3953","targetHints":{"allow":["GET"]}}],"collection":[{"href":"https:\/\/www.fletxstore.com\/index.php\/wp-json\/wp\/v2\/product"}],"about":[{"href":"https:\/\/www.fletxstore.com\/index.php\/wp-json\/wp\/v2\/types\/product"}],"replies":[{"embeddable":true,"href":"https:\/\/www.fletxstore.com\/index.php\/wp-json\/wp\/v2\/comments?post=3953"}],"version-history":[{"count":3,"href":"https:\/\/www.fletxstore.com\/index.php\/wp-json\/wp\/v2\/product\/3953\/revisions"}],"predecessor-version":[{"id":3959,"href":"https:\/\/www.fletxstore.com\/index.php\/wp-json\/wp\/v2\/product\/3953\/revisions\/3959"}],"wp:featuredmedia":[{"embeddable":true,"href":"https:\/\/www.fletxstore.com\/index.php\/wp-json\/wp\/v2\/media\/3963"}],"wp:attachment":[{"href":"https:\/\/www.fletxstore.com\/index.php\/wp-json\/wp\/v2\/media?parent=3953"}],"wp:term":[{"taxonomy":"product_cat","embeddable":true,"href":"https:\/\/www.fletxstore.com\/index.php\/wp-json\/wp\/v2\/product_cat?post=3953"},{"taxonomy":"product_tag","embeddable":true,"href":"https:\/\/www.fletxstore.com\/index.php\/wp-json\/wp\/v2\/product_tag?post=3953"}],"curies":[{"name":"wp","href":"https:\/\/api.w.org\/{rel}","templated":true}]}}