{"id":3916,"date":"2024-06-21T15:32:33","date_gmt":"2024-06-21T15:32:33","guid":{"rendered":"https:\/\/www.fletxstore.com\/?post_type=product&#038;p=3916"},"modified":"2024-08-20T21:07:02","modified_gmt":"2024-08-20T21:07:02","slug":"295-80r22-5-nipon-ad153","status":"publish","type":"product","link":"https:\/\/www.fletxstore.com\/index.php\/producto\/295-80r22-5-nipon-ad153\/","title":{"rendered":"NIPON AD153 295\/80R22.5"},"content":{"rendered":"<p><span data-sheets-root=\"1\" data-sheets-value=\"{&quot;1&quot;:2,&quot;2&quot;:&quot;NACIONALIDAD:CHINA\\nLONAS: 18\\nPROFUNDIDAD 19mm\\nANCHO: 235mm\\nCONSTRUCCION: 4-1\\nRENDIMIENTO: 70 MIL KM EN TERRENOS REGIONALES\\n\\nGARANTIA: 5 A\u00d1OS POR DEFECTOS DE FABRICACION\\nREECAUCHE : 1 VIDAS &quot;}\" data-sheets-userformat=\"{&quot;2&quot;:5097,&quot;3&quot;:{&quot;1&quot;:0},&quot;6&quot;:{&quot;1&quot;:[{&quot;1&quot;:2,&quot;2&quot;:0,&quot;5&quot;:{&quot;1&quot;:2,&quot;2&quot;:0}},{&quot;1&quot;:0,&quot;2&quot;:0,&quot;3&quot;:3},{&quot;1&quot;:1,&quot;2&quot;:0,&quot;4&quot;:1}]},&quot;8&quot;:{&quot;1&quot;:[{&quot;1&quot;:2,&quot;2&quot;:0,&quot;5&quot;:{&quot;1&quot;:2,&quot;2&quot;:0}},{&quot;1&quot;:0,&quot;2&quot;:0,&quot;3&quot;:3},{&quot;1&quot;:1,&quot;2&quot;:0,&quot;4&quot;:1}]},&quot;9&quot;:1,&quot;10&quot;:1,&quot;11&quot;:4,&quot;12&quot;:0,&quot;15&quot;:&quot;Calibri&quot;}\">NACIONALIDAD:CHINA<br \/>\nLONAS: 18<br \/>\nPROFUNDIDAD 19mm<br \/>\nANCHO: 235mm<br \/>\nCONSTRUCCION: 4-1<\/span><\/p>\n<p>GARANTIA: 5 A\u00d1OS POR DEFECTOS DE FABRICACION<br \/>\nREECAUCHE : 1 VIDAS<\/p>\n","protected":false},"excerpt":{"rendered":"<p><strong>Beneficios y caracter\u00edsticas<\/strong><\/p>\n<p>Llanta de valor adecuado para el eje de transmisi\u00f3n Ideal para maximizar el rendimiento del eje de transmisi\u00f3n.<\/p>\n<p>Compuesto especial de la banda de rodadura y cubierta de la llanta: Ofrecen un buen kilometraje, siendo una opci\u00f3n excelente para clientes sensibles a los precios.<\/p>\n<p>Banda de rodadura dise\u00f1ada por computadora: Garantiza una buena tracci\u00f3n en todas las condiciones clim\u00e1ticas para el servicio en carreteras.<\/p>\n<p>&nbsp;<\/p>\n","protected":false},"featured_media":3917,"comment_status":"open","ping_status":"closed","template":"","meta":[],"product_cat":[202,182,210],"product_tag":[],"class_list":["post-3916","product","type-product","status-publish","has-post-thumbnail","hentry","product_cat-295-80r22-5","product_cat-ni-pon","product_cat-traccion-regional"],"jetpack_sharing_enabled":true,"_links":{"self":[{"href":"https:\/\/www.fletxstore.com\/index.php\/wp-json\/wp\/v2\/product\/3916","targetHints":{"allow":["GET"]}}],"collection":[{"href":"https:\/\/www.fletxstore.com\/index.php\/wp-json\/wp\/v2\/product"}],"about":[{"href":"https:\/\/www.fletxstore.com\/index.php\/wp-json\/wp\/v2\/types\/product"}],"replies":[{"embeddable":true,"href":"https:\/\/www.fletxstore.com\/index.php\/wp-json\/wp\/v2\/comments?post=3916"}],"version-history":[{"count":4,"href":"https:\/\/www.fletxstore.com\/index.php\/wp-json\/wp\/v2\/product\/3916\/revisions"}],"predecessor-version":[{"id":3930,"href":"https:\/\/www.fletxstore.com\/index.php\/wp-json\/wp\/v2\/product\/3916\/revisions\/3930"}],"wp:featuredmedia":[{"embeddable":true,"href":"https:\/\/www.fletxstore.com\/index.php\/wp-json\/wp\/v2\/media\/3917"}],"wp:attachment":[{"href":"https:\/\/www.fletxstore.com\/index.php\/wp-json\/wp\/v2\/media?parent=3916"}],"wp:term":[{"taxonomy":"product_cat","embeddable":true,"href":"https:\/\/www.fletxstore.com\/index.php\/wp-json\/wp\/v2\/product_cat?post=3916"},{"taxonomy":"product_tag","embeddable":true,"href":"https:\/\/www.fletxstore.com\/index.php\/wp-json\/wp\/v2\/product_tag?post=3916"}],"curies":[{"name":"wp","href":"https:\/\/api.w.org\/{rel}","templated":true}]}}