{"id":3896,"date":"2024-06-20T19:02:08","date_gmt":"2024-06-20T19:02:08","guid":{"rendered":"https:\/\/www.fletxstore.com\/?post_type=product&#038;p=3896"},"modified":"2024-08-10T00:31:22","modified_gmt":"2024-08-10T00:31:22","slug":"rin-hierro-cofre-22-5-x825-tipo-americano","status":"publish","type":"product","link":"https:\/\/www.fletxstore.com\/index.php\/producto\/rin-hierro-cofre-22-5-x825-tipo-americano\/","title":{"rendered":"RIN HIERRO COFRE 22.5 X8,25 TIPO AMERICANO"},"content":{"rendered":"<table width=\"451\">\n<tbody>\n<tr>\n<td width=\"167\">REFERENCIA<\/td>\n<td width=\"284\">RCI00132<\/td>\n<\/tr>\n<tr>\n<td>DESCRIPCION<\/td>\n<td>RIN 22,5X8,25 EUR S\/A<\/td>\n<\/tr>\n<tr>\n<td>APLICACI\u00d3N<\/td>\n<td>CAMIONES Y TRACTOCAMONES &#8211; BUSES<\/td>\n<\/tr>\n<tr>\n<td>AGUJERO CENTRAL<\/td>\n<td>281 mm<\/td>\n<\/tr>\n<tr>\n<td>CIRCULO BASICO PDC<\/td>\n<td>\u00d8 335<\/td>\n<\/tr>\n<tr>\n<td>AGUJERO FIJACION<\/td>\n<td>10 &#8211; \u00d8 26 mm<\/td>\n<\/tr>\n<tr>\n<td>COLOR<\/td>\n<td>BLANCO<\/td>\n<\/tr>\n<tr>\n<td>CAPACIDAD DE CARGA<\/td>\n<td>3640 KG &#8211;\u00a0 8025 LIBRAS<\/td>\n<\/tr>\n<tr>\n<td>VENTANAS VENTILACION<\/td>\n<td>10<\/td>\n<\/tr>\n<tr>\n<td>PESO<\/td>\n<td>36 KG<\/td>\n<\/tr>\n<tr>\n<td>PSI<\/td>\n<td>120<\/td>\n<\/tr>\n<tr>\n<td>DIAMETRO DISCO<\/td>\n<td>12 mm<\/td>\n<\/tr>\n<tr>\n<td>OFFSET<\/td>\n<td>169<\/td>\n<\/tr>\n<\/tbody>\n<\/table>\n","protected":false},"excerpt":{"rendered":"<p>REFERENCIA RCI00132 DESCRIPCION RIN 22,5X8,25 EUR S\/A APLICACI\u00d3N CAMIONES Y TRACTOCAMONES &#8211; BUSES AGUJERO CENTRAL 281 mm CIRCULO BASICO PDC \u00d8 335 AGUJERO FIJACION 10 &#8211; \u00d8 26 mm COLOR BLANCO CAPACIDAD DE CARGA 3640 KG &#8211;\u00a0 8025 LIBRAS VENTANAS VENTILACION 10 PESO 36 KG PSI 120 DIAMETRO DISCO 12 mm OFFSET 169<\/p>\n","protected":false},"featured_media":3897,"comment_status":"open","ping_status":"closed","template":"","meta":[],"product_cat":[16,62,271],"product_tag":[],"class_list":["post-3896","product","type-product","status-publish","has-post-thumbnail","hentry","product_cat-autopartes","product_cat-cofre","product_cat-rines"],"jetpack_sharing_enabled":true,"_links":{"self":[{"href":"https:\/\/www.fletxstore.com\/index.php\/wp-json\/wp\/v2\/product\/3896","targetHints":{"allow":["GET"]}}],"collection":[{"href":"https:\/\/www.fletxstore.com\/index.php\/wp-json\/wp\/v2\/product"}],"about":[{"href":"https:\/\/www.fletxstore.com\/index.php\/wp-json\/wp\/v2\/types\/product"}],"replies":[{"embeddable":true,"href":"https:\/\/www.fletxstore.com\/index.php\/wp-json\/wp\/v2\/comments?post=3896"}],"version-history":[{"count":3,"href":"https:\/\/www.fletxstore.com\/index.php\/wp-json\/wp\/v2\/product\/3896\/revisions"}],"predecessor-version":[{"id":3901,"href":"https:\/\/www.fletxstore.com\/index.php\/wp-json\/wp\/v2\/product\/3896\/revisions\/3901"}],"wp:featuredmedia":[{"embeddable":true,"href":"https:\/\/www.fletxstore.com\/index.php\/wp-json\/wp\/v2\/media\/3897"}],"wp:attachment":[{"href":"https:\/\/www.fletxstore.com\/index.php\/wp-json\/wp\/v2\/media?parent=3896"}],"wp:term":[{"taxonomy":"product_cat","embeddable":true,"href":"https:\/\/www.fletxstore.com\/index.php\/wp-json\/wp\/v2\/product_cat?post=3896"},{"taxonomy":"product_tag","embeddable":true,"href":"https:\/\/www.fletxstore.com\/index.php\/wp-json\/wp\/v2\/product_tag?post=3896"}],"curies":[{"name":"wp","href":"https:\/\/api.w.org\/{rel}","templated":true}]}}