{"id":3157,"date":"2023-12-15T23:56:09","date_gmt":"2023-12-15T23:56:09","guid":{"rendered":"https:\/\/tienda.fletx.co\/?post_type=product&#038;p=3157"},"modified":"2024-06-18T20:04:53","modified_gmt":"2024-06-18T20:04:53","slug":"mobil-delvac-legend-1350-pail-5usg","status":"publish","type":"product","link":"https:\/\/www.fletxstore.com\/index.php\/producto\/mobil-delvac-legend-1350-pail-5usg\/","title":{"rendered":"Mobil Delvac Legend\u2122 1350"},"content":{"rendered":"<h1>Mobil Delvac Legend\u2122 1350<\/h1>\n<div id=\"content\" class=\"body-content container-fluid\">\n<div class=\"row\">\n<div class=\"col-12 breakpoints bp-xs bp-sm bp-md bp-lg bp-xl bp-max-xl\">\n<div class=\"component Pds\" data-cmpvariant=\"PDS|\">\n<div id=\"divSubTitle\" class=\"row\">\n<div class=\"col-12 breakpoints bp-xs bp-sm bp-md bp-lg bp-xl bp-max-xl\">Aceite monogrado para motores di\u00e9sel<\/div>\n<\/div>\n<div id=\"divPDSContent\" class=\"row\">\n<div class=\"col-12 breakpoints bp-xs bp-sm bp-md bp-lg bp-xl bp-max-xl\">\n<h2>Descripci\u00f3n del producto<\/h2>\n<p>Mobil Delvac Legend 1350 es un excelente aceite monogrado para motores di\u00e9sel formulado a partir de aceites base de tecnolog\u00eda avanzada y un sistema equilibrado de aditivos. Fueron dise\u00f1ados espec\u00edficamente para desempe\u00f1arse en motores interenfriados y turboalimentados que operan en condiciones severas dentro y fuera de la carretera.<\/p>\n<p>Los aceites Mobil Delvac Legend 1350 se usan en una amplia gama de aplicaciones en las que se recomienda un lubricante monogrado. Las empresas de transporte por carretera, miner\u00eda, canteras, construcci\u00f3n y agricultura utilizan estos productos exitosamente.<\/p>\n<p>&nbsp;<\/p>\n<h2>Propiedades y beneficios<\/h2>\n<p>Las propiedades y beneficios de la serie Mobil Delvac Legend 1300 incluyen<\/p>\n<p>&nbsp;<\/p>\n<div class=\"table-responsive\">\n<table class=\"table table-striped\">\n<tbody>\n<tr>\n<td><strong>Propiedades<\/strong><\/td>\n<td><strong>Ventajas y posibles beneficios<\/strong><\/td>\n<\/tr>\n<tr>\n<td>Excelente protecci\u00f3n contra el espesamiento del aceite, los dep\u00f3sitos de altas temperaturas, la acumulaci\u00f3n de lodos, la degradaci\u00f3n del aceite y la corrosi\u00f3n.<\/td>\n<td>Prolongaci\u00f3n de la vida \u00fatil del motor, menos desgaste y excelente protecci\u00f3n contra el atascamiento de los anillos.<\/td>\n<\/tr>\n<tr>\n<td>Reserva de TBN extendida<\/td>\n<td>Control a largo plazo de los dep\u00f3sitos y del desgaste y controla la formaci\u00f3n de \u00e1cidos cuando se utilizan combustibles con alto contenido de azufre<\/td>\n<\/tr>\n<\/tbody>\n<\/table>\n<\/div>\n<p>&nbsp;<\/p>\n<h2>Aplicaciones<\/h2>\n<p>Recomendado por ExxonMobil para su uso en:<\/p>\n<p>\u2022 Equipos accionados por motores di\u00e9sel aspirados naturalmente y turbocargados<\/p>\n<p>\u2022 Transporte por carretera de servicio ligero, medio y pesado<\/p>\n<p>\u2022 Aplicaciones en los sectores de la construcci\u00f3n, miner\u00eda, canteras y agricultura<\/p>\n<p>&nbsp;<\/p>\n<h2>Especificaciones y aprobaciones<\/h2>\n<div class=\"table-responsive\">\n<table class=\"table table-striped\">\n<tbody>\n<tr>\n<td><strong>Este producto est\u00e1 recomendado para utilizarse en aplicaciones que requieren:<\/strong><\/td>\n<\/tr>\n<tr>\n<td>API CF<\/td>\n<\/tr>\n<tr>\n<td>API SF<\/td>\n<\/tr>\n<\/tbody>\n<\/table>\n<\/div>\n<p>&nbsp;<\/p>\n<h2>Propiedades y especificaciones<\/h2>\n<div class=\"table-responsive\">\n<table class=\"table table-striped\">\n<tbody>\n<tr>\n<td><strong>Propiedad<\/strong><\/td>\n<td><\/td>\n<\/tr>\n<tr>\n<td>Grado<\/td>\n<td>SAE 50<\/td>\n<\/tr>\n<tr>\n<td>Viscosidad cinem\u00e1tica @ 100 C, mm2\/s, ASTM D445<\/td>\n<td>19,5<\/td>\n<\/tr>\n<tr>\n<td>Punto de fluidez, \u00b0C, ASTM D97<\/td>\n<td>-15<\/td>\n<\/tr>\n<tr>\n<td>Punto de inflamaci\u00f3n, copa abierta Cleveland, \u00b0C, ASTM D92<\/td>\n<td>250<\/td>\n<\/tr>\n<tr>\n<td>Cenizas, sulfatadas, % masa, ASTM D874<\/td>\n<td>1,1<\/td>\n<\/tr>\n<tr>\n<td>N\u00famero de base total, mgKOH\/g, ASTM D2896<\/td>\n<td>10<\/td>\n<\/tr>\n<tr>\n<td>\u00cdndice de viscosidad, ASTM D2270<\/td>\n<td>99<\/td>\n<\/tr>\n<tr>\n<td>Viscosidad cinem\u00e1tica @ 40 C, mm2\/s, ASTM D445<\/td>\n<td>222<\/td>\n<\/tr>\n<tr>\n<td>Densidad @ 15 C, g\/cm3, ASTM D4052<\/td>\n<td>0,82<\/td>\n<\/tr>\n<\/tbody>\n<\/table>\n<\/div>\n<p>&nbsp;<\/p>\n<h2>Seguridad e higiene<\/h2>\n<p>Las recomendaciones de salud y seguridad para este producto se pueden encontrar en la Ficha de Seguridad del Material (FDS) @\u00a0<a href=\"http:\/\/www.msds.exxonmobil.com\/psims\/psims.aspx\">http:\/\/www.msds.exxonmobil.com\/psims\/psims.aspx<\/a><\/p>\n<\/div>\n<\/div>\n<div id=\"divTradeMark\" class=\"row\">\n<div class=\"col-12 breakpoints bp-xs bp-sm bp-md bp-lg bp-xl bp-max-xl\">\n<p>Todas las marcas comerciales utilizadas en este documento son marcas comerciales o marcas registradas de Exxon Mobil Corporation o de una de sus subsidiarias a menos que se indique lo contrario.<\/p>\n<p>07-2023<\/p>\n<\/div>\n<\/div>\n<div id=\"divFooter\" class=\"row\">\n<div class=\"col-12 breakpoints bp-xs bp-sm bp-md bp-lg bp-xl bp-max-xl\">Organizaci\u00f3n Terpel S.A.<br \/>\nCarrera 7 N\u00b0 75-51, Bogot\u00e1 \u2013 Colombia<br \/>\n(57) 1 3267878<\/p>\n<div><\/div>\n<p>Las caracter\u00edsticas t\u00edpicas son t\u00edpicas de aquellas obtenidas con la tolerancia de la producci\u00f3n normal y no constituyen una especificaci\u00f3n. Durante la fabricaci\u00f3n normal y en los diferentes lugares de mezcla son esperadas variaciones que no afectan el desempe\u00f1o del producto. La informaci\u00f3n aqu\u00ed contenida est\u00e1 sujeta a cambios sin previo aviso. Todos los productos pueden no estar disponibles localmente. Para obtener m\u00e1s informaci\u00f3n, comun\u00edquese con su representante local de ExxonMobil, o viste\u00a0<a href=\"http:\/\/www.exxonmobil.com\/\">www.exxonmobil.com<\/a><br \/>\nExxonMobil se compone de numerosas filiales y subsidiarias, muchas de ellas con nombres que incluyen Esso, Mobil o ExxonMobil. Nada en este documento est\u00e1 destinado a invalidar o sustituir la separaci\u00f3n corporativa de entidades locales. La responsabilidad por la acci\u00f3n local y la contabilidad permanecen con las entidades locales afiliadas a ExxonMobil.<\/p>\n<\/div>\n<\/div>\n<\/div>\n<\/div>\n<\/div>\n<\/div>\n","protected":false},"excerpt":{"rendered":"<h1>Balde de 5 US Gal<\/h1>\n<h4><label class=\"txt-semibold\">\u00bfPor qu\u00e9 Mobil Delvac Legend<span class=\"tm\">\u2122<\/span>1350?<\/label><\/h4>\n<p>Vida m\u00e1s larga del motor con menos desgaste. Excelente protecci\u00f3n contra el agarrado de los segmentos.<\/p>\n","protected":false},"featured_media":3312,"comment_status":"open","ping_status":"closed","template":"","meta":[],"product_cat":[120,119,109,114],"product_tag":[142,110],"class_list":["post-3157","product","type-product","status-publish","has-post-thumbnail","hentry","product_cat-mobil-delvac-legend-1340","product_cat-mobil-delvac-legend-1350","product_cat-mobil-delvac-tm","product_cat-legend","product_tag-balde","product_tag-mobil-delvac-mt"],"jetpack_sharing_enabled":true,"_links":{"self":[{"href":"https:\/\/www.fletxstore.com\/index.php\/wp-json\/wp\/v2\/product\/3157","targetHints":{"allow":["GET"]}}],"collection":[{"href":"https:\/\/www.fletxstore.com\/index.php\/wp-json\/wp\/v2\/product"}],"about":[{"href":"https:\/\/www.fletxstore.com\/index.php\/wp-json\/wp\/v2\/types\/product"}],"replies":[{"embeddable":true,"href":"https:\/\/www.fletxstore.com\/index.php\/wp-json\/wp\/v2\/comments?post=3157"}],"version-history":[{"count":10,"href":"https:\/\/www.fletxstore.com\/index.php\/wp-json\/wp\/v2\/product\/3157\/revisions"}],"predecessor-version":[{"id":3882,"href":"https:\/\/www.fletxstore.com\/index.php\/wp-json\/wp\/v2\/product\/3157\/revisions\/3882"}],"wp:featuredmedia":[{"embeddable":true,"href":"https:\/\/www.fletxstore.com\/index.php\/wp-json\/wp\/v2\/media\/3312"}],"wp:attachment":[{"href":"https:\/\/www.fletxstore.com\/index.php\/wp-json\/wp\/v2\/media?parent=3157"}],"wp:term":[{"taxonomy":"product_cat","embeddable":true,"href":"https:\/\/www.fletxstore.com\/index.php\/wp-json\/wp\/v2\/product_cat?post=3157"},{"taxonomy":"product_tag","embeddable":true,"href":"https:\/\/www.fletxstore.com\/index.php\/wp-json\/wp\/v2\/product_tag?post=3157"}],"curies":[{"name":"wp","href":"https:\/\/api.w.org\/{rel}","templated":true}]}}