{"id":3154,"date":"2023-12-15T23:56:10","date_gmt":"2023-12-15T23:56:10","guid":{"rendered":"https:\/\/tienda.fletx.co\/?post_type=product&#038;p=3154"},"modified":"2024-06-18T20:03:29","modified_gmt":"2024-06-18T20:03:29","slug":"m-grease-xhp-222-pail-16kg-35-2lb","status":"publish","type":"product","link":"https:\/\/www.fletxstore.com\/index.php\/producto\/m-grease-xhp-222-pail-16kg-35-2lb\/","title":{"rendered":"Mobilgrease XHP\u2122 222 Series"},"content":{"rendered":"<div class=\"row\">\n<div class=\"col-12 breakpoints bp-xs bp-sm bp-md bp-lg bp-xl bp-max-xl\">\n<div class=\"special-screen-title clearfix\">\n<div class=\"special-screen-title-text\">\n<h1 class=\"strong\">Mobilgrease XHP\u2122 220 Series<\/h1>\n<p>Mobil grease , Colombia<\/p>\n<\/div>\n<\/div>\n<\/div>\n<\/div>\n<div id=\"divSubTitle\" class=\"row\">\n<div class=\"col-12 breakpoints bp-xs bp-sm bp-md bp-lg bp-xl bp-max-xl\">Grasa<\/div>\n<\/div>\n<div id=\"divPDSContent\" class=\"row\">\n<div class=\"col-12 breakpoints bp-xs bp-sm bp-md bp-lg bp-xl bp-max-xl\">\n<h2>Descripci\u00f3n del producto<\/h2>\n<p>Mobilgrese XHP\u2122 220 Series son grasas para servicio prolongado a base de un complejo de litio dise\u00f1adas para una amplia gama de aplicaciones y en condiciones operativas severas. Estas grasas se dise\u00f1aron para superar a los productos convencionales aplicando tecnolog\u00eda de punta, propietaria, para la fabricaci\u00f3n de complejo de litio. Las grasas est\u00e1n formuladas en forma tal que proporcionan un desempe\u00f1o excelente a altas temperaturas con una adherencia, estabilidad estructural y resistencia a la contaminaci\u00f3n por agua superiores. Estas grasas poseen alto nivel de estabilidad qu\u00edmica y ofrecen excelente protecci\u00f3n contra la herrumbre y la corrosi\u00f3n. Presentan altos puntos de goteo y temperatura m\u00e1xima de operaci\u00f3n recomendada de 140\u00ba C (284\u00b0F). Las grasas Mobilgrease XHP 220 est\u00e1n disponibles en grados NLGI 00, 0, 1, 2 y 3 con viscosidad del aceite base ISO VG 220.<\/p>\n<p>Las grasas Mobilgrease XHP 220 est\u00e1n dise\u00f1adas para una amplia gama de aplicaciones, incluyendo los sectores industrial, automotriz, marino y construcci\u00f3n. Sus caracter\u00edsticas de desempe\u00f1o las hacen la opci\u00f3n ideal para condiciones de operaci\u00f3n incluyendo alta temperatura, contaminaci\u00f3n por agua, cargas de impacto y operaciones con intervalos prolongados de relubricaci\u00f3n. Mobilgrease XHP 222 Special es una grasa para presiones extremas fortificada con 0.75% de bisulfuro de molibdeno que proporciona protecci\u00f3n contra el desgaste en situaciones de pivoteo y otras condiciones que conducen a la p\u00e9rdida de la pel\u00edcula de aceite.<\/p>\n<p>&nbsp;<\/p>\n<h2>Propiedades y beneficios<\/h2>\n<p>Las grasas Mobilgrease XHP 220 son miembros l\u00edderes de la marca de productos Mobilgrease, que ha ganado una reputaci\u00f3n por su innovaci\u00f3n y excelencia en el desempe\u00f1o. Las grasas Mobilgrease XHP 220 son productos de alto desempe\u00f1o dise\u00f1adas por nuestros tecn\u00f3logos formuladores apoyados por nuestro equipo de soporte t\u00e9cnico mundial.<\/p>\n<p>Un factor clave para las excelentes propiedades de adherencia, cohesi\u00f3n y alto punto de goteo de las grasas Mobilgrease XHP 220 es la tecnolog\u00eda propietaria para fabricaci\u00f3n desarrollada en nuestras instalaciones de investigaci\u00f3n y adoptada por nuestras modernas instalaciones de producci\u00f3n. Estos productos utilizan aditivos especialmente seleccionados para brindar excelente estabilidad a la oxidaci\u00f3n, control de la herrumbre y la corrosi\u00f3n, resistencia a la contaminaci\u00f3n por agua, adem\u00e1s de protecci\u00f3n contra desgaste y extrema presi\u00f3n. Los productos de la serie Mobilgrease XHP 220 ofrecen los siguientes beneficios potenciales y caracter\u00edsticas:<\/p>\n<p>&nbsp;<\/p>\n<div class=\"table-responsive\">\n<table class=\"table table-striped\">\n<tbody>\n<tr>\n<td><strong>Propiedades<\/strong><\/td>\n<td><strong>Ventajas y posibles beneficios<\/strong><\/td>\n<\/tr>\n<tr>\n<td>Suprema resistencia al lavado por agua<\/td>\n<td>Ayuda a asegurar lubricaci\u00f3n y protecci\u00f3n apropiadas incluso bajo las m\u00e1s severas condiciones de exposici\u00f3n al agua.<\/td>\n<\/tr>\n<tr>\n<td>Estructura altamente adhesiva y cohesiva<\/td>\n<td>La excelente tenacidad de la grasa ayuda a reducir las fugas y prolonga los intervalos de relubricaci\u00f3n, con lo cual se reducen los requerimientos de mantenimiento<\/td>\n<\/tr>\n<tr>\n<td>Excelente protecci\u00f3n contra herrumbre y corrosi\u00f3n<\/td>\n<td>Protecci\u00f3n de las piezas lubricadas a\u00fan en ambientes acuosos agresivos<\/td>\n<\/tr>\n<tr>\n<td>Muy buena resistencia a la degradaci\u00f3n t\u00e9rmica, oxidaci\u00f3n y estructural provocada por las altas temperaturas<\/td>\n<td>Ayuda a prolongar la vida \u00fatil de la grasa y a mejorar la protecci\u00f3n de los cojinetes en aplicaciones a altas temperaturas, lo cual ayuda reducir los costos de mantenimiento y de reemplazo<\/td>\n<\/tr>\n<tr>\n<td>Muy buen desempe\u00f1o anti desgaste y de protecci\u00f3n ante presiones extremas<\/td>\n<td>Protecci\u00f3n confiable de los equipos lubricados, aun bajo condiciones de alto deslizamiento con la posibilidad de prolongar la vida de los equipos y reducir los tiempos muertos inesperados<\/td>\n<\/tr>\n<tr>\n<td>Amplia gama de aplicaciones multiprop\u00f3sito<\/td>\n<td>Proporciona la posibilidad de racionalizar los inventarios y reducir los costos de los mismos<\/td>\n<\/tr>\n<\/tbody>\n<\/table>\n<\/div>\n<p>&nbsp;<\/p>\n<h2>Aplicaciones<\/h2>\n<p>Las grasas Mobilgrease XHP 220 se utilizan en una amplia gama de equipos, incluyendo aplicaciones industriales, automotrices, de construcci\u00f3n y marinas. Su color azul permite una f\u00e1cil verificaci\u00f3n de su aplicaci\u00f3n:<\/p>\n<p>Mobilgrease XHP 005 y 220 son grasas m\u00e1s blandas paras altas temperaturas que ExxonMobil recomienda para sistemas centralizados de lubricaci\u00f3n con grasa, lubricaci\u00f3n de engranajes y donde la facilidad de bombeo a temperaturas extremadamente bajas es importante.<\/p>\n<p>Mobilgrease XHP 221 es recomendada por ExxonMobil para usarse en aplicaciones industriales y marinas, componentes de chasis y maquinaria agr\u00edcola. Proporciona un excelente desempe\u00f1o a bajas temperaturas.<\/p>\n<p>Mobilgrease XHP 222 es recomendada por ExxonMobil para aplicaciones industriales y marinas, en los componentes de los chasis y en maquinaria agr\u00edcola. Su formulaci\u00f3n pegajosa se mantiene adherida a las aplicaciones durante mayor tiempo.<\/p>\n<p>Mobilgrease XHP 223 es recomendada por ExxonMobil para aplicaciones que requieren buenas propiedades antifugas y de altas temperaturas. Es particularmente recomendada para aplicaciones severas de cojinetes de ruedas de camiones o para rodamientos de elementos rodantes sujetos a vibraciones, o donde mayores velocidades requieren una grasa con una mayor consistencia para proporcionar caracter\u00edsticas de acanalamiento.<\/p>\n<p>Mobilgrease XHP 222 Special contiene 0.75% de bisulfuro de molibdeno, es de color gris y es recomendada por ExxonMobil para servicios moderados en aplicaciones industriales, componentes de los chasis y maquinaria agr\u00edcola. Tambi\u00e9n encuentra usos en pivotes de giro, uniones universales, quintas ruedas y bujes de cucharones.<\/p>\n<p>&nbsp;<\/p>\n<h2>Especificaciones y aprobaciones<\/h2>\n<div class=\"table-responsive\">\n<table class=\"table table-striped\">\n<tbody>\n<tr>\n<td><strong>Este producto tiene las siguientes aprobaciones de fabricantes:<\/strong><\/td>\n<td><strong>220<\/strong><\/td>\n<td><strong>221<\/strong><\/td>\n<td><strong>222<\/strong><\/td>\n<\/tr>\n<tr>\n<td>Fives Cincinnati P-64<\/td>\n<td><\/td>\n<td><\/td>\n<td>X<\/td>\n<\/tr>\n<tr>\n<td>Fives Cincinnati P-72<\/td>\n<td><\/td>\n<td>X<\/td>\n<td><\/td>\n<\/tr>\n<tr>\n<td>Fives Cincinnati P-79<\/td>\n<td>X<\/td>\n<td><\/td>\n<td><\/td>\n<\/tr>\n<\/tbody>\n<\/table>\n<\/div>\n<p>&nbsp;<\/p>\n<div class=\"table-responsive\">\n<table class=\"table table-striped\">\n<tbody>\n<tr>\n<td><strong>Este producto cumple o excede los requisitos de:<\/strong><\/td>\n<td><strong>220<\/strong><\/td>\n<td><strong>221<\/strong><\/td>\n<td><strong>222<\/strong><\/td>\n<\/tr>\n<tr>\n<td>DIN 51825:2004-06 &#8211; KP 1 N -20<\/td>\n<td><\/td>\n<td>X<\/td>\n<td><\/td>\n<\/tr>\n<tr>\n<td>DIN 51825:2004-06 &#8211; KP 2 N -20<\/td>\n<td><\/td>\n<td><\/td>\n<td>X<\/td>\n<\/tr>\n<tr>\n<td>NLGI HPM+WR<\/td>\n<td><\/td>\n<td><\/td>\n<td>X<\/td>\n<\/tr>\n<\/tbody>\n<\/table>\n<\/div>\n<p>&nbsp;<\/p>\n<h2>Propiedades y especificaciones<\/h2>\n<div class=\"table-responsive\">\n<table class=\"table table-striped\">\n<tbody>\n<tr>\n<td><strong>Propiedad<\/strong><\/td>\n<td><strong>005<\/strong><\/td>\n<td><strong>220<\/strong><\/td>\n<td><strong>221<\/strong><\/td>\n<td><strong>222<\/strong><\/td>\n<td><strong>222 SPECIAL<\/strong><\/td>\n<td><strong>223<\/strong><\/td>\n<\/tr>\n<tr>\n<td>Grado<\/td>\n<td>NLGI 00<\/td>\n<td>NLGI 0<\/td>\n<td>NLGI 1<\/td>\n<td>NLGI 2<\/td>\n<td>NLGI 2<\/td>\n<td>NLGI 3<\/td>\n<\/tr>\n<tr>\n<td>Tipo de espesante<\/td>\n<td>Complejo de litio<\/td>\n<td>Complejo de litio<\/td>\n<td>Complejo de litio<\/td>\n<td>Complejo de litio<\/td>\n<td>Complejo de litio<\/td>\n<td>Complejo de litio<\/td>\n<\/tr>\n<tr>\n<td>Color, visual<\/td>\n<td>Azul oscuro<\/td>\n<td>Azul oscuro<\/td>\n<td>Azul oscuro<\/td>\n<td>Azul oscuro<\/td>\n<td>Gris-negro<\/td>\n<td>Azul oscuro<\/td>\n<\/tr>\n<tr>\n<td>Corrosi\u00f3n de la tira de cobre, 24 h, 100 C, Clasificaci\u00f3n, ASTM D4048<\/td>\n<td>1B<\/td>\n<td>1B<\/td>\n<td>1B<\/td>\n<td>1B<\/td>\n<td>1B<\/td>\n<td>1B<\/td>\n<\/tr>\n<tr>\n<td>Propiedades preventivas contra la corrosi\u00f3n, clasificaci\u00f3n, ASTM D1743<\/td>\n<td>Pasa<\/td>\n<td>Pasa<\/td>\n<td>Pasa<\/td>\n<td>Pasa<\/td>\n<td>Pasa<\/td>\n<td>Pasa<\/td>\n<\/tr>\n<tr>\n<td>Punto de goteo, \u00b0C, ASTM D2265<\/td>\n<td>0<\/td>\n<td>260<\/td>\n<td>275<\/td>\n<td>290<\/td>\n<td>290<\/td>\n<td>290<\/td>\n<\/tr>\n<tr>\n<td>Prueba de presi\u00f3n extrema de cuatro bolas, \u00edndice de desgaste de carga, kgf, ASTM D2596<\/td>\n<td>46,7<\/td>\n<td>46,7<\/td>\n<td>46,7<\/td>\n<td>46,7<\/td>\n<td>46,7<\/td>\n<td>46,7<\/td>\n<\/tr>\n<tr>\n<td>Prueba de presi\u00f3n extrema de cuatro bolas, punto de soldadura, kgf, ASTM D2596<\/td>\n<td>315<\/td>\n<td>315<\/td>\n<td>315<\/td>\n<td>315<\/td>\n<td>400<\/td>\n<td>315<\/td>\n<\/tr>\n<tr>\n<td>Prueba de desgaste de cuatro bolas, di\u00e1metro de la cicatriz, mm, ASTM D2266<\/td>\n<td>0,5<\/td>\n<td>0,5<\/td>\n<td>0,5<\/td>\n<td>0,5<\/td>\n<td>0,5<\/td>\n<td>0,5<\/td>\n<\/tr>\n<tr>\n<td>Contenido de bisulfuro de molibdeno, % en peso, CALCULADO<\/td>\n<td><\/td>\n<td><\/td>\n<td><\/td>\n<td><\/td>\n<td>0,75<\/td>\n<td><\/td>\n<\/tr>\n<tr>\n<td>Estabilidad a la oxidaci\u00f3n, ca\u00edda de presi\u00f3n, 100 h, kPa, ASTM D942<\/td>\n<td>35<\/td>\n<td>35<\/td>\n<td>35<\/td>\n<td>35<\/td>\n<td>35<\/td>\n<td>35<\/td>\n<\/tr>\n<tr>\n<td>Penetraci\u00f3n, 60X, 0,1 mm, ASTM D217<\/td>\n<td>415<\/td>\n<td>370<\/td>\n<td>325<\/td>\n<td>280<\/td>\n<td>280<\/td>\n<td>235<\/td>\n<\/tr>\n<tr>\n<td>Estabilidad en rodillo, Cambio en la consistencia de penetraci\u00f3n, 0,1 mm, ASTM D1831<\/td>\n<td><\/td>\n<td>0<\/td>\n<td>0<\/td>\n<td>0<\/td>\n<td>0<\/td>\n<td>0<\/td>\n<\/tr>\n<tr>\n<td>Prueba de herrumbre SKF Emcor, Agua destilada, ASTM D6138<\/td>\n<td>0,0<\/td>\n<td>0,0<\/td>\n<td>0,0<\/td>\n<td>0,0<\/td>\n<td>0,0<\/td>\n<td>0,0<\/td>\n<\/tr>\n<tr>\n<td>Carga Timken OK, lb, ASTM D2509<\/td>\n<td>40<\/td>\n<td>40<\/td>\n<td>40<\/td>\n<td>40<\/td>\n<td>40<\/td>\n<td>40<\/td>\n<\/tr>\n<tr>\n<td>Viscosidad @ 100 C, aceite base, mm2\/s, ASTM D445<\/td>\n<td>18,6<\/td>\n<td>18,6<\/td>\n<td>18,6<\/td>\n<td>18,6<\/td>\n<td>18,6<\/td>\n<td>18,6<\/td>\n<\/tr>\n<tr>\n<td>Viscosidad @ 40 C, aceite base, mm2\/s, ASTM D445<\/td>\n<td>220<\/td>\n<td>220<\/td>\n<td>220<\/td>\n<td>220<\/td>\n<td>220<\/td>\n<td>220<\/td>\n<\/tr>\n<tr>\n<td>\u00cdndice de viscosidad, ASTM D2270<\/td>\n<td>94<\/td>\n<td>94<\/td>\n<td>94<\/td>\n<td>94<\/td>\n<td>94<\/td>\n<td>94<\/td>\n<\/tr>\n<tr>\n<td>Resistencia al pulverizado con agua, p\u00e9rdida, %, ASTM D4049<\/td>\n<td><\/td>\n<td><\/td>\n<td>15<\/td>\n<td>10<\/td>\n<td>10<\/td>\n<td>10<\/td>\n<\/tr>\n<tr>\n<td>P\u00e9rdida de lavado con agua @ 79 C, % en peso, ASTM D1264<\/td>\n<td><\/td>\n<td><\/td>\n<td>8<\/td>\n<td>5<\/td>\n<td>5<\/td>\n<td>5<\/td>\n<\/tr>\n<\/tbody>\n<\/table>\n<\/div>\n<p>&nbsp;<\/p>\n<h2>Seguridad e Higiene<\/h2>\n<p>Las recomendaciones de salud y seguridad para este producto se pueden encontrar en la Ficha de Seguridad del Material (FDS) @\u00a0<a href=\"http:\/\/www.msds.exxonmobil.com\/psims\/psims.aspx\">http:\/\/www.msds.exxonmobil.com\/psims\/psims.aspx<\/a><\/p>\n<\/div>\n<\/div>\n<div id=\"divTradeMark\" class=\"row\">\n<div class=\"col-12 breakpoints bp-xs bp-sm bp-md bp-lg bp-xl bp-max-xl\">\n<p>Todas las marcas comerciales utilizadas en este documento son marcas comerciales o marcas registradas de Exxon Mobil Corporation o de una de sus subsidiarias a menos que se indique lo contrario.<\/p>\n<p>01-2022<\/p>\n<\/div>\n<\/div>\n<div id=\"divFooter\" class=\"row\">\n<div class=\"col-12 breakpoints bp-xs bp-sm bp-md bp-lg bp-xl bp-max-xl\">Organizaci\u00f3n Terpel S.A.<br \/>\nCarrera 7 N\u00b0 75-51, Bogot\u00e1 \u2013 Colombia<br \/>\n(57) 1 3267878<\/p>\n<div><\/div>\n<p>Las caracter\u00edsticas t\u00edpicas son t\u00edpicas de aquellas obtenidas con la tolerancia de la producci\u00f3n normal y no constituyen una especificaci\u00f3n. Durante la fabricaci\u00f3n normal y en los diferentes lugares de mezcla son esperadas variaciones que no afectan el desempe\u00f1o del producto. La informaci\u00f3n aqu\u00ed contenida est\u00e1 sujeta a cambios sin previo aviso. Todos los productos pueden no estar disponibles localmente. Para obtener m\u00e1s informaci\u00f3n, comun\u00edquese con su representante local de ExxonMobil, o viste\u00a0<a href=\"http:\/\/www.exxonmobil.com\/\">www.exxonmobil.com<\/a><br \/>\nExxonMobil se compone de numerosas filiales y subsidiarias, muchas de ellas con nombres que incluyen Esso, Mobil o ExxonMobil. Nada en este documento est\u00e1 destinado a invalidar o sustituir la separaci\u00f3n corporativa de entidades locales. La responsabilidad por la acci\u00f3n local y la contabilidad permanecen con las entidades locales afiliadas a ExxonMobil.<\/p>\n<\/div>\n<\/div>\n","protected":false},"excerpt":{"rendered":"<div class=\"row\">\n<div class=\"col-12 breakpoints bp-xs bp-sm bp-md bp-lg bp-xl bp-max-xl\">\n<div class=\"special-screen-title clearfix\">\n<div class=\"special-screen-title-text\">\n<h1 class=\"strong\">Balde de 16Kg\/35.2Lb<\/h1>\n<p>Grasas para servicio prolongado a base de un complejo de litio dise\u00f1adas para una amplia gama de aplicaciones y en condiciones operativas severas. Estas grasas se dise\u00f1aron para superar a los productos convencionales aplicando tecnolog\u00eda de punta, propietaria, para la fabricaci\u00f3n de complejo de litio.<\/p>\n<\/div>\n<\/div>\n<\/div>\n<\/div>\n","protected":false},"featured_media":3643,"comment_status":"open","ping_status":"closed","template":"","meta":[],"product_cat":[130,109],"product_tag":[142,110],"class_list":["post-3154","product","type-product","status-publish","has-post-thumbnail","hentry","product_cat-grasa","product_cat-mobil-delvac-tm","product_tag-balde","product_tag-mobil-delvac-mt"],"jetpack_sharing_enabled":true,"_links":{"self":[{"href":"https:\/\/www.fletxstore.com\/index.php\/wp-json\/wp\/v2\/product\/3154","targetHints":{"allow":["GET"]}}],"collection":[{"href":"https:\/\/www.fletxstore.com\/index.php\/wp-json\/wp\/v2\/product"}],"about":[{"href":"https:\/\/www.fletxstore.com\/index.php\/wp-json\/wp\/v2\/types\/product"}],"replies":[{"embeddable":true,"href":"https:\/\/www.fletxstore.com\/index.php\/wp-json\/wp\/v2\/comments?post=3154"}],"version-history":[{"count":7,"href":"https:\/\/www.fletxstore.com\/index.php\/wp-json\/wp\/v2\/product\/3154\/revisions"}],"predecessor-version":[{"id":3642,"href":"https:\/\/www.fletxstore.com\/index.php\/wp-json\/wp\/v2\/product\/3154\/revisions\/3642"}],"wp:featuredmedia":[{"embeddable":true,"href":"https:\/\/www.fletxstore.com\/index.php\/wp-json\/wp\/v2\/media\/3643"}],"wp:attachment":[{"href":"https:\/\/www.fletxstore.com\/index.php\/wp-json\/wp\/v2\/media?parent=3154"}],"wp:term":[{"taxonomy":"product_cat","embeddable":true,"href":"https:\/\/www.fletxstore.com\/index.php\/wp-json\/wp\/v2\/product_cat?post=3154"},{"taxonomy":"product_tag","embeddable":true,"href":"https:\/\/www.fletxstore.com\/index.php\/wp-json\/wp\/v2\/product_tag?post=3154"}],"curies":[{"name":"wp","href":"https:\/\/api.w.org\/{rel}","templated":true}]}}