{"id":3152,"date":"2023-12-15T23:56:11","date_gmt":"2023-12-15T23:56:11","guid":{"rendered":"https:\/\/tienda.fletx.co\/?post_type=product&#038;p=3152"},"modified":"2024-06-18T20:02:48","modified_gmt":"2024-06-18T20:02:48","slug":"mobil-delv-ext-life-50-50-pred-co-5g","status":"publish","type":"product","link":"https:\/\/www.fletxstore.com\/index.php\/producto\/mobil-delv-ext-life-50-50-pred-co-5g\/","title":{"rendered":"Mobil Delvac\u2122 Extended Life 50\/50 Prediluted Coolant\/Antifreeze 5G"},"content":{"rendered":"<div class=\"row\">\n<div class=\"col-12 breakpoints bp-xs bp-sm bp-md bp-lg bp-xl bp-max-xl\">\n<div class=\"special-screen-title clearfix\">\n<div class=\"special-screen-title-text\">\n<h3 class=\"strong\">Mobil Delvac<\/h3>\n<\/div>\n<\/div>\n<\/div>\n<\/div>\n<div id=\"divSubTitle\" class=\"row\">\n<div class=\"col-12 breakpoints bp-xs bp-sm bp-md bp-lg bp-xl bp-max-xl\">\n<p>Extended Life 50\/50 Prediluted Coolant\/Antifreeze &#8211; CO<\/p>\n<\/div>\n<\/div>\n<div id=\"divPDSContent\" class=\"row\">\n<div class=\"col-12 breakpoints bp-xs bp-sm bp-md bp-lg bp-xl bp-max-xl\">\n<h2>Caracter\u00edsticas y Beneficios<\/h2>\n<p>El refrigerante anticongelante Mobil Delvac de vida extendida pre-diluido 50\/50, es tecnolog\u00eda de \u00c1cidos Org\u00e1nicos patentada (OAT), refrigerante con avanzada formulaci\u00f3n de vida de extendida (ELC), con nitritos y molibdatos, basada en una mezcla concentrada de inhibidores org\u00e1nicos de larga duraci\u00f3n, dise\u00f1ados para proteger contra temperaturas extremas, la oxidaci\u00f3n, la corrosi\u00f3n, formaci\u00f3n de incrustaciones y da\u00f1os prematuros en la bomba de agua.<\/p>\n<p>Mobil Delvac Extended Life, utiliza la tecnolog\u00eda de carboxilatos para una m\u00e1xima protecci\u00f3n de los seis metales b\u00e1sicos que se encuentran en la mayor\u00eda de los sistemas de transferencia de calor (cobre, esta\u00f1o, lat\u00f3n, acero, Hierro y aluminio).<\/p>\n<p>Mobil Delvac Extended Life es una mezcla de anticongelante con agua de buena calidad, que proporciona protecci\u00f3n extendida de hasta 1.000.000 km o 12.000 horas. El producto puede ser usado en todas las aplicaciones para motores de servicio pesado.<\/p>\n<p>Mobil Delvac de vida extendida, es compatible con cualquier anticongelante\/refrigerante para trabajo pesado, en cualquier motor di\u00e9sel o gasolina de cami\u00f3n, maquinaria agr\u00edcola, OFF-ROAD, mar\u00edtimo, en aluminio y otros metales del motor.<\/p>\n<h2>Avanzada tecnolog\u00eda para una larga vida<\/h2>\n<ul>\n<li>Formulaci\u00f3n libre de silicatos, fosfatos, aminas, boratos, nitratos, con inhibidores de larga duraci\u00f3n y protecci\u00f3n contra la corrosi\u00f3n.<\/li>\n<li>Formulaci\u00f3n con nitritos y molibdatos para ayudar a proteger los componentes de hierro en el sistema de refrigeraci\u00f3n, lo que reduce la corrosi\u00f3n del acero, en las camisas de hierro fundido y la corrosi\u00f3n localizada en el bloque. (Requerimientos de las especificaciones de las normas ASTM D-6210, TMC RP 329 y CAT EC-1).<\/li>\n<li>No requiere precarga inicial de aditivos suplementarios (SCA).<\/li>\n<li>Avanzados aditivos para prevenir la incrustaci\u00f3n.<\/li>\n<\/ul>\n<p>&nbsp;<\/p>\n<h2>Especificaciones<\/h2>\n<div class=\"table-responsive\">\n<table class=\"table table-striped\">\n<colgroup>\n<col \/>\n<col \/><\/colgroup>\n<tbody>\n<tr>\n<td>Mobil Delvac Extended Life est\u00e1 recomendado por ExxonMobil para usarse en aplicaciones que requieren:<\/td>\n<td><\/td>\n<\/tr>\n<tr>\n<td>ASTM D-3306<\/td>\n<td>X<\/td>\n<\/tr>\n<tr>\n<td>ASTM D-4340<\/td>\n<td>X<\/td>\n<\/tr>\n<tr>\n<td>ASTM D-4985<\/td>\n<td>X<\/td>\n<\/tr>\n<tr>\n<td>ASTMD-6210<\/td>\n<td>X<\/td>\n<\/tr>\n<tr>\n<td>Cummins14603 &amp; 90T8-4<\/td>\n<td>X<\/td>\n<\/tr>\n<tr>\n<td>Caterpillar\u00a0 EC-1<\/td>\n<td>X<\/td>\n<\/tr>\n<tr>\n<td>Chrysler MS7170 Sec. A and B 1-4<\/td>\n<td>X<\/td>\n<\/tr>\n<tr>\n<td>GM 1825M<\/td>\n<td>X<\/td>\n<\/tr>\n<tr>\n<td>GM 1899M<\/td>\n<td>X<\/td>\n<\/tr>\n<tr>\n<td>Ford ESE-M97B44-A Sec. 3.1.1 and 3.1.2<\/td>\n<td>X<\/td>\n<\/tr>\n<tr>\n<td>Detroit 7SE298<\/td>\n<td>X<\/td>\n<\/tr>\n<tr>\n<td>Freightliner 48-22800<\/td>\n<td>X<\/td>\n<\/tr>\n<tr>\n<td>John Deere H24A1<\/td>\n<td>X<\/td>\n<\/tr>\n<tr>\n<td>Ford New Holland WSN-M97B18D<\/td>\n<td>X<\/td>\n<\/tr>\n<tr>\n<td>SAE J1941, J1034<\/td>\n<td>X<\/td>\n<\/tr>\n<tr>\n<td>Kenworth R026-170-97<\/td>\n<td>X<\/td>\n<\/tr>\n<tr>\n<td>Mack Packar<\/td>\n<td>X<\/td>\n<\/tr>\n<tr>\n<td>TMC RP 329, 302A<\/td>\n<td>X<\/td>\n<\/tr>\n<tr>\n<td>White\/GMC Div. Of Volvo<\/td>\n<td>X<\/td>\n<\/tr>\n<tr>\n<td>CSMA<\/td>\n<td>X<\/td>\n<\/tr>\n<tr>\n<td>Navistar-International (CEMS B-1, Type I-II)<\/td>\n<td>X<\/td>\n<\/tr>\n<tr>\n<td>Dresser Waukesha S-7610-2<\/td>\n<td>X<\/td>\n<\/tr>\n<tr>\n<td>GSA CID A-A-52624<\/td>\n<td>X<\/td>\n<\/tr>\n<tr>\n<td>GSA AA-870A<\/td>\n<td>X<\/td>\n<\/tr>\n<tr>\n<td>Peterbilt 07-06773<\/td>\n<td>X<\/td>\n<\/tr>\n<tr>\n<td>Mercedes Benz DBL 7700<\/td>\n<td>X<\/td>\n<\/tr>\n<tr>\n<td>Mercedes Benz 325.3<\/td>\n<td>X<\/td>\n<\/tr>\n<\/tbody>\n<\/table>\n<\/div>\n<h2><\/h2>\n<h2>Propiedades Qu\u00edmicas<\/h2>\n<div class=\"table-responsive\">\n<table class=\"table table-striped\">\n<colgroup>\n<col \/>\n<col \/>\n<col \/>\n<col \/><\/colgroup>\n<tbody>\n<tr>\n<td>Propiedad<\/td>\n<td>ASTM m\u00e9todo de Prueba<\/td>\n<td>Especificaci\u00f3n ASTM D-6210<\/td>\n<td>Valores T\u00edpicos de<\/td>\n<\/tr>\n<tr>\n<td><\/td>\n<td><\/td>\n<td><\/td>\n<td>Mobil Delvac Extended Life<\/td>\n<\/tr>\n<tr>\n<td>Gravedad espec\u00edfica (15\/15\u02daC)<\/td>\n<td>D1122-08<\/td>\n<td>Min 1.065<\/td>\n<td>1.0714<\/td>\n<\/tr>\n<tr>\n<td>Punto de Ebullici\u00f3n, 50 Vol. %, \u02daC<\/td>\n<td>D1120-11<\/td>\n<td>Min. 108<\/td>\n<td>108<\/td>\n<\/tr>\n<tr>\n<td>Efecto sobre el acabado automotriz<\/td>\n<td><\/td>\n<td>Sin Efecto<\/td>\n<td>Sin Efecto<\/td>\n<\/tr>\n<tr>\n<td>pH, 50 Vol. %<\/td>\n<td>D1287-11<\/td>\n<td>7.5 &#8211; 11.0<\/td>\n<td>8.7<\/td>\n<\/tr>\n<tr>\n<td>Alcalinidad de Reserva, ml<\/td>\n<td>D1121-11<\/td>\n<td>Reporte<\/td>\n<td>Min 3.6<\/td>\n<\/tr>\n<tr>\n<td>Color<\/td>\n<td><\/td>\n<td><\/td>\n<td>Rojo Naranja<\/td>\n<\/tr>\n<tr>\n<td>Densidad, Kg\/Gal @ 15\u00b0C<\/td>\n<td><\/td>\n<td><\/td>\n<td>4.0<\/td>\n<\/tr>\n<\/tbody>\n<\/table>\n<\/div>\n<p>&nbsp;<\/p>\n<h2>Aplicaci\u00f3n<\/h2>\n<p>Para asegurar el \u00e9xito en el uso del Mobil Delvac Extended Life 50\/50, el sistema debe ser drenado y enjuagado antes de su aplicaci\u00f3n. Mobil Delvac Extended Life 50\/50 es un producto premezclado listo para usar. Para asegurar el nivel de concentraci\u00f3n adecuada de los inhibidores de corrosi\u00f3n y la protecci\u00f3n contra la ebullici\u00f3n-congelamiento, no a\u00f1ada agua ni mezcle con otros refrigerantes desconocidos.<\/p>\n<p>Con Mobil Delvac Extended Life 50\/50 no hay necesidad de utilizar una carga inicial de aditivos suplementarios (SCA) o una precarga qu\u00edmica en el filtro de agua.<br \/>\nMobil Delvac Extended Life 50\/50 es compatible con otros (ELC) y refrigerantes para trabajo pesado convencionales (Heavy Duty). La diluci\u00f3n con otros refrigerantes convencionales reducir\u00e1 los beneficios de vida extendida del producto Mobil Delvac.<\/p>\n<p>Mobil Delvac Extended Life 50\/50, con nueva tecnolog\u00eda patentada OAT \u2013ELC + nitritos &#8211; molibdatos, proporciona una protecci\u00f3n de larga vida que garantiza un rendimiento de hasta 1.000.000 km (600,000 millas) o 12,000 horas, siempre y cuando la recarga se realice con el mismo Mobil Delvac Extended Life 50\/50.<\/p>\n<p>&nbsp;<\/p>\n<h2>Seguridad y Salud<\/h2>\n<p>Con base en la informaci\u00f3n disponible, no se espera que este producto cause efectos adversos en la salud, mientras se utilice en las aplicaciones para las que est\u00e1 destinado y se sigan las recomendaciones de la hoja de Seguridad del Material (MSDS). La hoja de seguridad esta disponible a trav\u00e9s del Centro de Atenci\u00f3n al Cliente o v\u00eda Internet. Este producto no debe utilizarse para otros prop\u00f3sitos distintos a los recomendados. Al deshacerse del producto usado, tenga cuidado de proteger el medio ambiente.<\/p>\n<p>&nbsp;<\/p>\n<h2>Manipulaci\u00f3n<\/h2>\n<p>Mantenga el recipiente cerrado. En caso de derrame, limpiar tan pronto como el producto se riegue. Enjuague los derrames peque\u00f1os con agua. Los derrames grandes, recoger en tambores para su adecuada eliminaci\u00f3n. Elimine o recicle de acuerdo con las reglamentaciones locales. Para m\u00e1s informaci\u00f3n sobre la salud y seguridad, consulte la Hoja de Seguridad del Mobil Delvac Extended Life 50\/50.<\/p>\n<\/div>\n<\/div>\n<div id=\"divTradeMark\" class=\"row\">\n<div class=\"col-12 breakpoints bp-xs bp-sm bp-md bp-lg bp-xl bp-max-xl\">\n<p>El logotipo Mobil. el dise\u00f1o del Pegasus , y Delvac son marcas registradas por Exxon Mobil Corporation, o una de sus afiliadas<\/p>\n<p>09-2019<\/p>\n<\/div>\n<\/div>\n<div id=\"divFooter\" class=\"row\">\n<div class=\"col-12 breakpoints bp-xs bp-sm bp-md bp-lg bp-xl bp-max-xl\">Organizaci\u00f3n Terpel S.A.<br \/>\nAddress: Carrera 7 N\u00b0 75-51, Bogot\u00e1 \u2013 Colombia<br \/>\nPhone: (57) 1 3267878<\/p>\n<div><\/div>\n<p>Typical Properties are typical of those obtained with normal production tolerance and do not constitute a specification.\u00a0 Variations that do not affect product performance are to be expected during normal manufacture and at different blending locations.\u00a0 The information contained herein is subject to change without notice. All products may not be available locally. For more information, contact your local ExxonMobil contact or visit\u00a0<a href=\"http:\/\/www.exxonmobil.com\/\">www.exxonmobil.com<\/a><br \/>\nExxonMobil is comprised of numerous affiliates and subsidiaries, many with names that include Esso, Mobil, or ExxonMobil. Nothing in this document is intended to override or supersede the corporate separateness of local entities. Responsibility for local action and accountability remains with the local ExxonMobil-affiliate entities.<\/p>\n<\/div>\n<\/div>\n","protected":false},"excerpt":{"rendered":"<div class=\"row\">\n<div class=\"col-12 breakpoints bp-xs bp-sm bp-md bp-lg bp-xl bp-max-xl\">\n<div class=\"special-screen-title clearfix\">\n<div class=\"special-screen-title-text\">\n<h2>Garrafa de 5 Gal<\/h2>\n<h3 class=\"strong\">Mobil Delvac<\/h3>\n<\/div>\n<\/div>\n<\/div>\n<\/div>\n<div id=\"divSubTitle\" class=\"row\">\n<div class=\"col-12 breakpoints bp-xs bp-sm bp-md bp-lg bp-xl bp-max-xl\">\n<p>Extended Life 50\/50 Prediluted Coolant\/Antifreeze &#8211; CO<\/p>\n<\/div>\n<\/div>\n<div id=\"divPDSContent\" class=\"row\">\n<div class=\"col-12 breakpoints bp-xs bp-sm bp-md bp-lg bp-xl bp-max-xl\">\n<h2><\/h2>\n<\/div>\n<\/div>\n","protected":false},"featured_media":3662,"comment_status":"open","ping_status":"closed","template":"","meta":[],"product_cat":[138,109,140],"product_tag":[160,110,148,151],"class_list":["post-3152","product","type-product","status-publish","has-post-thumbnail","hentry","product_cat-kit-optimo","product_cat-mobil-delvac-tm","product_cat-refigerantes","product_tag-garrafa","product_tag-mobil-delvac-mt","product_tag-nacional","product_tag-premium"],"jetpack_sharing_enabled":true,"_links":{"self":[{"href":"https:\/\/www.fletxstore.com\/index.php\/wp-json\/wp\/v2\/product\/3152","targetHints":{"allow":["GET"]}}],"collection":[{"href":"https:\/\/www.fletxstore.com\/index.php\/wp-json\/wp\/v2\/product"}],"about":[{"href":"https:\/\/www.fletxstore.com\/index.php\/wp-json\/wp\/v2\/types\/product"}],"replies":[{"embeddable":true,"href":"https:\/\/www.fletxstore.com\/index.php\/wp-json\/wp\/v2\/comments?post=3152"}],"version-history":[{"count":7,"href":"https:\/\/www.fletxstore.com\/index.php\/wp-json\/wp\/v2\/product\/3152\/revisions"}],"predecessor-version":[{"id":3375,"href":"https:\/\/www.fletxstore.com\/index.php\/wp-json\/wp\/v2\/product\/3152\/revisions\/3375"}],"wp:featuredmedia":[{"embeddable":true,"href":"https:\/\/www.fletxstore.com\/index.php\/wp-json\/wp\/v2\/media\/3662"}],"wp:attachment":[{"href":"https:\/\/www.fletxstore.com\/index.php\/wp-json\/wp\/v2\/media?parent=3152"}],"wp:term":[{"taxonomy":"product_cat","embeddable":true,"href":"https:\/\/www.fletxstore.com\/index.php\/wp-json\/wp\/v2\/product_cat?post=3152"},{"taxonomy":"product_tag","embeddable":true,"href":"https:\/\/www.fletxstore.com\/index.php\/wp-json\/wp\/v2\/product_tag?post=3152"}],"curies":[{"name":"wp","href":"https:\/\/api.w.org\/{rel}","templated":true}]}}