{"id":3151,"date":"2023-12-15T23:56:11","date_gmt":"2023-12-15T23:56:11","guid":{"rendered":"https:\/\/tienda.fletx.co\/?post_type=product&#038;p=3151"},"modified":"2026-02-11T10:00:08","modified_gmt":"2026-02-11T10:00:08","slug":"mobil-delv-ext-life-50-50-pred-co-cjx6g","status":"publish","type":"product","link":"https:\/\/www.fletxstore.com\/index.php\/producto\/mobil-delv-ext-life-50-50-pred-co-cjx6g\/","title":{"rendered":"Mobil Delvac\u2122 Extended Life 50\/50 Prediluted Coolant\/Antifreeze"},"content":{"rendered":"<div class=\"row\">\n<div class=\"col-12 breakpoints bp-xs bp-sm bp-md bp-lg bp-xl bp-max-xl\">\n<div class=\"special-screen-title clearfix\">\n<div class=\"special-screen-title-text\">\n<h3 class=\"strong\">Mobil Delvac\u2122 Extended Life 50\/50 Prediluted Coolant\/Antifreeze<\/h3>\n<p>Lubricante Mobil para veh\u00edculos comerciales<\/p>\n<\/div>\n<\/div>\n<\/div>\n<\/div>\n<div id=\"divPDSContent\" class=\"row\">\n<div class=\"col-12 breakpoints bp-xs bp-sm bp-md bp-lg bp-xl bp-max-xl\">\n<h2>Descripci\u00f3n del producto<\/h2>\n<p>El refrigerante\/anticongelante de vida prolongada y prediluido Mobil Delvac Extended Life 50\/50 Prediluted Coolant\/Antifreeze es un refrigerante a base de etilenglicol exento de fosfatos, silicatos, nitritos y boratos, listo para usar, que ha sido dise\u00f1ado para proporcionar una excepcional protecci\u00f3n contra la cavitaci\u00f3n y la corrosi\u00f3n de todos los metales del sistema de enfriamiento.<\/p>\n<p>Mobil Delvac Extended Life 50\/50 Prediluted Coolant\/Antifreeze est\u00e1 formulado con inhibidores org\u00e1nicos de la corrosi\u00f3n para proporcionar una protecci\u00f3n total del sistema de enfriamiento de hasta 1.600.000 kil\u00f3metros de uso en carretera (8 a\u00f1os o 20.000 horas de uso fuera de la carretera). Puesto que los inhibidores de corrosi\u00f3n org\u00e1nicos no se agotan con facilidad, Mobil Delvac\u2122 Extended Life 50\/50 Prediluted Coolant\/Antifreeze elimina la necesidad de utilizar aditivos suplementarios para refrigerantes (SCA) que s\u00ed se requieren al usar refrigerantes convencionales.<\/p>\n<p>Mobil Delvac Extended Life 50\/50 Prediluted Coolant\/Antifreeze es una mezcla 50\/50 de Mobil Delvac Extended Life Coolant\/Antifreeze y agua desionizada.<\/p>\n<p>&nbsp;<\/p>\n<h2>Propiedades y beneficios<\/h2>\n<p>&#8211; Larga vida de servicio: 1.600.000 kil\u00f3metros de uso en carretera (8 a\u00f1os o 20.000 horas de uso fuera de carretera)<\/p>\n<p>&#8211; Est\u00e1 dise\u00f1ado para utilizarse en motores que utilizan tecnolog\u00eda de recirculaci\u00f3n de gases de escape (EGR) y reducci\u00f3n catal\u00edtica selectiva (SCR) que pueden incrementar las temperaturas del sistema de enfriamiento.<\/p>\n<p>&#8211; Elimina el costo de los aditivos SCA, de las tiras de ensayo y de la mano de obra requeridos para ensayar el refrigerante y agregar los aditivos SCA.<\/p>\n<p>&#8211; Puede aceptar mezclarse hasta en un 25% con tecnolog\u00edas convencionales de enfriamiento, sin ning\u00fan efecto perjudicial para la protecci\u00f3n contra la corrosi\u00f3n y sin disminuir las propiedades de vida prolongada del producto.<\/p>\n<p>&#8211; Es completamente compatible con otros refrigerantes de calidad de servicio pesado y de vida \u00fatil prolongada a base de \u00c1cido Org\u00e1nico (OAT) y \u00c1cido Org\u00e1nico Nitritado (NOAT).<\/p>\n<p>&#8211; La f\u00f3rmula no abrasiva puede mejorar la vida \u00fatil del sello de la bomba de agua.<\/p>\n<p>&#8211; Cuenta con una compatibilidad \u00f3ptima con el agua dura y produce una menor cantidad de incrustaciones de agua dura.<\/p>\n<p>&#8211; Proporciona una compatibilidad sobresaliente a largo plazo con los elast\u00f3meros.<\/p>\n<p>&nbsp;<\/p>\n<h2>Aplicaciones<\/h2>\n<p>ExxonMobil recomienda utilizar el refrigerante\/anticongelante prediluido Mobil Delvac Extended Life 50\/50 Prediluted Coolant\/Antifreeze en:<\/p>\n<p>&#8211; Todo tipo de motores de servicio pesado di\u00e9sel, de gasolina y de gas natural.<\/p>\n<p>&#8211; Aplicaciones de motores estacionarios independientemente del tipo de combustible que se est\u00e9 utilizando.<\/p>\n<p>&#8211; Sistemas de enfriamiento marino en los que se requiere protecci\u00f3n contra la congelaci\u00f3n.<\/p>\n<p>&#8211; Flotas mixtas en las que est\u00e1n presentes tanto camiones ligeros como pesados.<\/p>\n<p><strong>Especificaciones<\/strong><\/p>\n<p>ExxonMobil recomienda utilizar el refrigerante\/anticongelante de vida prolongada Mobil Delvac\u2122 en aplicaciones que requieren:<\/p>\n<ul>\n<li>ASTM D 6210<\/li>\n<li>Especificaci\u00f3n 93K217 de Detroit Fluids<\/li>\n<li>MTU 5048<\/li>\n<li>ASTM D 7583<\/li>\n<li>John Deere H24A2, H24C2<\/li>\n<li>Navistar CEMSB1 Tipo IIIa<\/li>\n<li>Behr Radiator<\/li>\n<li>MAN 324 Tipo SNF<\/li>\n<li>TMC RP 329<\/li>\n<li>CAT EC1<\/li>\n<li>Cummins CES 14603<\/li>\n<\/ul>\n<div>Cumple con los requisitos de desempe\u00f1o de:<\/div>\n<ul>\n<li>Volvo\/Mack<\/li>\n<li>Paccar<\/li>\n<li>Los requisitos de ausencia de fosfato de los fabricantes europeos.<\/li>\n<li>Los requisitos de ausencia de silicatos de los fabricantes japoneses.<\/li>\n<\/ul>\n<h2>Tabla de protecci\u00f3n<\/h2>\n<div class=\"table-responsive\">\n<table class=\"table table-striped\">\n<tbody>\n<tr>\n<td><strong>Concentraci\u00f3n<\/strong><\/td>\n<td><strong>Protege contra<\/strong><\/td>\n<td><\/td>\n<\/tr>\n<tr>\n<td><\/td>\n<td><strong>Congelaci\u00f3n hasta<\/strong><\/td>\n<td><strong>Ebullici\u00f3n hasta*<\/strong><\/td>\n<\/tr>\n<tr>\n<td>50<\/td>\n<td>-37 \u00b0C \/ -34\u00b0F<\/td>\n<td>129 \u00b0C \/ 265 \u00b0F<\/td>\n<\/tr>\n<\/tbody>\n<\/table>\n<\/div>\n<p>*Utilizando una tapa de presi\u00f3n de 15 PSI<\/p>\n<p>&nbsp;<\/p>\n<h2>Propiedades qu\u00edmicas<\/h2>\n<div class=\"table-responsive\">\n<table class=\"table table-striped\">\n<tbody>\n<tr>\n<td><strong>Propiedad<\/strong><\/td>\n<td><strong>M\u00e9todo de ensayo ASTM<\/strong><\/td>\n<td><strong>Valores t\u00edpicos<\/strong><\/td>\n<\/tr>\n<tr>\n<td>Gravedad espec\u00edfica (60\/60\u00baF)<\/td>\n<td>D1122<\/td>\n<td>1,070 \u2013 1,090<\/td>\n<\/tr>\n<tr>\n<td>Punto de congelaci\u00f3n, 50% vol., \u02daF<\/td>\n<td>D3321 o D1177<\/td>\n<td>-34\u02daF<\/td>\n<\/tr>\n<tr>\n<td>Punto de ebullici\u00f3n, 50% vol., \u02daF<\/td>\n<td>D1120<\/td>\n<td>226\u02daF<\/td>\n<\/tr>\n<tr>\n<td>pH, soluci\u00f3n al 50% en volumen<\/td>\n<td>D1287<\/td>\n<td>8,0 \u2013 9,0<\/td>\n<\/tr>\n<tr>\n<td>Alcalinidad de reserva, mL<\/td>\n<td>D1121<\/td>\n<td>3,8 \u2013 5,0<\/td>\n<\/tr>\n<tr>\n<td>Prueba de espuma<\/td>\n<td>D1881<\/td>\n<td>150 ml. \/ 5 seg., m\u00e1x.<\/td>\n<\/tr>\n<tr>\n<td>Color<\/td>\n<td>Visual<\/td>\n<td>Rojo<\/td>\n<\/tr>\n<\/tbody>\n<\/table>\n<\/div>\n<p>&nbsp;<\/p>\n<h2>Seguridad e higiene<\/h2>\n<p>Las recomendaciones de salud y seguridad para este producto se pueden encontrar en la Ficha de Seguridad del Material (FDS) en<\/p>\n<\/div>\n<\/div>\n<div id=\"divTradeMark\" class=\"row\">\n<div class=\"col-12 breakpoints bp-xs bp-sm bp-md bp-lg bp-xl bp-max-xl\">\n<p>Todas las marcas comerciales utilizadas en este documento son marcas comerciales o marcas registradas de Exxon Mobil Corporation o de una de sus subsidiarias a menos que se indique lo contrario.<\/p>\n<p>08-2023<\/p>\n<\/div>\n<\/div>\n<div id=\"divFooter\" class=\"row\">\n<div class=\"col-12 breakpoints bp-xs bp-sm bp-md bp-lg bp-xl bp-max-xl\">Organizaci\u00f3n Terpel S.A.<br \/>\nCarrera 7 N\u00b0 75-51, Bogot\u00e1 \u2013 Colombia<br \/>\n(57) 1 3267878<\/p>\n<div><\/div>\n<p>Las caracter\u00edsticas t\u00edpicas son t\u00edpicas de aquellas obtenidas con la tolerancia de la producci\u00f3n normal y no constituyen una especificaci\u00f3n. Durante la fabricaci\u00f3n normal y en los diferentes lugares de mezcla son esperadas variaciones que no afectan el desempe\u00f1o del producto. La informaci\u00f3n aqu\u00ed contenida est\u00e1 sujeta a cambios sin previo aviso. Todos los productos pueden no estar disponibles localmente. Para obtener m\u00e1s informaci\u00f3n, comun\u00edquese con su representante local de ExxonMobil, o viste\u00a0<a href=\"http:\/\/www.exxonmobil.com\/\">www.exxonmobil.com<\/a><br \/>\nExxonMobil se compone de numerosas filiales y subsidiarias, muchas de ellas con nombres que incluyen Esso, Mobil o ExxonMobil. Nada en este documento est\u00e1 destinado a invalidar o sustituir la separaci\u00f3n corporativa de entidades locales. La responsabilidad por la acci\u00f3n local y la contabilidad permanecen con las entidades locales afiliadas a ExxonMobil.<\/p>\n<\/div>\n<\/div>\n","protected":false},"excerpt":{"rendered":"<h2>Caja de 6 unidades de 1 US Gal.<\/h2>\n<h4 class=\"strong\">Mobil Delvac\u2122 Extended Life 50\/50 Prediluted Coolant\/Antifreeze<\/h4>\n<p>Lubricante Mobil para veh\u00edculos comerciales<\/p>\n<p>&nbsp;<\/p>\n","protected":false},"featured_media":3648,"comment_status":"open","ping_status":"closed","template":"","meta":[],"product_cat":[138,109,140],"product_tag":[110,148,151],"class_list":["post-3151","product","type-product","status-publish","has-post-thumbnail","hentry","product_cat-kit-optimo","product_cat-mobil-delvac-tm","product_cat-refigerantes","product_tag-mobil-delvac-mt","product_tag-nacional","product_tag-premium"],"jetpack_sharing_enabled":true,"_links":{"self":[{"href":"https:\/\/www.fletxstore.com\/index.php\/wp-json\/wp\/v2\/product\/3151","targetHints":{"allow":["GET"]}}],"collection":[{"href":"https:\/\/www.fletxstore.com\/index.php\/wp-json\/wp\/v2\/product"}],"about":[{"href":"https:\/\/www.fletxstore.com\/index.php\/wp-json\/wp\/v2\/types\/product"}],"replies":[{"embeddable":true,"href":"https:\/\/www.fletxstore.com\/index.php\/wp-json\/wp\/v2\/comments?post=3151"}],"version-history":[{"count":11,"href":"https:\/\/www.fletxstore.com\/index.php\/wp-json\/wp\/v2\/product\/3151\/revisions"}],"predecessor-version":[{"id":3652,"href":"https:\/\/www.fletxstore.com\/index.php\/wp-json\/wp\/v2\/product\/3151\/revisions\/3652"}],"wp:featuredmedia":[{"embeddable":true,"href":"https:\/\/www.fletxstore.com\/index.php\/wp-json\/wp\/v2\/media\/3648"}],"wp:attachment":[{"href":"https:\/\/www.fletxstore.com\/index.php\/wp-json\/wp\/v2\/media?parent=3151"}],"wp:term":[{"taxonomy":"product_cat","embeddable":true,"href":"https:\/\/www.fletxstore.com\/index.php\/wp-json\/wp\/v2\/product_cat?post=3151"},{"taxonomy":"product_tag","embeddable":true,"href":"https:\/\/www.fletxstore.com\/index.php\/wp-json\/wp\/v2\/product_tag?post=3151"}],"curies":[{"name":"wp","href":"https:\/\/api.w.org\/{rel}","templated":true}]}}