{"id":3150,"date":"2023-12-15T23:56:10","date_gmt":"2023-12-15T23:56:10","guid":{"rendered":"https:\/\/tienda.fletx.co\/?post_type=product&#038;p=3150"},"modified":"2024-06-18T20:04:11","modified_gmt":"2024-06-18T20:04:11","slug":"mobil-delvac-25w-50-pail-5-usg","status":"publish","type":"product","link":"https:\/\/www.fletxstore.com\/index.php\/producto\/mobil-delvac-25w-50-pail-5-usg\/","title":{"rendered":"Mobil Delvac Legend\u2122 25W-50 Alta Viscosidad"},"content":{"rendered":"<div class=\"row\">\n<div class=\"col-12 breakpoints bp-xs bp-sm bp-md bp-lg bp-xl bp-max-xl\">\n<div class=\"special-screen-title clearfix\">\n<div class=\"special-screen-title-text\">\n<h1 class=\"strong\">Mobil Delvac\u2122 25W-50<\/h1>\n<\/div>\n<\/div>\n<\/div>\n<\/div>\n<div id=\"divSubTitle\" class=\"row\">\n<div class=\"col-12 breakpoints bp-xs bp-sm bp-md bp-lg bp-xl bp-max-xl\">Aceite de alto desempe\u00f1o para motores di\u00e9sel<\/div>\n<\/div>\n<div id=\"divPDSContent\" class=\"row\">\n<div class=\"col-12 breakpoints bp-xs bp-sm bp-md bp-lg bp-xl bp-max-xl\">\n<h2>Descripci\u00f3n del producto<\/h2>\n<p>Mobil Delvac<sup>TM<\/sup>\u00a025W-50 es un aceite para motores di\u00e9sel de alto desempe\u00f1o y alta viscosidad que proporciona una comprobada protecci\u00f3n en motores di\u00e9sel que operan en aplicaciones de servicio severo. Mobil Delvac 25W-50 es recomendado para utilizarse en una amplia gama de aplicaciones de servicio pesado y en los ambientes operativos que se encuentran en las industrias de acarreo en camiones, minera, de la construcci\u00f3n, de explotaci\u00f3n de canteras y agr\u00edcola.<\/p>\n<p>&nbsp;<\/p>\n<h2>Propiedades y beneficios<\/h2>\n<p>La tecnolog\u00eda de Mobil Delvac 25W-50 ofrece un excelente desempe\u00f1o tanto en equipos di\u00e9sel aspirados naturalmente como turboalimentados. Los beneficios clave incluyen:<\/p>\n<p>&nbsp;<\/p>\n<div class=\"table-responsive\">\n<table class=\"table table-striped\">\n<tbody>\n<tr>\n<td><strong>Propiedades<\/strong><\/td>\n<td><strong>Ventajas y posibles beneficios<\/strong><\/td>\n<\/tr>\n<tr>\n<td>Estabilidad t\u00e9rmica y a la oxidaci\u00f3n<\/td>\n<td>Controla la acumulaci\u00f3n de lodos y dep\u00f3sitos<\/td>\n<\/tr>\n<tr>\n<td>Reserva de TBN<\/td>\n<td>Control de dep\u00f3sitos y neutralizaci\u00f3n de \u00e1cidos<\/td>\n<\/tr>\n<tr>\n<td>Alta viscosidad y estabilidad ante los esfuerzos de corte que le permite mantenerse en su grado<\/td>\n<td>Menor consumo de aceite, mayor protecci\u00f3n contra el desgaste y alta presi\u00f3n de aceite en un amplio rango de temperaturas de operaci\u00f3n.<\/td>\n<\/tr>\n<tr>\n<td>Excelente detergencia\/dispersancia<\/td>\n<td>Motores m\u00e1s limpios y una mayor vida \u00fatil de estos<\/td>\n<\/tr>\n<tr>\n<td>Compatibilidad con los componentes<\/td>\n<td>Larga vida de empaques y sellos<\/td>\n<\/tr>\n<\/tbody>\n<\/table>\n<\/div>\n<p>&nbsp;<\/p>\n<h2>Aplicaciones<\/h2>\n<p>\u2022\u00a0 Equipos de fabricantes europeos, japoneses y estadounidenses propulsados por motores di\u00e9sel de aspiraci\u00f3n natural o turboalimentados<\/p>\n<p>\u2022\u00a0 Transporte de servicio ligero y pesado por carretera<\/p>\n<p>\u2022\u00a0 Industrias fuera de carreteras, entre ellas: construcci\u00f3n, miner\u00eda, explotaci\u00f3n de canteras y agricultura<\/p>\n<p>&nbsp;<\/p>\n<div>\n<h2>Especificaciones y aprobaciones<\/h2>\n<\/div>\n<div>\n<div class=\"table-responsive\">\n<table class=\"table table-striped\">\n<tbody>\n<tr>\n<td><strong>Este producto est\u00e1 recomendado para utilizarse en aplicaciones que requieren:<\/strong><\/td>\n<\/tr>\n<tr>\n<td>API<strong>\u00a0<\/strong>CD<\/td>\n<\/tr>\n<tr>\n<td>API<strong>\u00a0<\/strong>CF-4<\/td>\n<\/tr>\n<\/tbody>\n<\/table>\n<\/div>\n<p>&nbsp;<\/p>\n<\/div>\n<h2>Propiedades y especificaciones<\/h2>\n<div class=\"table-responsive\">\n<table class=\"table table-striped\">\n<tbody>\n<tr>\n<td><strong>Propiedad<\/strong><\/td>\n<td><\/td>\n<\/tr>\n<tr>\n<td>Grado<\/td>\n<td>SAE 25W-50<\/td>\n<\/tr>\n<tr>\n<td>Cenizas, sulfatadas, % masa, ASTM D874<\/td>\n<td>0,9<\/td>\n<\/tr>\n<tr>\n<td>Densidad a 15 C, kg\/l, ASTM D4052<\/td>\n<td>0,895<\/td>\n<\/tr>\n<tr>\n<td>Punto de inflamaci\u00f3n, copa abierta Cleveland, \u00b0C, ASTM D92<\/td>\n<td>237<\/td>\n<\/tr>\n<tr>\n<td>Viscosidad cinem\u00e1tica @ 100 C, mm2\/s, ASTM D445<\/td>\n<td>20,5<\/td>\n<\/tr>\n<tr>\n<td>Viscosidad cinem\u00e1tica @ 40 C, mm2\/s, ASTM D445<\/td>\n<td>213<\/td>\n<\/tr>\n<tr>\n<td>Punto de fluidez, \u00b0C, ASTM D97<\/td>\n<td>-27<\/td>\n<\/tr>\n<tr>\n<td>N\u00famero de base total, mgKOH\/g, ASTM D2896<\/td>\n<td>8,4<\/td>\n<\/tr>\n<tr>\n<td>\u00cdndice de viscosidad, ASTM D2270<\/td>\n<td>128<\/td>\n<\/tr>\n<\/tbody>\n<\/table>\n<\/div>\n<p>&nbsp;<\/p>\n<h2>Seguridad e Higiene<\/h2>\n<p>Las recomendaciones de salud y seguridad para este producto se pueden encontrar en la Ficha de Seguridad del Material (FDS) @\u00a0<a href=\"http:\/\/www.msds.exxonmobil.com\/psims\/psims.aspx\">http:\/\/www.msds.exxonmobil.com\/psims\/psims.aspx<\/a><\/p>\n<\/div>\n<\/div>\n<div id=\"divTradeMark\" class=\"row\">\n<div class=\"col-12 breakpoints bp-xs bp-sm bp-md bp-lg bp-xl bp-max-xl\">\n<p>Todas las marcas comerciales utilizadas en este documento son marcas comerciales o marcas registradas de Exxon Mobil Corporation o de una de sus subsidiarias a menos que se indique lo contrario.<\/p>\n<p>12-2022<\/p>\n<\/div>\n<\/div>\n<div id=\"divFooter\" class=\"row\">\n<div class=\"col-12 breakpoints bp-xs bp-sm bp-md bp-lg bp-xl bp-max-xl\">Organizaci\u00f3n Terpel S.A.<br \/>\nCarrera 7 N\u00b0 75-51, Bogot\u00e1 \u2013 Colombia<br \/>\n(57) 1 3267878<\/p>\n<div><\/div>\n<p>Las caracter\u00edsticas t\u00edpicas son t\u00edpicas de aquellas obtenidas con la tolerancia de la producci\u00f3n normal y no constituyen una especificaci\u00f3n. Durante la fabricaci\u00f3n normal y en los diferentes lugares de mezcla son esperadas variaciones que no afectan el desempe\u00f1o del producto. La informaci\u00f3n aqu\u00ed contenida est\u00e1 sujeta a cambios sin previo aviso. Todos los productos pueden no estar disponibles localmente. Para obtener m\u00e1s informaci\u00f3n, comun\u00edquese con su representante local de ExxonMobil, o viste\u00a0<a href=\"http:\/\/www.exxonmobil.com\/\">www.exxonmobil.com<\/a><br \/>\nExxonMobil se compone de numerosas filiales y subsidiarias, muchas de ellas con nombres que incluyen Esso, Mobil o ExxonMobil. Nada en este documento est\u00e1 destinado a invalidar o sustituir la separaci\u00f3n corporativa de entidades locales. La responsabilidad por la acci\u00f3n local y la contabilidad permanecen con las entidades locales afiliadas a ExxonMobil.<\/p>\n<\/div>\n<\/div>\n","protected":false},"excerpt":{"rendered":"<h1>Balde de 5 US Gal.<\/h1>\n<p>Es un aceite para motores di\u00e9sel de alto desempe\u00f1o y alta viscosidad que proporciona una comprobada protecci\u00f3n en motores di\u00e9sel que operan en aplicaciones de servicio severo.<\/p>\n","protected":false},"featured_media":3303,"comment_status":"open","ping_status":"closed","template":"","meta":[],"product_cat":[139,156,109,114],"product_tag":[142,110,148,147],"class_list":["post-3150","product","type-product","status-publish","has-post-thumbnail","hentry","product_cat-kit-normal","product_cat-mobil-delvac-legend-25w-50","product_cat-mobil-delvac-tm","product_cat-legend","product_tag-balde","product_tag-mobil-delvac-mt","product_tag-nacional","product_tag-standard"],"jetpack_sharing_enabled":true,"_links":{"self":[{"href":"https:\/\/www.fletxstore.com\/index.php\/wp-json\/wp\/v2\/product\/3150","targetHints":{"allow":["GET"]}}],"collection":[{"href":"https:\/\/www.fletxstore.com\/index.php\/wp-json\/wp\/v2\/product"}],"about":[{"href":"https:\/\/www.fletxstore.com\/index.php\/wp-json\/wp\/v2\/types\/product"}],"replies":[{"embeddable":true,"href":"https:\/\/www.fletxstore.com\/index.php\/wp-json\/wp\/v2\/comments?post=3150"}],"version-history":[{"count":8,"href":"https:\/\/www.fletxstore.com\/index.php\/wp-json\/wp\/v2\/product\/3150\/revisions"}],"predecessor-version":[{"id":3695,"href":"https:\/\/www.fletxstore.com\/index.php\/wp-json\/wp\/v2\/product\/3150\/revisions\/3695"}],"wp:featuredmedia":[{"embeddable":true,"href":"https:\/\/www.fletxstore.com\/index.php\/wp-json\/wp\/v2\/media\/3303"}],"wp:attachment":[{"href":"https:\/\/www.fletxstore.com\/index.php\/wp-json\/wp\/v2\/media?parent=3150"}],"wp:term":[{"taxonomy":"product_cat","embeddable":true,"href":"https:\/\/www.fletxstore.com\/index.php\/wp-json\/wp\/v2\/product_cat?post=3150"},{"taxonomy":"product_tag","embeddable":true,"href":"https:\/\/www.fletxstore.com\/index.php\/wp-json\/wp\/v2\/product_tag?post=3150"}],"curies":[{"name":"wp","href":"https:\/\/api.w.org\/{rel}","templated":true}]}}