{"id":3146,"date":"2023-12-15T23:56:12","date_gmt":"2023-12-15T23:56:12","guid":{"rendered":"https:\/\/tienda.fletx.co\/?post_type=product&#038;p=3146"},"modified":"2024-06-18T20:02:14","modified_gmt":"2024-06-18T20:02:14","slug":"m-del-1-trans-fl-50-pail-15-88kg-35lb","status":"publish","type":"product","link":"https:\/\/www.fletxstore.com\/index.php\/producto\/m-del-1-trans-fl-50-pail-15-88kg-35lb\/","title":{"rendered":"Mobil Delvac\u2122 1 Transmission Fluid 50"},"content":{"rendered":"<div class=\"row\">\n<div class=\"col-12 breakpoints bp-xs bp-sm bp-md bp-lg bp-xl bp-max-xl\">\n<div class=\"special-screen-title clearfix\">\n<div class=\"special-screen-title-text\">\n<h1 class=\"strong\">Mobil Delvac\u2122 1 Transmission Fluid 50<\/h1>\n<\/div>\n<\/div>\n<\/div>\n<\/div>\n<div id=\"divSubTitle\" class=\"row\">\n<div class=\"col-12 breakpoints bp-xs bp-sm bp-md bp-lg bp-xl bp-max-xl\">Lubricante para Transmisiones de Desempe\u00f1o Supremo<\/div>\n<\/div>\n<div id=\"divPDSContent\" class=\"row\">\n<div class=\"col-12 breakpoints bp-xs bp-sm bp-md bp-lg bp-xl bp-max-xl\">\n<h2>Descripci\u00f3n del producto<\/h2>\n<p>El fluido para transmisiones Mobil Delvac 1\u2122 Transmission Fluid 50 es un lubricante completamente sint\u00e9tico para transmisiones manuales, dise\u00f1ado para cumplir con los requisitos m\u00e1s exigentes de intervalos prolongados entre cambios de aceite y de garant\u00eda de los fabricantes originales (OEM). Recomendado para la lubricaci\u00f3n durante todo el a\u00f1o de transmisiones manuales en equipos de servicio ligero a pesado en o fuera de la carretera que operan en una amplia gama de entornos. Dise\u00f1ado para proporcionar la m\u00e1xima protecci\u00f3n y una mayor vida \u00fatil a las transmisiones de servicio pesado, Mobil Delvac 1 Transmission Fluid 50 ofrece ventajas significativas sobre los aceites convencionales para engranajes a base de azufre-f\u00f3sforo, incluyendo un rendimiento excepcional a altas temperaturas, estabilidad ante la oxidaci\u00f3n, protecci\u00f3n contra el desgaste y control de la corrosi\u00f3n.<\/p>\n<p>Tiene la misma viscosidad que la mayor\u00eda de los aceites de motor SAE 50 y lubricantes para engranajes SAE 90 en el extremo superior de la escala temperatura-viscosidad, y debido a su \u00edndice de viscosidad inherentemente alto, proporciona una mayor resistencia de la pel\u00edcula a temperaturas m\u00e1s altas que los aceites convencionales. El fluido para transmisiones Mobil Delvac 1 Transmission Fluid 50 tambi\u00e9n asegura una lubricaci\u00f3n eficaz y sin canalizaciones a temperaturas bajo cero.<\/p>\n<p>El rendimiento excepcional se confirma tras la aprobaci\u00f3n contra la clasificaci\u00f3n Mack TO-A Plus de servicio extendido de 500.000 millas para trasmisiones manuales de la serie Mack T300. El fluido transmisiones Mobil Delvac 1 Transmission Fluid 50 cumple o excede los requisitos de la clasificaci\u00f3n API para servicio MT-1 y es recomendado por ExxonMobil para su uso en transmisiones y cajas de engranajes donde se requiera protecci\u00f3n de los engranajes para servicio API GL-1 a GL-4 (sin EP).<\/p>\n<h2><\/h2>\n<h2>Propiedades y beneficios<\/h2>\n<p>Mobil Delvac 1 Transmission Fluid 50 ofrece un rendimiento excepcional en las transmisiones manuales de hoy d\u00eda. Los beneficios clave incluyen:<\/p>\n<div class=\"table-responsive\">\n<table class=\"table table-striped\">\n<tbody>\n<tr>\n<td><strong>Propiedades<\/strong><\/td>\n<td><strong>Ventajas y beneficios potenciales<\/strong><\/td>\n<\/tr>\n<tr>\n<td>Excelente desempe\u00f1o de soporte de carga, de antidesgaste y de extrema presi\u00f3n (EP)<\/td>\n<td>Prolonga la vida \u00fatil de las transmisiones y reduce los costos de operaci\u00f3n<\/td>\n<\/tr>\n<tr>\n<td>Excelente protecci\u00f3n contra la formaci\u00f3n de dep\u00f3sitos<\/td>\n<td>Mayor vida \u00fatil de los sellos y prolongaci\u00f3n de los intervalos entre cambios de aceite y entre servicios de mantenimiento<\/td>\n<\/tr>\n<tr>\n<td>M\u00e1xima protecci\u00f3n contra la corrosi\u00f3n del cobre y sus aleaciones<\/td>\n<td>Protege y prolonga la vida de los sincronizadores<\/td>\n<\/tr>\n<tr>\n<td>Protecci\u00f3n t\u00e9rmica y contra la oxidaci\u00f3n optimizadas<\/td>\n<td>Prolonga la vida \u00fatil de los componentes y mejora la eficiencia<\/td>\n<\/tr>\n<tr>\n<td>Excepcional estabilidad ante los esfuerzos de corte<\/td>\n<td>Minimiza el desgaste durante operaciones severas<\/td>\n<\/tr>\n<tr>\n<td>Excepcional fluidez a baja temperatura<\/td>\n<td>Reduce el desgaste en temperaturas fr\u00edas y mejora el cambio de marchas con arranques m\u00e1s r\u00e1pidos<\/td>\n<\/tr>\n<tr>\n<td>Capacidad para proporcionar intervalos extendidos entre cambios de aceite y servicios de mantenimiento<\/td>\n<td>Proporciona menores costos de operaci\u00f3n y mayor productividad<\/td>\n<\/tr>\n<\/tbody>\n<\/table>\n<\/div>\n<h2><\/h2>\n<h2>Aplicaciones<\/h2>\n<p>Recomendado por ExxonMobil para su uso en:<\/p>\n<p>\u2022\u00a0 Transmisiones manuales de servicio pesado en las que se requieren garant\u00edas e intervalos prolongados entre servicios de mantenimiento<\/p>\n<p>\u2022 Aplicaciones de l\u00edneas comerciales de carga, vocacionales, fuera de carretera, de recogida y entrega, y de buses<\/p>\n<p>\u2022\u00a0 A utilizarse conjuntamente con los aceites sint\u00e9ticos para engranajes Mobil Delvac Synthetic Gear Oils en ejes traseros para una m\u00e1xima vida \u00fatil de los componentes, eficiencia del servicio y una mejor econom\u00eda de combustible<\/p>\n<p>\u2022\u00a0 NO es apto para aplicaciones de engranajes hipoides en diferenciales y transmisiones finales, bien sea para llenar hasta el tope o para rellenar, donde se especifiquen lubricantes para servicio API GL-5, MIL-PRF-2105E o SAE J2360.<\/p>\n<h2><\/h2>\n<h2>Especificaciones y aprobaciones<\/h2>\n<div class=\"table-responsive\">\n<table class=\"table table-striped\">\n<tbody>\n<tr>\n<td><strong>Este producto cuenta con las siguientes aprobaciones:<\/strong><\/td>\n<\/tr>\n<tr>\n<td>Navistar, Inc. MPAPS B-6816 Tipo 1<\/td>\n<\/tr>\n<tr>\n<td>ZF FreedomLine<\/td>\n<\/tr>\n<tr>\n<td>Mack TO-A Plus<\/td>\n<\/tr>\n<\/tbody>\n<\/table>\n<\/div>\n<p>&nbsp;<\/p>\n<div class=\"table-responsive\">\n<table class=\"table table-striped\">\n<tbody>\n<tr>\n<td><strong>Este producto est\u00e1 recomendado para utilizarse en aplicaciones que requieren:<\/strong><\/td>\n<\/tr>\n<tr>\n<td>EATON PS 164 Rev 7<\/td>\n<\/tr>\n<\/tbody>\n<\/table>\n<\/div>\n<p>&nbsp;<\/p>\n<div class=\"table-responsive\">\n<table class=\"table table-striped\">\n<tbody>\n<tr>\n<td><strong>Este producto cumple o excede los requisitos de:<\/strong><\/td>\n<\/tr>\n<tr>\n<td>API MT-1<\/td>\n<\/tr>\n<\/tbody>\n<\/table>\n<\/div>\n<h2><\/h2>\n<h2>Propiedades y especificaciones<\/h2>\n<div class=\"table-responsive\">\n<table class=\"table table-striped\">\n<tbody>\n<tr>\n<td><strong>Propiedad<\/strong><\/td>\n<td><\/td>\n<\/tr>\n<tr>\n<td>Grado<\/td>\n<td>SAE 50<\/td>\n<\/tr>\n<tr>\n<td>Densidad a 15 \u00b0C, kg\/l, ASTM D4052<\/td>\n<td>0,86<\/td>\n<\/tr>\n<tr>\n<td>Punto de inflamaci\u00f3n, \u00b0C, ASTM D92<\/td>\n<td>221<\/td>\n<\/tr>\n<tr>\n<td>Viscosidad cinem\u00e1tica @ 100 C, mm2\/s, ASTM D445<\/td>\n<td>17.5<\/td>\n<\/tr>\n<tr>\n<td>Viscosidad cinem\u00e1tica @ 40 C, mm2\/s, ASTM D445<\/td>\n<td>132<\/td>\n<\/tr>\n<tr>\n<td>Punto de fluidez, \u00b0C, ASTM D97<\/td>\n<td>-45<\/td>\n<\/tr>\n<tr>\n<td>\u00cdndice de viscosidad, ASTM D2270<\/td>\n<td>146<\/td>\n<\/tr>\n<\/tbody>\n<\/table>\n<\/div>\n<h2><\/h2>\n<h2>Seguridad e Higiene<\/h2>\n<p>Las recomendaciones de salud y seguridad para este producto se pueden encontrar en la Ficha de Seguridad del Material (FDS) @\u00a0<a href=\"http:\/\/www.msds.exxonmobil.com\/psims\/psims.aspx\">http:\/\/www.msds.exxonmobil.com\/psims\/psims.aspx<\/a><\/p>\n<\/div>\n<\/div>\n<div id=\"divTradeMark\" class=\"row\">\n<div class=\"col-12 breakpoints bp-xs bp-sm bp-md bp-lg bp-xl bp-max-xl\">\n<p>Todas las marcas comerciales utilizadas en este documento son marcas comerciales o marcas registradas de Exxon Mobil Corporation o de una de sus subsidiarias a menos que se indique lo contrario.<\/p>\n<p>11-2019<\/p>\n<\/div>\n<\/div>\n<div id=\"divFooter\" class=\"row\">\n<div class=\"col-12 breakpoints bp-xs bp-sm bp-md bp-lg bp-xl bp-max-xl\">Organizaci\u00f3n Terpel S.A.<br \/>\nCarrera 7 N\u00b0 75-51, Bogot\u00e1 \u2013 Colombia<br \/>\n(57) 1 3267878<\/p>\n<div><\/div>\n<p>Las caracter\u00edsticas t\u00edpicas son t\u00edpicas de aquellas obtenidas con la tolerancia de la producci\u00f3n normal y no constituyen una especificaci\u00f3n. Durante la fabricaci\u00f3n normal y en los diferentes lugares de mezcla son esperadas variaciones que no afectan el desempe\u00f1o del producto. La informaci\u00f3n aqu\u00ed contenida est\u00e1 sujeta a cambios sin previo aviso. Todos los productos pueden no estar disponibles localmente. Para obtener m\u00e1s informaci\u00f3n, comun\u00edquese con su representante local de ExxonMobil, o viste\u00a0<a href=\"http:\/\/www.exxonmobil.com\/\">www.exxonmobil.com<\/a><br \/>\nExxonMobil se compone de numerosas filiales y subsidiarias, muchas de ellas con nombres que incluyen Esso, Mobil o ExxonMobil. Nada en este documento est\u00e1 destinado a invalidar o sustituir la separaci\u00f3n corporativa de entidades locales. La responsabilidad por la acci\u00f3n local y la contabilidad permanecen con las entidades locales afiliadas a ExxonMobil.<\/p>\n<\/div>\n<\/div>\n","protected":false},"excerpt":{"rendered":"<div class=\"contenedor_porque_mobil\">\n<h1>Balde de 15.88Kg\/35Lb<\/h1>\n<p><label class=\"txt-semibold\">\u00bfPor qu\u00e9 Mobil Delvac 1<span class=\"tm\">\u2122<\/span>\u00a0TF 50?<\/label><\/p>\n<p>Proporciona ventajas significativas en comparaci\u00f3n con los aceites convencionales para engranajes a base de azufre y f\u00f3sforo, entre ellas un sobresaliente desempe\u00f1o a altas temperaturas.<\/p>\n<\/div>\n<div class=\"contendor_propiedades\"><\/div>\n","protected":false},"featured_media":3720,"comment_status":"open","ping_status":"closed","template":"","meta":[],"product_cat":[137,109,157],"product_tag":[142,155,154,158],"class_list":["post-3146","product","type-product","status-publish","has-post-thumbnail","hentry","product_cat-kit-alto-desempeno","product_cat-mobil-delvac-tm","product_cat-mobil-delvac-1","product_tag-balde","product_tag-flagship","product_tag-importado","product_tag-mobil-delvac-mt-bal"],"jetpack_sharing_enabled":true,"_links":{"self":[{"href":"https:\/\/www.fletxstore.com\/index.php\/wp-json\/wp\/v2\/product\/3146","targetHints":{"allow":["GET"]}}],"collection":[{"href":"https:\/\/www.fletxstore.com\/index.php\/wp-json\/wp\/v2\/product"}],"about":[{"href":"https:\/\/www.fletxstore.com\/index.php\/wp-json\/wp\/v2\/types\/product"}],"replies":[{"embeddable":true,"href":"https:\/\/www.fletxstore.com\/index.php\/wp-json\/wp\/v2\/comments?post=3146"}],"version-history":[{"count":13,"href":"https:\/\/www.fletxstore.com\/index.php\/wp-json\/wp\/v2\/product\/3146\/revisions"}],"predecessor-version":[{"id":3518,"href":"https:\/\/www.fletxstore.com\/index.php\/wp-json\/wp\/v2\/product\/3146\/revisions\/3518"}],"wp:featuredmedia":[{"embeddable":true,"href":"https:\/\/www.fletxstore.com\/index.php\/wp-json\/wp\/v2\/media\/3720"}],"wp:attachment":[{"href":"https:\/\/www.fletxstore.com\/index.php\/wp-json\/wp\/v2\/media?parent=3146"}],"wp:term":[{"taxonomy":"product_cat","embeddable":true,"href":"https:\/\/www.fletxstore.com\/index.php\/wp-json\/wp\/v2\/product_cat?post=3146"},{"taxonomy":"product_tag","embeddable":true,"href":"https:\/\/www.fletxstore.com\/index.php\/wp-json\/wp\/v2\/product_tag?post=3146"}],"curies":[{"name":"wp","href":"https:\/\/api.w.org\/{rel}","templated":true}]}}