{"id":3145,"date":"2023-12-15T23:56:12","date_gmt":"2023-12-15T23:56:12","guid":{"rendered":"https:\/\/tienda.fletx.co\/?post_type=product&#038;p=3145"},"modified":"2024-06-18T20:02:40","modified_gmt":"2024-06-18T20:02:40","slug":"m-del-xtreme-grease-cart40x0-39kg-13-7oz","status":"publish","type":"product","link":"https:\/\/www.fletxstore.com\/index.php\/producto\/m-del-xtreme-grease-cart40x0-39kg-13-7oz\/","title":{"rendered":"Mobil Delvac\u2122 Xtreme Grease ( Caja 40 uni )"},"content":{"rendered":"<div class=\"row\">\n<div class=\"col-12 breakpoints bp-xs bp-sm bp-md bp-lg bp-xl bp-max-xl\">\n<div class=\"special-screen-title clearfix\">\n<div class=\"special-screen-title-text\">\n<h1 class=\"strong\">Mobil Delvac\u2122 Xtreme Grease (caja 40 uni)<\/h1>\n<p>Mobil commercial-vehicle-lube , Colombia<\/p>\n<\/div>\n<\/div>\n<\/div>\n<\/div>\n<div id=\"divSubTitle\" class=\"row\">\n<div class=\"col-12 breakpoints bp-xs bp-sm bp-md bp-lg bp-xl bp-max-xl\">Grasa<\/div>\n<\/div>\n<div id=\"divPDSContent\" class=\"row\">\n<div class=\"col-12 breakpoints bp-xs bp-sm bp-md bp-lg bp-xl bp-max-xl\">\n<h2>Descripci\u00f3n del producto<\/h2>\n<p>Mobil Delvac Xtreme Grease es una grasa de desempe\u00f1o superior en presiones extremas. Se trata de una grasa de grado NLGI 2 fabricada con un sistema espesante de complejo de litio a altas temperaturas que est\u00e1 patentado. Demuestra una resistencia excelente al ablandamiento en trabajos de corte y proporciona buenas propiedades de adhesi\u00f3n y cohesi\u00f3n. Un aditivo para presiones extremas brinda protecci\u00f3n excepcional contra el desgaste y las cargas de impacto, mientras que otra serie de aditivos mejoran la resistencia a la oxidaci\u00f3n de altas temperaturas y la protecci\u00f3n contra la herrumbre. Otras propiedades de la f\u00f3rmula proporcionan una resistencia excelente al lavado con agua, as\u00ed como un servicio ampliado de los cojinetes que operan a altas temperaturas. Esta grasa para servicios pesados y severos tiene una estabilidad estructural y qu\u00edmica incuestionables, no corroe los cojinetes de aleaciones de acero o cobre, y es compatible con los materiales de sellado convencionales.<\/p>\n<p>Mobil Delvac Xtreme Grease est\u00e1 recomendada para su uso en camiones de servicio pesado, especialmente en pernos de bisagras y cucharones, crucetas y quintas ruedas. Tambi\u00e9n se recomienda en aplicaciones para el sector de la construcci\u00f3n y la miner\u00eda, en particular, en lo que respecta a la lubricaci\u00f3n de los cojinetes normales y antifricci\u00f3n de los veh\u00edculos de contratistas y de miner\u00eda que trabajan en condiciones clim\u00e1ticas y operativas severas. Mobil Delvac Xtreme Grease tambi\u00e9n se recomienda para su uso en cojinetes industriales con grandes cargas. El rango de aplicaci\u00f3n recomendado es de -20\u00b0C a +175\u00b0C.<\/p>\n<p>&nbsp;<\/p>\n<h2>Propiedades y beneficios<\/h2>\n<p>Mobil Delvac Xtreme Grease est\u00e1 dise\u00f1ada por nuestros tecn\u00f3logos de f\u00f3rmulas para satisfacer espec\u00edficamente las necesidades de los clientes con equipos de cargas pesadas que requieran un desempe\u00f1o antidesgaste y en presiones extremas, incluso en condiciones duras, como cuando se producen lavados con agua frecuentes, deslizamientos importantes o condiciones de temperaturas altas.<\/p>\n<p>&nbsp;<\/p>\n<div class=\"table-responsive\">\n<table class=\"table table-striped\">\n<tbody>\n<tr>\n<td><strong>Propiedades<\/strong><\/td>\n<td><strong>Ventajas y posibles beneficios<\/strong><\/td>\n<\/tr>\n<tr>\n<td>Excelente resistencia al agua, incluida la de roc\u00edo y lavado<\/td>\n<td>Mantiene unas fant\u00e1sticas propiedades de lubricaci\u00f3n y protege el equipo en condiciones de contaminaci\u00f3n del agua<\/td>\n<\/tr>\n<tr>\n<td>Protecci\u00f3n sin par contra desgaste y presiones extremas<\/td>\n<td>Menores costos de mantenimiento y menos tiempo de inactividad imprevista<\/td>\n<\/tr>\n<tr>\n<td>Mejores propiedades de permanencia a altas temperaturas<\/td>\n<td>Excelente desempe\u00f1o en aplicaciones de alto cizallamiento y alta carga, especialmente en aquellas en que se limita el resuministro de la grasa<\/td>\n<\/tr>\n<tr>\n<td>Excelente resistencia a la herrumbre y la corrosi\u00f3n<\/td>\n<td>Protege el equipo en presencia de agua, lo que reduce el mantenimiento y alarga la vida \u00fatil del equipo<\/td>\n<\/tr>\n<\/tbody>\n<\/table>\n<\/div>\n<p>&nbsp;<\/p>\n<h2>Aplicaciones<\/h2>\n<p>Recomendado por ExxonMobil para su uso en:<\/p>\n<p>\u2022\u00a0 Camiones de servicios pesados, especialmente en pernos de bisagras y cucharones, crucetas y quintas ruedas<\/p>\n<p>\u2022\u00a0 Equipos de miner\u00eda y construcci\u00f3n<\/p>\n<p>\u2022\u00a0 Cojinetes industriales de alta carga normales y antifricci\u00f3n<\/p>\n<p>&nbsp;<\/p>\n<h2>Propiedades y especificaciones<\/h2>\n<div class=\"table-responsive\">\n<table class=\"table table-striped\">\n<tbody>\n<tr>\n<td><strong>Propiedad<\/strong><\/td>\n<td><\/td>\n<\/tr>\n<tr>\n<td>Grado<\/td>\n<td>NLGI 2<\/td>\n<\/tr>\n<tr>\n<td>Viscosidad del aceite base de las grasas a 40 C, mm2\/s, AMS 1697<\/td>\n<td>320<\/td>\n<\/tr>\n<tr>\n<td>Color, visual<\/td>\n<td>Anaranjado<\/td>\n<\/tr>\n<tr>\n<td>Corrosi\u00f3n de la tira de cobre, Clasificaci\u00f3n, ASTM D4048<\/td>\n<td>1A<\/td>\n<\/tr>\n<tr>\n<td>Propiedades preventivas contra la corrosi\u00f3n, clasificaci\u00f3n, ASTM D1743<\/td>\n<td>PASA<\/td>\n<\/tr>\n<tr>\n<td>Punto de goteo, \u00b0 C, ASTM D2265<\/td>\n<td>260<\/td>\n<\/tr>\n<tr>\n<td>Prueba de desgaste de cuatro bolas, di\u00e1metro de la cicatriz, mm, ASTM D2266<\/td>\n<td>0,5<\/td>\n<\/tr>\n<tr>\n<td>Penetraci\u00f3n, 60X, 0.1 mm, ASTM D217<\/td>\n<td>280<\/td>\n<\/tr>\n<tr>\n<td>Estabilidad en rodillo, Cambio en la consistencia de penetraci\u00f3n, 0.1 mm, ASTM D1831<\/td>\n<td>-4<\/td>\n<\/tr>\n<tr>\n<td>Carga Timken OK, kg, ASTM D2509<\/td>\n<td>40 (m\u00edn)<\/td>\n<\/tr>\n<tr>\n<td>P\u00e9rdida de lavado con agua, % en peso, ASTM D1264<\/td>\n<td>6<\/td>\n<\/tr>\n<\/tbody>\n<\/table>\n<\/div>\n<p>&nbsp;<\/p>\n<h2>Seguridad e Higiene<\/h2>\n<p>Las recomendaciones de salud y seguridad para este producto se pueden encontrar en la Ficha de Seguridad del Material (FDS) @\u00a0<a href=\"http:\/\/www.msds.exxonmobil.com\/psims\/psims.aspx\" target=\"_blank\" rel=\"noopener noreferrer\">http:\/\/www.msds.exxonmobil.com\/psims\/psims.aspx<\/a><\/p>\n<\/div>\n<\/div>\n<div id=\"divTradeMark\" class=\"row\">\n<div class=\"col-12 breakpoints bp-xs bp-sm bp-md bp-lg bp-xl bp-max-xl\">\n<p>Todas las marcas comerciales utilizadas en este documento son marcas comerciales o marcas registradas de Exxon Mobil Corporation o de una de sus subsidiarias a menos que se indique lo contrario.<\/p>\n<p>07-2022<\/p>\n<\/div>\n<\/div>\n<div id=\"divFooter\" class=\"row\">\n<div class=\"col-12 breakpoints bp-xs bp-sm bp-md bp-lg bp-xl bp-max-xl\">Organizaci\u00f3n Terpel S.A.<br \/>\nCarrera 7 N\u00b0 75-51, Bogot\u00e1 \u2013 Colombia<br \/>\n(57) 1 3267878<\/p>\n<div><\/div>\n<p>Las caracter\u00edsticas t\u00edpicas son t\u00edpicas de aquellas obtenidas con la tolerancia de la producci\u00f3n normal y no constituyen una especificaci\u00f3n. Durante la fabricaci\u00f3n normal y en los diferentes lugares de mezcla son esperadas variaciones que no afectan el desempe\u00f1o del producto. La informaci\u00f3n aqu\u00ed contenida est\u00e1 sujeta a cambios sin previo aviso. Todos los productos pueden no estar disponibles localmente. Para obtener m\u00e1s informaci\u00f3n, comun\u00edquese con su representante local de ExxonMobil, o viste\u00a0<a href=\"http:\/\/www.exxonmobil.com\/\">www.exxonmobil.com<\/a><br \/>\nExxonMobil se compone de numerosas filiales y subsidiarias, muchas de ellas con nombres que incluyen Esso, Mobil o ExxonMobil. Nada en este documento est\u00e1 destinado a invalidar o sustituir la separaci\u00f3n corporativa de entidades locales. La responsabilidad por la acci\u00f3n local y la contabilidad permanecen con las entidades locales afiliadas a ExxonMobil.<\/p>\n<\/div>\n<\/div>\n","protected":false},"excerpt":{"rendered":"<h1>Caja 40 unidades de 0.39Kg\/13.7Oz<\/h1>\n<p>Grasa de desempe\u00f1o superior en presiones extremas. Se trata de una grasa de grado NLGI 2 fabricada con un sistema espesante de complejo de litio a altas temperaturas que est\u00e1 patentado.<\/p>\n","protected":false},"featured_media":3283,"comment_status":"open","ping_status":"closed","template":"","meta":[],"product_cat":[130,137,109],"product_tag":[154,110,151],"class_list":["post-3145","product","type-product","status-publish","has-post-thumbnail","hentry","product_cat-grasa","product_cat-kit-alto-desempeno","product_cat-mobil-delvac-tm","product_tag-importado","product_tag-mobil-delvac-mt","product_tag-premium"],"jetpack_sharing_enabled":true,"_links":{"self":[{"href":"https:\/\/www.fletxstore.com\/index.php\/wp-json\/wp\/v2\/product\/3145","targetHints":{"allow":["GET"]}}],"collection":[{"href":"https:\/\/www.fletxstore.com\/index.php\/wp-json\/wp\/v2\/product"}],"about":[{"href":"https:\/\/www.fletxstore.com\/index.php\/wp-json\/wp\/v2\/types\/product"}],"replies":[{"embeddable":true,"href":"https:\/\/www.fletxstore.com\/index.php\/wp-json\/wp\/v2\/comments?post=3145"}],"version-history":[{"count":9,"href":"https:\/\/www.fletxstore.com\/index.php\/wp-json\/wp\/v2\/product\/3145\/revisions"}],"predecessor-version":[{"id":3878,"href":"https:\/\/www.fletxstore.com\/index.php\/wp-json\/wp\/v2\/product\/3145\/revisions\/3878"}],"wp:featuredmedia":[{"embeddable":true,"href":"https:\/\/www.fletxstore.com\/index.php\/wp-json\/wp\/v2\/media\/3283"}],"wp:attachment":[{"href":"https:\/\/www.fletxstore.com\/index.php\/wp-json\/wp\/v2\/media?parent=3145"}],"wp:term":[{"taxonomy":"product_cat","embeddable":true,"href":"https:\/\/www.fletxstore.com\/index.php\/wp-json\/wp\/v2\/product_cat?post=3145"},{"taxonomy":"product_tag","embeddable":true,"href":"https:\/\/www.fletxstore.com\/index.php\/wp-json\/wp\/v2\/product_tag?post=3145"}],"curies":[{"name":"wp","href":"https:\/\/api.w.org\/{rel}","templated":true}]}}