{"id":3138,"date":"2023-12-15T23:44:01","date_gmt":"2023-12-15T23:44:01","guid":{"rendered":"https:\/\/tienda.fletx.co\/?post_type=product&#038;p=3138"},"modified":"2024-06-18T20:06:12","modified_gmt":"2024-06-18T20:06:12","slug":"mobiltranstm-hd-50-pail-18-9l-5usg","status":"publish","type":"product","link":"https:\/\/www.fletxstore.com\/index.php\/producto\/mobiltranstm-hd-50-pail-18-9l-5usg\/","title":{"rendered":"Mobiltrans HD Series 50W"},"content":{"rendered":"<div class=\"row\">\n<div class=\"col-12 breakpoints bp-xs bp-sm bp-md bp-lg bp-xl bp-max-xl\">\n<div class=\"special-screen-title clearfix\">\n<div class=\"special-screen-title-text\">\n<h1 class=\"strong\">Mobiltrans HD Series<\/h1>\n<\/div>\n<\/div>\n<\/div>\n<\/div>\n<div id=\"divSubTitle\" class=\"row\">\n<div class=\"col-12 breakpoints bp-xs bp-sm bp-md bp-lg bp-xl bp-max-xl\">Lubricantes de transmisiones y trenes de tracci\u00f3n de servicio pesado<\/div>\n<\/div>\n<div id=\"divPDSContent\" class=\"row\">\n<div class=\"col-12 breakpoints bp-xs bp-sm bp-md bp-lg bp-xl bp-max-xl\">\n<h2>Descripci\u00f3n del producto<\/h2>\n<p>Mobiltrans HD 10W, 30, 50, y 60 son lubricantes de extra alto desempe\u00f1o para transmisiones y trenes de tracci\u00f3n de servicio pesado dise\u00f1ados para cumplir o exceder los requisitos de la rigurosa especificaci\u00f3n Caterpillar TO-4.\u00a0 Esta l\u00ednea de productos est\u00e1 exclusivamente dise\u00f1ada para optimizar el desempe\u00f1o de transmisiones tipo &#8220;powershift&#8221;, cajas de velocidades y mandos finales.\u00a0 En aplicaciones hidr\u00e1ulicas, proporcionan la m\u00e1xima protecci\u00f3n incluso en sistemas de alta presi\u00f3n<\/p>\n<p>&nbsp;<\/p>\n<p>Esta tecnolog\u00eda combina aceites base seleccionados y un avanzado sistema de aditivos para ofrecer los par\u00e1metros precisos de desempe\u00f1o necesarios para maximizar la productividad de los equipos de construcci\u00f3n, canteras y miner\u00eda que operan en condiciones severas. Estos productos ofrecen una clara ventaja de desempe\u00f1o sobre el uso de aceites de motor de flotas mixtas y los lubricantes usados previamente que cumpl\u00edan con Caterpillar TO-2.<\/p>\n<p>&nbsp;<\/p>\n<h2>Aplicaciones<\/h2>\n<p>Recomendado por ExxonMobil para su uso en:<\/p>\n<p>\u2022\u00a0 Transmisiones, cajas de velocidades, transmisiones finales y sistemas hidr\u00e1ulicos de servicio pesado utilizados en aplicaciones fuera de carretera<\/p>\n<p>\u2022\u00a0 Industrias fuera de carretera que incluyen: miner\u00eda, construcci\u00f3n, canteras y agricultura<\/p>\n<p>\u2022\u00a0 Transmisiones manuales, tipo &#8220;powershift&#8221; y autom\u00e1ticas en las que se exigen fluidos Allison C-4 (grados SAE 10W y 30), incluyendo las de tipo &#8220;Twin Disc&#8221;, y transmisiones que exigen fluidos Tipo F<\/p>\n<p>\u2022\u00a0 La mayor\u00eda de las aplicaciones hidr\u00e1ulicas de equipos m\u00f3viles<\/p>\n<p>&nbsp;<\/p>\n<h2>Especificaciones y aprobaciones<\/h2>\n<div class=\"table-responsive\">\n<table class=\"table table-striped\">\n<tbody>\n<tr>\n<td><strong>Este producto cuenta con las siguientes aprobaciones:<\/strong><\/td>\n<td><strong>30<\/strong><\/td>\n<td><strong>50<\/strong><\/td>\n<td><strong>60<\/strong><\/td>\n<td><strong>10W<\/strong><\/td>\n<\/tr>\n<tr>\n<td>ZF TE-ML 03C<\/td>\n<td>X<\/td>\n<td><\/td>\n<td><\/td>\n<td>X<\/td>\n<\/tr>\n<tr>\n<td>ZF TE-ML 07F<\/td>\n<td>X<\/td>\n<td><\/td>\n<td><\/td>\n<td><\/td>\n<\/tr>\n<\/tbody>\n<\/table>\n<\/div>\n<p>&nbsp;<\/p>\n<div class=\"table-responsive\">\n<table class=\"table table-striped\">\n<tbody>\n<tr>\n<td><strong>Este producto est\u00e1 recomendado para utilizarse en aplicaciones que requieren:<\/strong><\/td>\n<td><strong>30<\/strong><\/td>\n<td><strong>50<\/strong><\/td>\n<td><strong>60<\/strong><\/td>\n<td><strong>10W<\/strong><\/td>\n<\/tr>\n<tr>\n<td>Allison C-4<\/td>\n<td>X<\/td>\n<td><\/td>\n<td><\/td>\n<td>X<\/td>\n<\/tr>\n<tr>\n<td>KOMATSU KES 07.868.1<\/td>\n<td>X<\/td>\n<td>X<\/td>\n<td><\/td>\n<td>X<\/td>\n<\/tr>\n<\/tbody>\n<\/table>\n<\/div>\n<p>&nbsp;<\/p>\n<div class=\"table-responsive\">\n<table class=\"table table-striped\">\n<tbody>\n<tr>\n<td><strong>Este producto cumple o excede los requisitos de:<\/strong><\/td>\n<td><strong>30<\/strong><\/td>\n<td><strong>50<\/strong><\/td>\n<td><strong>60<\/strong><\/td>\n<td><strong>10W<\/strong><\/td>\n<\/tr>\n<tr>\n<td>CATERPILLAR TO-4<\/td>\n<td>X<\/td>\n<td>X<\/td>\n<td>X<\/td>\n<td>X<\/td>\n<\/tr>\n<\/tbody>\n<\/table>\n<\/div>\n<p>&nbsp;<\/p>\n<h2>Propiedades y especificaciones<\/h2>\n<div class=\"table-responsive\">\n<table class=\"table table-striped\">\n<tbody>\n<tr>\n<td><strong>Propiedad<\/strong><\/td>\n<td><strong>30<\/strong><\/td>\n<td><strong>50<\/strong><\/td>\n<td><strong>60<\/strong><\/td>\n<td><strong>10W<\/strong><\/td>\n<\/tr>\n<tr>\n<td>Grado<\/td>\n<td>SAE 30<\/td>\n<td>SAE 50<\/td>\n<td>SAE 60<\/td>\n<td>SAE 10W<\/td>\n<\/tr>\n<tr>\n<td>Densidad a 15 C, kg\/l, ASTM D4052<\/td>\n<td>0,89<\/td>\n<td>0,91<\/td>\n<td>0,91<\/td>\n<td>0,89<\/td>\n<\/tr>\n<tr>\n<td>Punto de inflamaci\u00f3n, copa abierta Cleveland, \u00b0C, ASTM D92<\/td>\n<td>224<\/td>\n<td>240<\/td>\n<td>244<\/td>\n<td>202<\/td>\n<\/tr>\n<tr>\n<td>Viscosidad cinem\u00e1tica @ 100 C, mm2\/s, ASTM D445<\/td>\n<td>11,2<\/td>\n<td>18<\/td>\n<td>25,2<\/td>\n<td>6,3<\/td>\n<\/tr>\n<tr>\n<td>Viscosidad cinem\u00e1tica @ 40 C, mm2\/s, ASTM D445<\/td>\n<td>100<\/td>\n<td>195<\/td>\n<td>340<\/td>\n<td>42<\/td>\n<\/tr>\n<tr>\n<td>Punto de fluidez, \u00b0C, ASTM D97<\/td>\n<td>-18<\/td>\n<td>-15<\/td>\n<td>-12<\/td>\n<td>-33<\/td>\n<\/tr>\n<tr>\n<td>\u00cdndice de viscosidad, ASTM D2270<\/td>\n<td>97<\/td>\n<td>100<\/td>\n<td>96<\/td>\n<td>96<\/td>\n<\/tr>\n<\/tbody>\n<\/table>\n<\/div>\n<p>&nbsp;<\/p>\n<h2>Seguridad e Higiene<\/h2>\n<p>Las recomendaciones de salud y seguridad para este producto se pueden encontrar en la Ficha de Seguridad del Material (FDS) @\u00a0<a href=\"http:\/\/www.msds.exxonmobil.com\/psims\/psims.aspx\" target=\"_blank\" rel=\"noopener noreferrer\">http:\/\/www.msds.exxonmobil.com\/psims\/psims.aspx<\/a><\/p>\n<\/div>\n<\/div>\n<div id=\"divTradeMark\" class=\"row\">\n<div class=\"col-12 breakpoints bp-xs bp-sm bp-md bp-lg bp-xl bp-max-xl\">\n<p>Todas las marcas comerciales utilizadas en este documento son marcas comerciales o marcas registradas de Exxon Mobil Corporation o de una de sus subsidiarias a menos que se indique lo contrario.<\/p>\n<p>03-2023<\/p>\n<\/div>\n<\/div>\n<div id=\"divFooter\" class=\"row\">\n<div class=\"col-12 breakpoints bp-xs bp-sm bp-md bp-lg bp-xl bp-max-xl\">Organizaci\u00f3n Terpel S.A.<br \/>\nCarrera 7 N\u00b0 75-51, Bogot\u00e1 \u2013 Colombia<br \/>\n(57) 1 3267878<\/p>\n<div><\/div>\n<p>Las caracter\u00edsticas t\u00edpicas son t\u00edpicas de aquellas obtenidas con la tolerancia de la producci\u00f3n normal y no constituyen una especificaci\u00f3n. Durante la fabricaci\u00f3n normal y en los diferentes lugares de mezcla son esperadas variaciones que no afectan el desempe\u00f1o del producto. La informaci\u00f3n aqu\u00ed contenida est\u00e1 sujeta a cambios sin previo aviso. Todos los productos pueden no estar disponibles localmente. Para obtener m\u00e1s informaci\u00f3n, comun\u00edquese con su representante local de ExxonMobil, o viste\u00a0<a href=\"http:\/\/www.exxonmobil.com\/\">www.exxonmobil.com<\/a><br \/>\nExxonMobil se compone de numerosas filiales y subsidiarias, muchas de ellas con nombres que incluyen Esso, Mobil o ExxonMobil. Nada en este documento est\u00e1 destinado a invalidar o sustituir la separaci\u00f3n corporativa de entidades locales. La responsabilidad por la acci\u00f3n local y la contabilidad permanecen con las entidades locales afiliadas a ExxonMobil.<\/p>\n<\/div>\n<\/div>\n","protected":false},"excerpt":{"rendered":"<h1>Balde de 18.9L\/5US Gal.<\/h1>\n<h4><label class=\"txt-semibold\">\u00bfPor qu\u00e9 Mobiltrans<span class=\"tm\">\u2122<\/span>\u00a0HD 50W?<\/label><\/h4>\n<p>Esta l\u00ednea de productos est\u00e1 dise\u00f1ada para optimizar el rendimiento de las transmisiones &#8220;powershift&#8221;, cajas de cambio y mandos finales. \u00a0Estos productos ofrecen una clara ventaja de rendimiento frente a los lubricantes de flotas mixtas y los lubricantes usados hasta ahora que cumplen Caterpillar TO-2.<\/p>\n","protected":false},"featured_media":3324,"comment_status":"open","ping_status":"closed","template":"","meta":[],"product_cat":[138,109,149,150],"product_tag":[142,110,148,147],"class_list":["post-3138","product","type-product","status-publish","has-post-thumbnail","hentry","product_cat-kit-optimo","product_cat-mobil-delvac-tm","product_cat-mobiltrans-hd-series","product_cat-series-50w","product_tag-balde","product_tag-mobil-delvac-mt","product_tag-nacional","product_tag-standard"],"jetpack_sharing_enabled":true,"_links":{"self":[{"href":"https:\/\/www.fletxstore.com\/index.php\/wp-json\/wp\/v2\/product\/3138","targetHints":{"allow":["GET"]}}],"collection":[{"href":"https:\/\/www.fletxstore.com\/index.php\/wp-json\/wp\/v2\/product"}],"about":[{"href":"https:\/\/www.fletxstore.com\/index.php\/wp-json\/wp\/v2\/types\/product"}],"replies":[{"embeddable":true,"href":"https:\/\/www.fletxstore.com\/index.php\/wp-json\/wp\/v2\/comments?post=3138"}],"version-history":[{"count":10,"href":"https:\/\/www.fletxstore.com\/index.php\/wp-json\/wp\/v2\/product\/3138\/revisions"}],"predecessor-version":[{"id":3717,"href":"https:\/\/www.fletxstore.com\/index.php\/wp-json\/wp\/v2\/product\/3138\/revisions\/3717"}],"wp:featuredmedia":[{"embeddable":true,"href":"https:\/\/www.fletxstore.com\/index.php\/wp-json\/wp\/v2\/media\/3324"}],"wp:attachment":[{"href":"https:\/\/www.fletxstore.com\/index.php\/wp-json\/wp\/v2\/media?parent=3138"}],"wp:term":[{"taxonomy":"product_cat","embeddable":true,"href":"https:\/\/www.fletxstore.com\/index.php\/wp-json\/wp\/v2\/product_cat?post=3138"},{"taxonomy":"product_tag","embeddable":true,"href":"https:\/\/www.fletxstore.com\/index.php\/wp-json\/wp\/v2\/product_tag?post=3138"}],"curies":[{"name":"wp","href":"https:\/\/api.w.org\/{rel}","templated":true}]}}