{"id":3061,"date":"2023-12-15T23:56:08","date_gmt":"2023-12-15T23:56:08","guid":{"rendered":"https:\/\/tienda.fletx.co\/?post_type=product&#038;p=3061"},"modified":"2024-06-18T20:03:39","modified_gmt":"2024-06-18T20:03:39","slug":"m-lube-hd-85w140-4x3-785l-1usg","status":"publish","type":"product","link":"https:\/\/www.fletxstore.com\/index.php\/producto\/m-lube-hd-85w140-4x3-785l-1usg\/","title":{"rendered":"Mobilube\u2122 HD  85W-140 (Caja 4 Galones)"},"content":{"rendered":"<h1><strong>Mobilube HD 80W-90, 85W-140<\/strong><\/h1>\n<p>Mobil Commercial Vehicle Lube , Colombia<\/p>\n<p>Aceites para engranajes automotrices de servicio pesado<\/p>\n<p>&nbsp;<\/p>\n<p><strong>Descripci\u00f3n de productoto<\/strong><\/p>\n<p>&nbsp;<\/p>\n<p>Mobilube HD 80W-90 y 85W-140 son lubricantes de alto rendimiento para engranajes de servicio pesado formulados a partir de aceites base de alto rendimiento y un avanzado sistema de aditivos. Estos lubricantes est\u00e1n dise\u00f1ados para aplicaciones automotrices incluyendo ejes y mandos finales de servicio pesado donde se esperan presiones extremas y cargas de choque. Son recomendados por ExxonMobil para aplicaciones que requieren un nivel API GL-5.<\/p>\n<p>&nbsp;<\/p>\n<p>&nbsp;<\/p>\n<p><strong>Propiedades y Beneficios<\/strong><\/p>\n<p>&nbsp;<\/p>\n<p>Las aplicaciones de servicio pesado actuales requieren cada vez mayores rendimientos de los lubricantes. Mayores velocidades, mayor par y mayores cargas requieren formulaciones m\u00e1s avanzadas para maximizar la vida del equipo y optimizar los costos de operaci\u00f3n. Adem\u00e1s los mayores intervalos de servicio exigen requerimientos adicionales a los lubricantes de engranajes a trav\u00e9s de aceites base efectivos y sistemas de aditivos. La serie Mobilube HD est\u00e1 dise\u00f1ado para cumplir con estos retos. Los principales beneficios incluyen:<\/p>\n<table>\n<tbody>\n<tr>\n<td width=\"391\">Propiedades<\/td>\n<td width=\"335\">Ventajas y Beneficios potenciales<\/td>\n<\/tr>\n<tr>\n<td width=\"391\">Excepcional estabilidad t\u00e9rmica y resistencia frente a la oxidaci\u00f3n a altas temper aturas<\/td>\n<td width=\"335\">Mayor vida de los engranajes y de los cojinetes gracias a una menor f ormaci\u00f3n de dep\u00f3sitosJuntas m\u00e1s duraderas<\/td>\n<\/tr>\n<tr>\n<td width=\"391\">Insuperable protecci\u00f3n contra el desgaste en condiciones de operaci\u00f3n de baja v elocidad\/alto par y contra el rayado a altas velocidades<\/td>\n<td width=\"335\">Mayor capacidad para soportar cargasReducci\u00f3n de los costos de m antenimiento y vidas m\u00e1s largas de los equipos<\/td>\n<\/tr>\n<tr>\n<td width=\"391\">Excelente protecci\u00f3n contra la corrosi\u00f3n y la herrumbre<\/td>\n<td width=\"335\">Mayor vida de los componentes y reducci\u00f3n del desgaste<\/td>\n<\/tr>\n<tr>\n<td width=\"391\">Efectiva lubricaci\u00f3n a bajas temperaturas<\/td>\n<td width=\"335\">Menor desgaste en el arranque y mayor facilidad de arranque<\/td>\n<\/tr>\n<tr>\n<td width=\"391\">Compatible con los t\u00edpicos materiales de juntas de automoci\u00f3n<\/td>\n<td width=\"335\">M\u00ednimas p\u00e9rdidas y reducci\u00f3n de la contaminaci\u00f3n<\/td>\n<\/tr>\n<tr>\n<td width=\"391\">Amplio rango de aplicaci\u00f3n<\/td>\n<td width=\"335\">Reducci\u00f3n del n\u00famero de referencias de aceites de engranajes<\/td>\n<\/tr>\n<\/tbody>\n<\/table>\n<p>&nbsp;<\/p>\n<p>&nbsp;<\/p>\n<p>&nbsp;<\/p>\n<p><strong>Aplicaciones<\/strong><\/p>\n<p>&nbsp;<\/p>\n<p>Recomendado por ExxonMobil para el uso en:<\/p>\n<ul>\n<li>Ejes y mandos finales de servicio pesado que requieren un nivel de rendimiento API GL-5<\/li>\n<li>Camiones de carga ligera y carga pesada y veh\u00edculos comerciales<\/li>\n<li>Maquinaria de industria: construcci\u00f3n, extracci\u00f3n, miner\u00eda y agricultura<\/li>\n<li>Otras aplicaciones de servicio pesado y de automoci\u00f3n que poseen engranajes de tipo hipoide operando en condiciones de alta velocidad\/carga de choque, alta velocidad\/bajo par y\/o baja velocidad\/alto par e, alta velocidad\/bajo par y\/o baja velocidad\/alto par<\/li>\n<\/ul>\n<p>&nbsp;<\/p>\n<p>&nbsp;<\/p>\n<p><strong>Especificaciones y Aprobaciones<\/strong><\/p>\n<p>&nbsp;<\/p>\n<table>\n<tbody>\n<tr>\n<td width=\"516\">Mobilube HD atiende o excede los requerimeintos de:<\/td>\n<td width=\"99\">80W-90<\/td>\n<td width=\"111\">85W-140<\/td>\n<\/tr>\n<tr>\n<td width=\"516\">API GL-5<\/td>\n<td width=\"99\">X<\/td>\n<td width=\"111\">X<\/td>\n<\/tr>\n<\/tbody>\n<\/table>\n<p>&nbsp;<\/p>\n<p><strong>Caracter\u00edsticas t\u00edpicas<\/strong><\/p>\n<table>\n<tbody>\n<tr>\n<td width=\"465\">Mobilube HD Caracter\u00edsticas<\/td>\n<td width=\"123\">80W-90<\/td>\n<td width=\"138\">85W-140<\/td>\n<\/tr>\n<tr>\n<td width=\"465\">Grado SAE<\/td>\n<td width=\"123\">80W-90<\/td>\n<td width=\"138\">85W-140<\/td>\n<\/tr>\n<tr>\n<td width=\"465\">Viscosidad, ASTM D 445<\/td>\n<td width=\"123\"><\/td>\n<td width=\"138\"><\/td>\n<\/tr>\n<tr>\n<td width=\"465\">cSt @ 40\u00baC<\/td>\n<td width=\"123\">136<\/td>\n<td width=\"138\">328<\/td>\n<\/tr>\n<tr>\n<td width=\"465\">cSt @ 100\u00baC<\/td>\n<td width=\"123\">14.5<\/td>\n<td width=\"138\">25.3<\/td>\n<\/tr>\n<tr>\n<td width=\"465\">\u00cdndice de viscosidad, ASTM D 2270<\/td>\n<td width=\"123\">105<\/td>\n<td width=\"138\">97<\/td>\n<\/tr>\n<tr>\n<td width=\"465\">Punto de congelaci\u00f3n, \u00baC, ASTM D 97<\/td>\n<td width=\"123\">-30<\/td>\n<td width=\"138\">-18<\/td>\n<\/tr>\n<tr>\n<td width=\"465\">Punto de evaporaci\u00f3n, \u00baC, ASTM D 92<\/td>\n<td width=\"123\">202<\/td>\n<td width=\"138\">224<\/td>\n<\/tr>\n<tr>\n<td width=\"465\">Densidad @ 15\u00baC kg\/l, ASTM D 4052<\/td>\n<td width=\"123\">0.90<\/td>\n<td width=\"138\">0.91<\/td>\n<\/tr>\n<\/tbody>\n<\/table>\n<p>&nbsp;<\/p>\n<p>&nbsp;<\/p>\n<p><strong>Seguridad e Higiene<\/strong><\/p>\n<p>&nbsp;<\/p>\n<p>Basado en informaci\u00f3n disponible, no es de esperar que este producto cause efectos adversos en la salud mientras se utilice en las aplicaciones a las que est\u00e1 destinado y se sigan las recomendaciones de la Ficha de Datos de Seguridad (FDS). Las Fichas de Datos de Seguridad est\u00e1n disponibles a trav\u00e9s del Centro de Atenci\u00f3n al Cliente. Este producto no debe utilizarse para otros prop\u00f3sitos distintos a los recomendados. Al deshacerse del producto usado, tenga cuidado para as\u00ed proteger el medio ambiente.<\/p>\n<p>El logotipo Mobil y el dise\u00f1o del Pegasus son marcas registradas por Exxon Mobil Corporation, o una de sus afiliadas<\/p>\n<p>09-2019<\/p>\n<p>Organizaci\u00f3n Terpel S.A.<\/p>\n<p>Address: Carrera 7 N\u00b0 75-51, Bogot\u00e1 \u2013 Colombia Phone: (57) 1 3267878<\/p>\n<p>&nbsp;<\/p>\n<p>Typical Properties are typical of those obtained with normal production tolerance and do not constitute a specification. Variations that do not affect product performance are to be expected during normal manufacture and at different blending locations. The information contained herein is subject to change without notice. All products may not be available locally. For more information, contact your local ExxonMobil contact or visit <a href=\"http:\/\/www.exxonmobil.com\/\">www.exxonmobil.com<\/a><\/p>\n<p>ExxonMobil is comprised of numerous affiliates and subsidiaries, many with names that include Esso, Mobil, or ExxonMobil. Nothing in this document is intended to override or supersede the corporate separateness of local entities. Responsibility for local action and accountability remains with the local ExxonMobil-affiliate entities.<\/p>\n","protected":false},"excerpt":{"rendered":"<h2>Caja de 4 unidades de 3.785L\/1 US Gal.<\/h2>\n<h3><strong>Mobilube HD 80W-90, 85W-140<\/strong><\/h3>\n<p>Mobil Commercial Vehicle Lube , Colombia<\/p>\n<p>Aceites para engranajes automotrices de servicio pesado<\/p>\n<p>&nbsp;<\/p>\n","protected":false},"featured_media":3056,"comment_status":"open","ping_status":"closed","template":"","meta":[],"product_cat":[132,138,136,109,131],"product_tag":[146,143,110,148,147],"class_list":["post-3061","product","type-product","status-publish","has-post-thumbnail","hentry","product_cat-85w140","product_cat-kit-optimo","product_cat-kits-mobil-delvac-tm","product_cat-mobil-delvac-tm","product_cat-mobilube-hd-plus","product_tag-aceites-para-engranajes","product_tag-galon","product_tag-mobil-delvac-mt","product_tag-nacional","product_tag-standard"],"jetpack_sharing_enabled":true,"_links":{"self":[{"href":"https:\/\/www.fletxstore.com\/index.php\/wp-json\/wp\/v2\/product\/3061","targetHints":{"allow":["GET"]}}],"collection":[{"href":"https:\/\/www.fletxstore.com\/index.php\/wp-json\/wp\/v2\/product"}],"about":[{"href":"https:\/\/www.fletxstore.com\/index.php\/wp-json\/wp\/v2\/types\/product"}],"replies":[{"embeddable":true,"href":"https:\/\/www.fletxstore.com\/index.php\/wp-json\/wp\/v2\/comments?post=3061"}],"version-history":[{"count":14,"href":"https:\/\/www.fletxstore.com\/index.php\/wp-json\/wp\/v2\/product\/3061\/revisions"}],"predecessor-version":[{"id":3887,"href":"https:\/\/www.fletxstore.com\/index.php\/wp-json\/wp\/v2\/product\/3061\/revisions\/3887"}],"wp:featuredmedia":[{"embeddable":true,"href":"https:\/\/www.fletxstore.com\/index.php\/wp-json\/wp\/v2\/media\/3056"}],"wp:attachment":[{"href":"https:\/\/www.fletxstore.com\/index.php\/wp-json\/wp\/v2\/media?parent=3061"}],"wp:term":[{"taxonomy":"product_cat","embeddable":true,"href":"https:\/\/www.fletxstore.com\/index.php\/wp-json\/wp\/v2\/product_cat?post=3061"},{"taxonomy":"product_tag","embeddable":true,"href":"https:\/\/www.fletxstore.com\/index.php\/wp-json\/wp\/v2\/product_tag?post=3061"}],"curies":[{"name":"wp","href":"https:\/\/api.w.org\/{rel}","templated":true}]}}