{"id":2553,"date":"2022-08-18T21:18:41","date_gmt":"2022-08-18T21:18:41","guid":{"rendered":"https:\/\/tienda.fletx.co\/?post_type=product&#038;p=2553"},"modified":"2025-04-13T09:18:10","modified_gmt":"2025-04-13T09:18:10","slug":"xbri-295-80r225-2","status":"publish","type":"product","link":"https:\/\/www.fletxstore.com\/index.php\/producto\/xbri-295-80r225-2\/","title":{"rendered":"XBRI ECOPLUS 295\/80R22.5"},"content":{"rendered":"<ul>\n<li>Estabilidad y control, gracias a su buen agarre, esta cubierta tiene un desempe\u00f1o \u00f3ptimo asegurado, ya que se adapta a la usabilidad de tu veh\u00edculo.<\/li>\n<li>Alta eficiencia, esta cubierta est\u00e1 preparada para maximizar la eficiencia del combustible; su ligereza y la combinaci\u00f3n de sus materiales te garantizar\u00e1n un \u00f3ptimo rendimiento en tus viajes.<\/li>\n<\/ul>\n","protected":false},"excerpt":{"rendered":"<p>295\/80R22.5 18PR150\/147M ECOPLUS<\/p>\n","protected":false},"featured_media":2839,"comment_status":"open","ping_status":"closed","template":"","meta":[],"product_cat":[202,212,96],"product_tag":[34,37,36,97],"class_list":["post-2553","product","type-product","status-publish","has-post-thumbnail","hentry","product_cat-295-80r22-5","product_cat-trailer","product_cat-xbri","product_tag-llantas","product_tag-llantas-de-camiones","product_tag-llantas-de-transporte-de-carga","product_tag-xbri","product_shipping_class-envio-nacional"],"jetpack_sharing_enabled":true,"_links":{"self":[{"href":"https:\/\/www.fletxstore.com\/index.php\/wp-json\/wp\/v2\/product\/2553","targetHints":{"allow":["GET"]}}],"collection":[{"href":"https:\/\/www.fletxstore.com\/index.php\/wp-json\/wp\/v2\/product"}],"about":[{"href":"https:\/\/www.fletxstore.com\/index.php\/wp-json\/wp\/v2\/types\/product"}],"replies":[{"embeddable":true,"href":"https:\/\/www.fletxstore.com\/index.php\/wp-json\/wp\/v2\/comments?post=2553"}],"version-history":[{"count":5,"href":"https:\/\/www.fletxstore.com\/index.php\/wp-json\/wp\/v2\/product\/2553\/revisions"}],"predecessor-version":[{"id":2801,"href":"https:\/\/www.fletxstore.com\/index.php\/wp-json\/wp\/v2\/product\/2553\/revisions\/2801"}],"wp:featuredmedia":[{"embeddable":true,"href":"https:\/\/www.fletxstore.com\/index.php\/wp-json\/wp\/v2\/media\/2839"}],"wp:attachment":[{"href":"https:\/\/www.fletxstore.com\/index.php\/wp-json\/wp\/v2\/media?parent=2553"}],"wp:term":[{"taxonomy":"product_cat","embeddable":true,"href":"https:\/\/www.fletxstore.com\/index.php\/wp-json\/wp\/v2\/product_cat?post=2553"},{"taxonomy":"product_tag","embeddable":true,"href":"https:\/\/www.fletxstore.com\/index.php\/wp-json\/wp\/v2\/product_tag?post=2553"}],"curies":[{"name":"wp","href":"https:\/\/api.w.org\/{rel}","templated":true}]}}