{"id":2462,"date":"2022-08-18T21:17:17","date_gmt":"2022-08-18T21:17:17","guid":{"rendered":"https:\/\/tienda.fletx.co\/?post_type=product&#038;p=2462"},"modified":"2024-07-16T13:20:42","modified_gmt":"2024-07-16T13:20:42","slug":"goodyear-295-80r225-4","status":"publish","type":"product","link":"https:\/\/www.fletxstore.com\/index.php\/producto\/goodyear-295-80r225-4\/","title":{"rendered":"GOODYEAR KMAX EXTREME 295\/80R22,5"},"content":{"rendered":"<p>Tecnolog\u00eda IntelliMax Rib ofrece un desgaste uniforme de la banda de rodamiento proporcionando hasta 15 % m\u00e1s de kilometraje* en el servicio regional riguroso.<br \/>\nHombros anchos y robustos para un desgaste m\u00e1s uniforme y mayor agarre en pisos secos y mojados.<br \/>\nBanda de rodamiento m\u00e1s ancha y plana proveen un alto kilometraje a la banda original y una reducci\u00f3n del costo por kil\u00f3metro al final de la vida \u00fatil de la llanta.<\/p>\n","protected":false},"excerpt":{"rendered":"<ul id=\"tire-specs-box\" class=\"gy-table-row \">\n<li class=\"gy-item first-list\">Especificaciones :\n<div class=\"specs-table\"><span class=\"specs-title\">Peso de la Llanta<\/span><span class=\"specs-description\">63.51<\/span><\/div>\n<div class=\"specs-table\"><span class=\"specs-title\">Di\u00e1metro total (mm)<\/span><span class=\"specs-description\">1052.30<\/span><\/div>\n<div class=\"specs-table\"><span class=\"specs-title\">\u00cdndice de Carga para Montaje en Eje Simple<\/span><span class=\"specs-description\">152<\/span><\/div>\n<div class=\"specs-table\"><span class=\"specs-title\">\u00cdndice de Carga para Montaje en Eje Dual<\/span><span class=\"specs-description\">148<\/span><\/div>\n<div class=\"specs-table\"><span class=\"specs-title\">S\u00edmbolo de Rango de Velocidad<\/span><span class=\"specs-description\">K<\/span><\/div>\n<\/li>\n<li class=\"gy-item second-list\">\n<div class=\"specs-table\"><span class=\"specs-title\">Profundidad de la Banda de Rodamiento (mm)<\/span><span class=\"specs-description\">17.5<\/span><\/div>\n<div class=\"specs-table\"><span class=\"specs-title\">Capacidad de Carga<\/span><span class=\"specs-description\">H<\/span><\/div>\n<div class=\"specs-table\"><span class=\"specs-title\">M\u00e1xima Carga para Montaje en Eje Simple (kg)<\/span><span class=\"specs-description\">3550<\/span><\/div>\n<div class=\"specs-table\"><span class=\"specs-title\">Inflado Simple<\/span><span class=\"specs-description\">125<\/span><\/div>\n<div class=\"specs-table\"><span class=\"specs-title\">M\u00e1xima Carga para Montaje en Eje Dual (kg)<\/span><span class=\"specs-description\">3150<\/span><\/div>\n<div class=\"specs-table\"><span class=\"specs-title\">INFLADO DUAL<\/span><span class=\"specs-description\">125<\/span><\/div>\n<\/li>\n<\/ul>\n","protected":false},"featured_media":2595,"comment_status":"open","ping_status":"closed","template":"","meta":[],"product_cat":[202,30],"product_tag":[68,34,37,36],"class_list":["post-2462","product","type-product","status-publish","has-post-thumbnail","hentry","product_cat-295-80r22-5","product_cat-goodyear","product_tag-goodyear","product_tag-llantas","product_tag-llantas-de-camiones","product_tag-llantas-de-transporte-de-carga"],"jetpack_sharing_enabled":true,"_links":{"self":[{"href":"https:\/\/www.fletxstore.com\/index.php\/wp-json\/wp\/v2\/product\/2462","targetHints":{"allow":["GET"]}}],"collection":[{"href":"https:\/\/www.fletxstore.com\/index.php\/wp-json\/wp\/v2\/product"}],"about":[{"href":"https:\/\/www.fletxstore.com\/index.php\/wp-json\/wp\/v2\/types\/product"}],"replies":[{"embeddable":true,"href":"https:\/\/www.fletxstore.com\/index.php\/wp-json\/wp\/v2\/comments?post=2462"}],"version-history":[{"count":3,"href":"https:\/\/www.fletxstore.com\/index.php\/wp-json\/wp\/v2\/product\/2462\/revisions"}],"predecessor-version":[{"id":4205,"href":"https:\/\/www.fletxstore.com\/index.php\/wp-json\/wp\/v2\/product\/2462\/revisions\/4205"}],"wp:featuredmedia":[{"embeddable":true,"href":"https:\/\/www.fletxstore.com\/index.php\/wp-json\/wp\/v2\/media\/2595"}],"wp:attachment":[{"href":"https:\/\/www.fletxstore.com\/index.php\/wp-json\/wp\/v2\/media?parent=2462"}],"wp:term":[{"taxonomy":"product_cat","embeddable":true,"href":"https:\/\/www.fletxstore.com\/index.php\/wp-json\/wp\/v2\/product_cat?post=2462"},{"taxonomy":"product_tag","embeddable":true,"href":"https:\/\/www.fletxstore.com\/index.php\/wp-json\/wp\/v2\/product_tag?post=2462"}],"curies":[{"name":"wp","href":"https:\/\/api.w.org\/{rel}","templated":true}]}}