{"id":2459,"date":"2022-08-18T21:17:15","date_gmt":"2022-08-18T21:17:15","guid":{"rendered":"https:\/\/tienda.fletx.co\/?post_type=product&#038;p=2459"},"modified":"2024-07-16T13:14:26","modified_gmt":"2024-07-16T13:14:26","slug":"goodyear-295-80r225","status":"publish","type":"product","link":"https:\/\/www.fletxstore.com\/index.php\/producto\/goodyear-295-80r225\/","title":{"rendered":"GOODYEAR KMAX D 295\/80R22,5"},"content":{"rendered":"<ul>\n<li>Tecnolog\u00eda de tracci\u00f3n IntelliMax con nuevo compuesto para mayor kilometraje en la banda original<\/li>\n<li>Surcos extra profundos que proporcionan un desempe\u00f1o excepcional de la banda original reduciendo significativamente el costo por kil\u00f3metro de la vida \u00fatil de la llanta<\/li>\n<li>Trabas entre los bloques de los hombros para limitar su movimento, promiendo un desgaste m\u00e1s uniforme de la banda de rodamiento<\/li>\n<\/ul>\n","protected":false},"excerpt":{"rendered":"<p>295\/80R22.5 Goodyear Kmax D<\/p>\n","protected":false},"featured_media":2610,"comment_status":"open","ping_status":"closed","template":"","meta":[],"product_cat":[202,30],"product_tag":[68,34,37,36],"class_list":["post-2459","product","type-product","status-publish","has-post-thumbnail","hentry","product_cat-295-80r22-5","product_cat-goodyear","product_tag-goodyear","product_tag-llantas","product_tag-llantas-de-camiones","product_tag-llantas-de-transporte-de-carga"],"jetpack_sharing_enabled":true,"_links":{"self":[{"href":"https:\/\/www.fletxstore.com\/index.php\/wp-json\/wp\/v2\/product\/2459","targetHints":{"allow":["GET"]}}],"collection":[{"href":"https:\/\/www.fletxstore.com\/index.php\/wp-json\/wp\/v2\/product"}],"about":[{"href":"https:\/\/www.fletxstore.com\/index.php\/wp-json\/wp\/v2\/types\/product"}],"replies":[{"embeddable":true,"href":"https:\/\/www.fletxstore.com\/index.php\/wp-json\/wp\/v2\/comments?post=2459"}],"version-history":[{"count":5,"href":"https:\/\/www.fletxstore.com\/index.php\/wp-json\/wp\/v2\/product\/2459\/revisions"}],"predecessor-version":[{"id":2825,"href":"https:\/\/www.fletxstore.com\/index.php\/wp-json\/wp\/v2\/product\/2459\/revisions\/2825"}],"wp:featuredmedia":[{"embeddable":true,"href":"https:\/\/www.fletxstore.com\/index.php\/wp-json\/wp\/v2\/media\/2610"}],"wp:attachment":[{"href":"https:\/\/www.fletxstore.com\/index.php\/wp-json\/wp\/v2\/media?parent=2459"}],"wp:term":[{"taxonomy":"product_cat","embeddable":true,"href":"https:\/\/www.fletxstore.com\/index.php\/wp-json\/wp\/v2\/product_cat?post=2459"},{"taxonomy":"product_tag","embeddable":true,"href":"https:\/\/www.fletxstore.com\/index.php\/wp-json\/wp\/v2\/product_tag?post=2459"}],"curies":[{"name":"wp","href":"https:\/\/api.w.org\/{rel}","templated":true}]}}